{"id":613440,"date":"2025-08-10T12:27:11","date_gmt":"2025-08-10T10:27:11","guid":{"rendered":"https:\/\/lucacastelli.com\/prodotto\/milwaukee-prj12-18-m28\/"},"modified":"2025-08-10T12:27:11","modified_gmt":"2025-08-10T10:27:11","slug":"milwaukee-prj12-18-m28","status":"publish","type":"product","link":"https:\/\/lucacastelli.com\/fr\/produit\/milwaukee-prj12-18-m28\/","title":{"rendered":"MILWAUKEE PRJ12\/18-M28"},"content":{"rendered":"<p>PRJ12\/18-M28<br \/>\nM\u00e2choire \u00e0 anneau pivotant M -28mm<br \/>\nLes m\u00e2choires FORCE LOGIC\u2122 sont fabriqu\u00e9es pour atteindre les plus hauts standards de qualit\u00e9 de pressage et d&#8217;adh\u00e9rence de l&#8217;industrie ;Ces m\u00e2choires ont \u00e9t\u00e9 d\u00e9velopp\u00e9es pour \u00eatre facilement ouvertes avec un pouce et, lorsqu&#8217;elles sont associ\u00e9es aux machines de pressage FORCE LOGIC\u2122 M12\u2122 et M12\u2122, permettent un pressage d&#8217;une seule main ; Les m\u00e2choires permettent d&#8217;obtenir des raccords de pressage de haute qualit\u00e9 avec toutes les marques courantes de raccords<\/p>\n<p>4932500086<br \/>\n4058546572501.<\/p>\n","protected":false},"excerpt":{"rendered":"<p>M\u00e2choire \u00e0 anneau pivotant M -28mm<\/p>\n","protected":false},"featured_media":600645,"template":"","meta":{"_seopress_robots_primary_cat":"","_seopress_titles_title":"","_seopress_titles_desc":"","_seopress_robots_index":""},"product_brand":[3407],"product_cat":[5531,29,514],"product_tag":[3270],"class_list":{"0":"post-613440","1":"product","2":"type-product","3":"status-publish","4":"has-post-thumbnail","6":"product_brand-milwaukee","7":"product_cat-vari-macchinari-milwaukee","8":"product_cat-macchinari","9":"product_cat-altri-dispositivi","10":"product_tag-import-milwau","11":"sws-conto-ricavi-merci-rivendita-macchinari-fr","12":"sws-gruppo-iva-iva81-fr","14":"first","15":"onbackorder","16":"sale","17":"shipping-taxable","18":"purchasable","19":"product-type-simple"},"_links":{"self":[{"href":"https:\/\/lucacastelli.com\/fr\/wp-json\/wp\/v2\/product\/613440","targetHints":{"allow":["GET"]}}],"collection":[{"href":"https:\/\/lucacastelli.com\/fr\/wp-json\/wp\/v2\/product"}],"about":[{"href":"https:\/\/lucacastelli.com\/fr\/wp-json\/wp\/v2\/types\/product"}],"wp:featuredmedia":[{"embeddable":true,"href":"https:\/\/lucacastelli.com\/fr\/wp-json\/wp\/v2\/media\/600645"}],"wp:attachment":[{"href":"https:\/\/lucacastelli.com\/fr\/wp-json\/wp\/v2\/media?parent=613440"}],"wp:term":[{"taxonomy":"product_brand","embeddable":true,"href":"https:\/\/lucacastelli.com\/fr\/wp-json\/wp\/v2\/product_brand?post=613440"},{"taxonomy":"product_cat","embeddable":true,"href":"https:\/\/lucacastelli.com\/fr\/wp-json\/wp\/v2\/product_cat?post=613440"},{"taxonomy":"product_tag","embeddable":true,"href":"https:\/\/lucacastelli.com\/fr\/wp-json\/wp\/v2\/product_tag?post=613440"}],"curies":[{"name":"wp","href":"https:\/\/api.w.org\/{rel}","templated":true}]}}