{"id":613422,"date":"2025-08-10T12:26:21","date_gmt":"2025-08-10T10:26:21","guid":{"rendered":"https:\/\/lucacastelli.com\/prodotto\/milwaukee-m18onepp2-0x-powerpack-parts\/"},"modified":"2025-10-24T10:04:43","modified_gmt":"2025-10-24T08:04:43","slug":"milwaukee-m18onepp2-0x-powerpack-parts","status":"publish","type":"product","link":"https:\/\/lucacastelli.com\/fr\/produit\/milwaukee-m18onepp2-0x-powerpack-parts\/","title":{"rendered":"MILWAUKEE M18ONEPP2-0X POWERPACK PARTS"},"content":{"rendered":"<p>M18ONEPP2Y-0X POWERPACK PARTS<br \/>\nCl\u00e9 \u00e0 chocs sans fil M18ONEFHIWF34 3\/4 pouces;Cl\u00e9 \u00e0 chocs M18 FUEL avec technologie ONE-KEY\u2122 capable de fournir un couple de 1627 Nm dans un format compact (seulement 213 mm de long);Syst\u00e8me DRIVE CONTROL \u00e0 4 modes qui permet de choisir parmi quatre r\u00e9glages de vitesse et de couple diff\u00e9rents pour un maximum de flexibilit\u00e9 dans les diff\u00e9rentes applications ;Quatri\u00e8me mode pour un couple maximal et un contr\u00f4le in\u00e9gal\u00e9 dans le retrait des boulons;Capable de r\u00e9p\u00e9ter des applications avec une pr\u00e9cision de couple extr\u00eame;Le syst\u00e8me de suivi et de s\u00e9curit\u00e9 ONE-KEY\u2122 offre un suivi et une gestion des stocks gratuits bas\u00e9s sur le cloud, avec \u00e9galement des fonctionnalit\u00e9s de verrouillage \u00e0 distance et de personnalisation des performances de l&#8217;outil;La technologie FUEL red\u00e9finit les outils \u00e9lectriques sans fil. Le moteur sans balai, l&#8217;\u00e9lectronique REDLINK PLUS\u2122 et le bloc-batterie REDLITHIUM\u2122 offrent des performances et une durabilit\u00e9 sup\u00e9rieures;Douille carr\u00e9e 3\/4 avec bague de frottement;Fonctionne avec toutes les batteries Milwaukee\u00ae M18;Pistolet \u00e0 graisse sans fil M18GG;Le puissant moteur de 18 V d\u00e9livre une pression de plus de 690 bars ;REDLINK\u2122 &#8211; technologie de protection contre les surcharges pour l&#8217;outil et la batterie pour une dur\u00e9e de vie maximale;Autonomie maximale, jusqu&#8217;\u00e0 7 cartouches sur une charge;Ergonomique et maniable, seulement 355 mm de long et 3,9 kg de poids;Valve de d\u00e9gazage;Carter de tuyau int\u00e9gr\u00e9, courroie et LED d&#8217;\u00e9tat de charge de la batterie;Valve pour utilisation avec une pompe \u00e0 graisse externe;Trois possibilit\u00e9s d&#8217;application : avec cartouche de 400 ml, 473 ml de graisse en vrac, capacit\u00e9 du bidon : 400 ml de cartouche, 473 ml en vrac;Surveillance des cellules individuelles de la batterie pour assurer une consommation uniforme du bloc-batterie et une dur\u00e9e de vie et une durabilit\u00e9 accrues;Indicateur d&#8217;\u00e9tat de charge de la batterie;La batterie REDLITHIUM\u2122 offre une construction de bloc-batterie sup\u00e9rieure, des composants \u00e9lectroniques et des performances constantes pour fournir plus d&#8217;autonomie et plus de travail pendant la dur\u00e9e de vie de la batterie;Plateforme de batterie de 18V : fonctionne avec toutes les batteries Milwaukee M18;Lunettes de protection transparentes anti-rayures et anti-bu\u00e9e;L\u00e9g\u00e8res, pour un plus grand confort d&#8217;utilisation;Lentilles anti-rayures;Lentilles anti-bu\u00e9e;Branches lat\u00e9rales confortables et flexibles pour un plus grand confort;Certification europ\u00e9enne : EN166 et EN170 \/ EN172;Bouchons d&#8217;oreille avec cordon;Att\u00e9nuation efficace du bruit SNR = 31 dB;Cordon confortable permettant de placer les bouchons d&#8217;oreille autour du cou lorsqu&#8217;ils ne sont pas utilis\u00e9s;Construits en silicone souple, pour un confort maximal m\u00eame en cas d&#8217;utilisation prolong\u00e9e. R\u00e9utilisables, lavables \u00e0 l&#8217;eau courante avec un savon doux;Gr\u00e2ce \u00e0 leur conception, ils sont faciles et rapides \u00e0 mettre en place pour un ajustement maximal;Etui rigide pratique inclus, pour ranger les bouchons d&#8217;oreille apr\u00e8s utilisation;Certification europ\u00e9enne pour les protecteurs auditifs &#8211; Bouchons d&#8217;oreille : EN 352-2;Pack de trois bouchons d&#8217;oreille avec cordon + un \u00e9tui pratique;EPI CAT III.  <\/p>\n<p>4933499415<br \/>\n4058546565794<\/p>\n","protected":false},"excerpt":{"rendered":"<p>M18ONEPP2Y-0X POWERPACK PARTS<\/p>\n","protected":false},"featured_media":600679,"template":"","meta":{"_seopress_robots_primary_cat":"none","_seopress_titles_title":"","_seopress_titles_desc":"","_seopress_robots_index":""},"product_brand":[3407],"product_cat":[5531,29,514],"product_tag":[3270],"class_list":{"0":"post-613422","1":"product","2":"type-product","3":"status-publish","4":"has-post-thumbnail","6":"product_brand-milwaukee","7":"product_cat-vari-macchinari-milwaukee","8":"product_cat-macchinari","9":"product_cat-altri-dispositivi","10":"product_tag-import-milwau","11":"sws-gruppo-macchinari-fr","12":"sws-conto-ricavi-merci-rivendita-macchinari-fr","13":"sws-gruppo-iva-iva81-fr","15":"first","16":"onbackorder","17":"sale","18":"shipping-taxable","19":"purchasable","20":"product-type-simple"},"_links":{"self":[{"href":"https:\/\/lucacastelli.com\/fr\/wp-json\/wp\/v2\/product\/613422","targetHints":{"allow":["GET"]}}],"collection":[{"href":"https:\/\/lucacastelli.com\/fr\/wp-json\/wp\/v2\/product"}],"about":[{"href":"https:\/\/lucacastelli.com\/fr\/wp-json\/wp\/v2\/types\/product"}],"wp:featuredmedia":[{"embeddable":true,"href":"https:\/\/lucacastelli.com\/fr\/wp-json\/wp\/v2\/media\/600679"}],"wp:attachment":[{"href":"https:\/\/lucacastelli.com\/fr\/wp-json\/wp\/v2\/media?parent=613422"}],"wp:term":[{"taxonomy":"product_brand","embeddable":true,"href":"https:\/\/lucacastelli.com\/fr\/wp-json\/wp\/v2\/product_brand?post=613422"},{"taxonomy":"product_cat","embeddable":true,"href":"https:\/\/lucacastelli.com\/fr\/wp-json\/wp\/v2\/product_cat?post=613422"},{"taxonomy":"product_tag","embeddable":true,"href":"https:\/\/lucacastelli.com\/fr\/wp-json\/wp\/v2\/product_tag?post=613422"}],"curies":[{"name":"wp","href":"https:\/\/api.w.org\/{rel}","templated":true}]}}