{"id":613410,"date":"2025-08-10T12:26:23","date_gmt":"2025-08-10T10:26:23","guid":{"rendered":"https:\/\/lucacastelli.com\/prodotto\/milwaukee-laser-lineaire-vert-m12-3-lignes-360\/"},"modified":"2025-08-10T12:26:23","modified_gmt":"2025-08-10T10:26:23","slug":"milwaukee-laser-lineaire-vert-m12-3-lignes-360","status":"publish","type":"product","link":"https:\/\/lucacastelli.com\/fr\/produit\/milwaukee-laser-lineaire-vert-m12-3-lignes-360\/","title":{"rendered":"Milwaukee Laser lin\u00e9aire vert M12\u2122 3 lignes 360\u00b0."},"content":{"rendered":"<p>Laser lin\u00e9aire vert M12\u2122 3 lignes 360\u00b0<br \/>\nM123PLSKIT-401P LASER DETECTOR<br \/>\nUne ligne horizontale et deux lignes verticales pour l&#8217;alignement, le nivellement, l&#8217;\u00e9querrage et le transfert de points pour un am\u00e9nagement de l&#8217;espace facile avec un seul outil;Laser vert haute intensit\u00e9 pour une visibilit\u00e9 sans compromis : jusqu&#8217;\u00e0 4 fois plus visible que les lasers rouges;Port\u00e9e 38 m (50 m avec le r\u00e9cepteur laser LLD50, 100 m avec le r\u00e9cepteur laser LRD100);Batterie M12 4.0 Ah garantit une autonomie de plus de 15 heures;Syst\u00e8me de pendule en 3 modes : manuel pour une utilisation sous n&#8217;importe quel angle, autonivelant avec indication de d\u00e9salignement avec 4 degr\u00e9s de variation et pendule verrouill\u00e9 pour une protection accrue pendant le transport;Aimants, filetages de tr\u00e9pieds de 1\/4 pouce et 5\/8 pouce et trous int\u00e9gr\u00e9s : fixation facile \u00e0 l&#8217;acier, au bois et au tr\u00e9pied;Rotation de 330 degr\u00e9s du laser avec roue de micro-alignement pour des r\u00e9glages pr\u00e9cis et rapides;Indice IP 54, r\u00e9sistance aux chutes de 1 m;Fonctionne avec toutes les batteries Milwaukee\u00ae M12\u2122;Comprend 1 viseur \u00e0 haute visibilit\u00e9 et 1 pince de fixation murale.<\/p>\n<p>4933499379<br \/>\n4058546565435<\/p>\n","protected":false},"excerpt":{"rendered":"<p>M123PLSKIT-401P D\u00c9TECTEUR DE LASER<\/p>\n","protected":false},"featured_media":442426,"template":"","meta":{"_seopress_robots_primary_cat":"","_seopress_titles_title":"","_seopress_titles_desc":"","_seopress_robots_index":""},"product_brand":[3658],"product_cat":[1453,5532,167],"product_tag":[3273],"class_list":{"0":"post-613410","1":"product","2":"type-product","3":"status-publish","4":"has-post-thumbnail","6":"product_brand-milwaukee-fr","7":"product_cat-autres-appareils","8":"product_cat-diverses-machines-milwaukee","9":"product_cat-machines","10":"product_tag-import-milwau-fr","11":"sws-conto-ricavi-merci-rivendita-macchinari-fr","12":"sws-gruppo-iva-iva81-fr","14":"first","15":"onbackorder","16":"sale","17":"shipping-taxable","18":"purchasable","19":"product-type-simple"},"_links":{"self":[{"href":"https:\/\/lucacastelli.com\/fr\/wp-json\/wp\/v2\/product\/613410","targetHints":{"allow":["GET"]}}],"collection":[{"href":"https:\/\/lucacastelli.com\/fr\/wp-json\/wp\/v2\/product"}],"about":[{"href":"https:\/\/lucacastelli.com\/fr\/wp-json\/wp\/v2\/types\/product"}],"wp:featuredmedia":[{"embeddable":true,"href":"https:\/\/lucacastelli.com\/fr\/wp-json\/wp\/v2\/media\/442426"}],"wp:attachment":[{"href":"https:\/\/lucacastelli.com\/fr\/wp-json\/wp\/v2\/media?parent=613410"}],"wp:term":[{"taxonomy":"product_brand","embeddable":true,"href":"https:\/\/lucacastelli.com\/fr\/wp-json\/wp\/v2\/product_brand?post=613410"},{"taxonomy":"product_cat","embeddable":true,"href":"https:\/\/lucacastelli.com\/fr\/wp-json\/wp\/v2\/product_cat?post=613410"},{"taxonomy":"product_tag","embeddable":true,"href":"https:\/\/lucacastelli.com\/fr\/wp-json\/wp\/v2\/product_tag?post=613410"}],"curies":[{"name":"wp","href":"https:\/\/api.w.org\/{rel}","templated":true}]}}