{"id":613409,"date":"2025-08-10T12:26:18","date_gmt":"2025-08-10T10:26:18","guid":{"rendered":"https:\/\/lucacastelli.com\/prodotto\/milwaukee-ponceuse-orbitale-aleatoire-6\/"},"modified":"2025-08-10T12:26:18","modified_gmt":"2025-08-10T10:26:18","slug":"milwaukee-ponceuse-orbitale-aleatoire-6","status":"publish","type":"product","link":"https:\/\/lucacastelli.com\/fr\/produit\/milwaukee-ponceuse-orbitale-aleatoire-6\/","title":{"rendered":"Milwaukee Ponceuse orbitale al\u00e9atoire"},"content":{"rendered":"<p>M18 FROS125-502X \/ PONCEUSES DE BOIS<br \/>\nLa ponceuse M18 FUEL poss\u00e8de une orbite de 2,5 mm \u00e0 12000 tours\/minute permettant un enl\u00e8vement rapide et efficace de 220 g de mat\u00e9riau par charge d&#8217;une batterie de 5.0 Ah;\u00c9quip\u00e9e de la technologie VacLink qui permet \u00e0 l&#8217;outil d&#8217;allumer et d&#8217;\u00e9teindre les aspirateurs Milwaukee compatibles via Bluetooth\u00ae;\u00c9quip\u00e9e de l&#8217;adaptateur DEK26 qui s&#8217;adapte directement \u00e0 tous les aspirateurs Milwaukee. Avec une efficacit\u00e9 de d\u00e9poussi\u00e9rage de 95 % ;Faible niveau de vibrations jusqu&#8217;\u00e0 6,63 ms\u00b2 permettant \u00e0 l&#8217;utilisateur de poncer en toute s\u00e9curit\u00e9 plus longtemps ;Moteur haute performance offre 6000 \u00e0 12000 tours\/minute avec une orbite de 2,5 mm et un choix de cinq r\u00e9glages de vitesse. Permet de r\u00e9gler la vitesse ad\u00e9quate pour le pon\u00e7age de diff\u00e9rents types de mat\u00e9riaux;Ergonomie et poign\u00e9e am\u00e9lior\u00e9es pour un plus grand confort de l&#8217;utilisateur pendant les longues p\u00e9riodes de pon\u00e7age, faible poids de seulement 1,45 kg;Plateau de pon\u00e7age universel avec crochet et boucle permettant de changer facilement les disques de pon\u00e7age;La technologie FUEL red\u00e9finit les outils \u00e9lectriques sans fil. Le moteur sans balais, l&#8217;\u00e9lectronique REDLINK PLUS\u2122 et le bloc-batterie REDLITHIUM\u2122 offrent des performances et une durabilit\u00e9 sup\u00e9rieures;Fonctionne avec toutes les batteries M18 MILWAUKEEE\u00ae.   <\/p>\n<p>4933498254<br \/>\n4058546521233<\/p>\n","protected":false},"excerpt":{"rendered":"<p>M18 FROS125-502X \/ PONCEUSES \u00c0 BOIS<\/p>\n","protected":false},"featured_media":589936,"template":"","meta":{"_seopress_robots_primary_cat":"","_seopress_titles_title":"","_seopress_titles_desc":"","_seopress_robots_index":""},"product_brand":[3407],"product_cat":[5531,29,514],"product_tag":[3270],"class_list":{"0":"post-613409","1":"product","2":"type-product","3":"status-publish","4":"has-post-thumbnail","6":"product_brand-milwaukee","7":"product_cat-vari-macchinari-milwaukee","8":"product_cat-macchinari","9":"product_cat-altri-dispositivi","10":"product_tag-import-milwau","11":"sws-conto-ricavi-merci-rivendita-macchinari-fr","12":"sws-gruppo-iva-iva81-fr","14":"first","15":"onbackorder","16":"sale","17":"shipping-taxable","18":"purchasable","19":"product-type-simple"},"_links":{"self":[{"href":"https:\/\/lucacastelli.com\/fr\/wp-json\/wp\/v2\/product\/613409","targetHints":{"allow":["GET"]}}],"collection":[{"href":"https:\/\/lucacastelli.com\/fr\/wp-json\/wp\/v2\/product"}],"about":[{"href":"https:\/\/lucacastelli.com\/fr\/wp-json\/wp\/v2\/types\/product"}],"wp:featuredmedia":[{"embeddable":true,"href":"https:\/\/lucacastelli.com\/fr\/wp-json\/wp\/v2\/media\/589936"}],"wp:attachment":[{"href":"https:\/\/lucacastelli.com\/fr\/wp-json\/wp\/v2\/media?parent=613409"}],"wp:term":[{"taxonomy":"product_brand","embeddable":true,"href":"https:\/\/lucacastelli.com\/fr\/wp-json\/wp\/v2\/product_brand?post=613409"},{"taxonomy":"product_cat","embeddable":true,"href":"https:\/\/lucacastelli.com\/fr\/wp-json\/wp\/v2\/product_cat?post=613409"},{"taxonomy":"product_tag","embeddable":true,"href":"https:\/\/lucacastelli.com\/fr\/wp-json\/wp\/v2\/product_tag?post=613409"}],"curies":[{"name":"wp","href":"https:\/\/api.w.org\/{rel}","templated":true}]}}