{"id":613405,"date":"2025-08-10T12:26:19","date_gmt":"2025-08-10T10:26:19","guid":{"rendered":"https:\/\/lucacastelli.com\/prodotto\/milwaukee-palan-a-chaine\/"},"modified":"2025-08-10T12:26:19","modified_gmt":"2025-08-10T10:26:19","slug":"milwaukee-palan-a-chaine","status":"publish","type":"product","link":"https:\/\/lucacastelli.com\/fr\/produit\/milwaukee-palan-a-chaine\/","title":{"rendered":"Milwaukee Palan \u00e0 cha\u00eene"},"content":{"rendered":"<p>M18 BLCHTO-121 \/ TREUIL<br \/>\nCapacit\u00e9 de levage de 1 tonne, pour soulever une vari\u00e9t\u00e9 de mat\u00e9riaux;Hauteur de levage jusqu&#8217;\u00e0 6 m pour couvrir toutes les applications;Fonctionne via une t\u00e9l\u00e9commande, pour un fonctionnement \u00e0 distance en toute s\u00e9curit\u00e9;Arr\u00eat de la cha\u00eene en 1 seconde pour un travail pr\u00e9cis et s\u00fbr;Micro mouvements et d\u00e9marrage en douceur, pour une pr\u00e9cision maximale;S&#8217;arr\u00eate automatiquement lorsque la cha\u00eene de charge est compl\u00e8tement r\u00e9tract\u00e9e ou d\u00e9ploy\u00e9e.Compatible avec une large gamme d&#8217;accessoires de levage et d&#8217;abaissement;Faible encombrement pour les op\u00e9rations \u00e0 proximit\u00e9 du plafond;Sac \u00e0 cha\u00eene robuste pour une manipulation et un transport faciles;Inspection du treuil \u00e0 intervalles et stockage des donn\u00e9es via le syst\u00e8me ONE-KEY\u2122;Le moteur sans balais, l&#8217;\u00e9lectronique REDLINK PLUS\u2122 et le bloc-batterie REDLITHIUM\u2122 offrent des performances et une durabilit\u00e9 sup\u00e9rieures;Fonctionne avec toutes les batteries MILWAUKEEE\u00ae M18.<\/p>\n<p>4933500224<br \/>\n4058546615260<\/p>\n","protected":false},"excerpt":{"rendered":"<p>M18 BLCHTO-121 \/ TREUIL<\/p>\n","protected":false},"featured_media":589688,"template":"","meta":{"_seopress_robots_primary_cat":"","_seopress_titles_title":"","_seopress_titles_desc":"","_seopress_robots_index":""},"product_brand":[3658],"product_cat":[5532,167,1453],"product_tag":[3273],"class_list":{"0":"post-613405","1":"product","2":"type-product","3":"status-publish","4":"has-post-thumbnail","6":"product_brand-milwaukee-fr","7":"product_cat-diverses-machines-milwaukee","8":"product_cat-machines","9":"product_cat-autres-appareils","10":"product_tag-import-milwau-fr","11":"sws-conto-ricavi-merci-rivendita-macchinari-fr","12":"sws-gruppo-iva-iva81-fr","14":"first","15":"onbackorder","16":"sale","17":"shipping-taxable","18":"purchasable","19":"product-type-simple"},"_links":{"self":[{"href":"https:\/\/lucacastelli.com\/fr\/wp-json\/wp\/v2\/product\/613405","targetHints":{"allow":["GET"]}}],"collection":[{"href":"https:\/\/lucacastelli.com\/fr\/wp-json\/wp\/v2\/product"}],"about":[{"href":"https:\/\/lucacastelli.com\/fr\/wp-json\/wp\/v2\/types\/product"}],"wp:featuredmedia":[{"embeddable":true,"href":"https:\/\/lucacastelli.com\/fr\/wp-json\/wp\/v2\/media\/589688"}],"wp:attachment":[{"href":"https:\/\/lucacastelli.com\/fr\/wp-json\/wp\/v2\/media?parent=613405"}],"wp:term":[{"taxonomy":"product_brand","embeddable":true,"href":"https:\/\/lucacastelli.com\/fr\/wp-json\/wp\/v2\/product_brand?post=613405"},{"taxonomy":"product_cat","embeddable":true,"href":"https:\/\/lucacastelli.com\/fr\/wp-json\/wp\/v2\/product_cat?post=613405"},{"taxonomy":"product_tag","embeddable":true,"href":"https:\/\/lucacastelli.com\/fr\/wp-json\/wp\/v2\/product_tag?post=613405"}],"curies":[{"name":"wp","href":"https:\/\/api.w.org\/{rel}","templated":true}]}}