{"id":613403,"date":"2025-08-10T12:26:17","date_gmt":"2025-08-10T10:26:17","guid":{"rendered":"https:\/\/lucacastelli.com\/prodotto\/milwaukee-ponceuse-orbitale-aleatoire-5\/"},"modified":"2025-08-10T12:26:17","modified_gmt":"2025-08-10T10:26:17","slug":"milwaukee-ponceuse-orbitale-aleatoire-5","status":"publish","type":"product","link":"https:\/\/lucacastelli.com\/fr\/produit\/milwaukee-ponceuse-orbitale-aleatoire-5\/","title":{"rendered":"Milwaukee Ponceuse orbitale al\u00e9atoire"},"content":{"rendered":"<p>M12 FROS2.5-0 \/ SANDERS<br \/>\nMoteur haute performance : 6400 \u00e0 24000 coups par minute pour un enl\u00e8vement de mati\u00e8re plus rapide;Ponceuse avec orbite de 2,5 mm : parfaite dans l&#8217;atelier de carrosserie pour l&#8217;application de l&#8217;appr\u00eat et de la couche de finition;Roue lat\u00e9rale r\u00e9glable avec 8 vitesses, pour atteindre la bonne vitesse pour diff\u00e9rentes applications;Conception compacte et ergonomique pour un travail sans fatigue;Tr\u00e8s l\u00e9g\u00e8re : seulement 0,95 kg et 1,35 kg avec une batterie de 5.0 Ah (M12 HB5);Dites adieu aux fastidieux changements de patins de pon\u00e7age \u00e0 l&#8217;aide de cl\u00e9s : changement sans outil en moins de 2 secondes d&#8217;un simple mouvement de levier;Fixation du patin d&#8217;aspiration montable \u00e0 gauche et \u00e0 droite pour droitier et gaucher;Patin de support Velcro universel pour un changement facile des papiers abrasifs;Adaptateur de patin d&#8217;aspiration inclus, compatible avec tous les aspirateurs Milwaukee\u00ae et 32 mm, 47,5 mm et 63,5 mm (1.25 pouces, 1,875 pouces et 2,5 pouces);La technologie FUEL red\u00e9finit les outils \u00e9lectriques sans fil. Le moteur sans balais, l&#8217;\u00e9lectronique REDLINK PLUS\u2122 et la batterie REDLITHIUM\u2122 offrent des performances et une durabilit\u00e9 sup\u00e9rieures;Fonctionne avec toutes les batteries M12\u2122 Milwaukee;Jusqu&#8217;\u00e0 10 portes de voiture prises en sandwich avec une batterie M12M12\u2122 HIGH OUTPUT\u2122 5,0 Ah (M12 HB5). <\/p>\n<p>4933493647<br \/>\n4058546485184<\/p>\n","protected":false},"excerpt":{"rendered":"<p>M12 FROS2.5-0 \/ SANDERS<\/p>\n","protected":false},"featured_media":590104,"template":"","meta":{"_seopress_robots_primary_cat":"","_seopress_titles_title":"","_seopress_titles_desc":"","_seopress_robots_index":""},"product_brand":[3407],"product_cat":[5531,29,514],"product_tag":[3270],"class_list":{"0":"post-613403","1":"product","2":"type-product","3":"status-publish","4":"has-post-thumbnail","6":"product_brand-milwaukee","7":"product_cat-vari-macchinari-milwaukee","8":"product_cat-macchinari","9":"product_cat-altri-dispositivi","10":"product_tag-import-milwau","11":"sws-conto-ricavi-merci-rivendita-macchinari-fr","12":"sws-gruppo-iva-iva81-fr","14":"first","15":"onbackorder","16":"sale","17":"shipping-taxable","18":"purchasable","19":"product-type-simple"},"_links":{"self":[{"href":"https:\/\/lucacastelli.com\/fr\/wp-json\/wp\/v2\/product\/613403","targetHints":{"allow":["GET"]}}],"collection":[{"href":"https:\/\/lucacastelli.com\/fr\/wp-json\/wp\/v2\/product"}],"about":[{"href":"https:\/\/lucacastelli.com\/fr\/wp-json\/wp\/v2\/types\/product"}],"wp:featuredmedia":[{"embeddable":true,"href":"https:\/\/lucacastelli.com\/fr\/wp-json\/wp\/v2\/media\/590104"}],"wp:attachment":[{"href":"https:\/\/lucacastelli.com\/fr\/wp-json\/wp\/v2\/media?parent=613403"}],"wp:term":[{"taxonomy":"product_brand","embeddable":true,"href":"https:\/\/lucacastelli.com\/fr\/wp-json\/wp\/v2\/product_brand?post=613403"},{"taxonomy":"product_cat","embeddable":true,"href":"https:\/\/lucacastelli.com\/fr\/wp-json\/wp\/v2\/product_cat?post=613403"},{"taxonomy":"product_tag","embeddable":true,"href":"https:\/\/lucacastelli.com\/fr\/wp-json\/wp\/v2\/product_tag?post=613403"}],"curies":[{"name":"wp","href":"https:\/\/api.w.org\/{rel}","templated":true}]}}