{"id":613391,"date":"2025-08-10T12:26:12","date_gmt":"2025-08-10T10:26:12","guid":{"rendered":"https:\/\/lucacastelli.com\/prodotto\/milwaukee-m18-fuel-machine-a-fileter-1-1-4%cb%9d-avec-one-key-2\/"},"modified":"2025-08-10T12:26:12","modified_gmt":"2025-08-10T10:26:12","slug":"milwaukee-m18-fuel-machine-a-fileter-1-1-4%cb%9d-avec-one-key-2","status":"publish","type":"product","link":"https:\/\/lucacastelli.com\/fr\/produit\/milwaukee-m18-fuel-machine-a-fileter-1-1-4%cb%9d-avec-one-key-2\/","title":{"rendered":"Milwaukee M18 FUEL Machine \u00e0 fileter 1 1\/4\u02dd avec ONE-KEY\u2122."},"content":{"rendered":"<p>M18 FUEL Machine \u00e0 fileter 1 1\/4\u02dd avec ONE-KEY\u2122<br \/>\nM18 FPT114-802C \/ THREADERS<br \/>\nIl est possible de fileter des tuyaux de 1\/8 pouce jusqu&#8217;\u00e0 1 1\/4 pouce;Le syst\u00e8me AUTOSTOP\u2122 Anti Kickback verrouille et arr\u00eate l&#8217;outil lorsqu&#8217;il subit un rebond soudain afin de prot\u00e9ger l&#8217;op\u00e9rateur ;Sa conception compacte et son poids l\u00e9ger facilitent son utilisation, m\u00eame dans les espaces restreints;Compatible avec les nouvelles douilles Milwaukee FPT114H et Ridgid 11R jusqu&#8217;\u00e0 1 1\/4 pouce;Jusqu&#8217;\u00e0 50 filetages avec des tubes de 3\/4 de pouce avec une charge de batterie M18 HIGH OUTPUT\u2122 de 8.0 Ah;Poign\u00e9e lat\u00e9rale pour \u00e9viter tout contact avec la douille pendant les op\u00e9rations de filetage;Le moteur sans balais POWERSTATE\u2122 assure des performances m\u00eame en cas de stress, l&#8217;\u00e9lectronique REDLINK PLUS\u2122 offre une protection accrue contre les surcharges pour l&#8217;outil et le bloc-batterie, ce qui garantit une plus longue dur\u00e9e de vie dans les applications intensives. Le bloc-batterie REDLITHIUM\u2122 assure une construction avanc\u00e9e du bloc-batterie et des performances constantes pour offrir une dur\u00e9e de vie plus longue et maximiser l&#8217;autonomie de la batterie;Le syst\u00e8me de suivi et de s\u00e9curit\u00e9 ONE-KEY\u2122 offre un suivi et une gestion de l&#8217;inventaire gratuits bas\u00e9s sur le cloud, y compris une fonctionnalit\u00e9 de verrouillage \u00e0 distance;Fonctionne avec toutes les batteries de la plateforme M18. <\/p>\n<p>4933499198<br \/>\n4058546563622<\/p>\n","protected":false},"excerpt":{"rendered":"<p>M18 FPT114-802C \/ MACHINES \u00c0 FILETER<\/p>\n","protected":false},"featured_media":590451,"template":"","meta":{"_seopress_robots_primary_cat":"","_seopress_titles_title":"","_seopress_titles_desc":"","_seopress_robots_index":""},"product_brand":[3407],"product_cat":[5531,29,514],"product_tag":[3270],"class_list":{"0":"post-613391","1":"product","2":"type-product","3":"status-publish","4":"has-post-thumbnail","6":"product_brand-milwaukee","7":"product_cat-vari-macchinari-milwaukee","8":"product_cat-macchinari","9":"product_cat-altri-dispositivi","10":"product_tag-import-milwau","11":"sws-conto-ricavi-merci-rivendita-macchinari-fr","12":"sws-gruppo-iva-iva81-fr","14":"first","15":"onbackorder","16":"sale","17":"shipping-taxable","18":"purchasable","19":"product-type-simple"},"_links":{"self":[{"href":"https:\/\/lucacastelli.com\/fr\/wp-json\/wp\/v2\/product\/613391","targetHints":{"allow":["GET"]}}],"collection":[{"href":"https:\/\/lucacastelli.com\/fr\/wp-json\/wp\/v2\/product"}],"about":[{"href":"https:\/\/lucacastelli.com\/fr\/wp-json\/wp\/v2\/types\/product"}],"wp:featuredmedia":[{"embeddable":true,"href":"https:\/\/lucacastelli.com\/fr\/wp-json\/wp\/v2\/media\/590451"}],"wp:attachment":[{"href":"https:\/\/lucacastelli.com\/fr\/wp-json\/wp\/v2\/media?parent=613391"}],"wp:term":[{"taxonomy":"product_brand","embeddable":true,"href":"https:\/\/lucacastelli.com\/fr\/wp-json\/wp\/v2\/product_brand?post=613391"},{"taxonomy":"product_cat","embeddable":true,"href":"https:\/\/lucacastelli.com\/fr\/wp-json\/wp\/v2\/product_cat?post=613391"},{"taxonomy":"product_tag","embeddable":true,"href":"https:\/\/lucacastelli.com\/fr\/wp-json\/wp\/v2\/product_tag?post=613391"}],"curies":[{"name":"wp","href":"https:\/\/api.w.org\/{rel}","templated":true}]}}