{"id":613275,"date":"2025-08-15T14:21:37","date_gmt":"2025-08-15T12:21:37","guid":{"rendered":"https:\/\/lucacastelli.com\/prodotto\/protos-maclip-light-ceinture-holder-support-de-ceinture\/"},"modified":"2026-04-15T03:53:04","modified_gmt":"2026-04-15T01:53:04","slug":"protos-maclip-light-ceinture-holder-support-de-ceinture","status":"publish","type":"product","link":"https:\/\/lucacastelli.com\/fr\/produit\/protos-maclip-light-ceinture-holder-support-de-ceinture\/","title":{"rendered":"Support de ceinture Protos\u00ae Maclip Light"},"content":{"rendered":"<p>Syst\u00e8me de clip magn\u00e9tique pour la fixation \u00e0 la ceinture. Le support de ceinture est fabriqu\u00e9 en cuir v\u00e9ritable et est \u00e9quip\u00e9 du support de base PARASNAP\u00ae uni. La lampe de s\u00e9curit\u00e9 doit \u00eatre \u00e9quip\u00e9e des supports 204044 (Protos\u00ae Maclip Light Mini) ou 204075 (Protos\u00ae Maclip Light).<br \/>\nInformations<br \/>\nLe montage du support Maclip Light Protos\u00ae (204076) sur le Protos\u00ae doit \u00eatre effectu\u00e9 exclusivement par du personnel sp\u00e9cialis\u00e9. En cas de nouvelle commande d\u2019un Protos\u00ae Integral, il peut \u00eatre command\u00e9 directement d\u2019usine. Les accessoires et les lampes peuvent \u00eatre achet\u00e9s comme pi\u00e8ces de rechange.<\/p>\n<p>Mat\u00e9riau : polyamide renforc\u00e9 de fibres de verre, cuir de b\u0153uf.<\/p>\n","protected":false},"excerpt":{"rendered":"<p>Syst\u00e8me de clip magn\u00e9tique pour la fixation \u00e0 la ceinture. Le support de ceinture est fabriqu\u00e9 en cuir v\u00e9ritable et<\/p>\n","protected":false},"featured_media":610158,"template":"","meta":{"_seopress_robots_primary_cat":"none","_seopress_titles_title":"","_seopress_titles_desc":"","_seopress_robots_index":""},"product_brand":[3458,4381],"product_cat":[33,537,815],"product_tag":[],"class_list":{"0":"post-613275","1":"product","2":"type-product","3":"status-publish","4":"has-post-thumbnail","6":"product_brand-pfanner","7":"product_brand-protos","8":"product_cat-attrezzature","9":"product_cat-attrezzatura-da-lavoro","10":"product_cat-caschi","11":"sws-gruppo-no-gruppo-fr","12":"sws-conto-ricavi-merci-rivendita-abbigliamento-fr","13":"sws-gruppo-iva-iva81-fr","15":"first","16":"instock","17":"shipping-taxable","18":"purchasable","19":"product-type-simple"},"_links":{"self":[{"href":"https:\/\/lucacastelli.com\/fr\/wp-json\/wp\/v2\/product\/613275","targetHints":{"allow":["GET"]}}],"collection":[{"href":"https:\/\/lucacastelli.com\/fr\/wp-json\/wp\/v2\/product"}],"about":[{"href":"https:\/\/lucacastelli.com\/fr\/wp-json\/wp\/v2\/types\/product"}],"wp:featuredmedia":[{"embeddable":true,"href":"https:\/\/lucacastelli.com\/fr\/wp-json\/wp\/v2\/media\/610158"}],"wp:attachment":[{"href":"https:\/\/lucacastelli.com\/fr\/wp-json\/wp\/v2\/media?parent=613275"}],"wp:term":[{"taxonomy":"product_brand","embeddable":true,"href":"https:\/\/lucacastelli.com\/fr\/wp-json\/wp\/v2\/product_brand?post=613275"},{"taxonomy":"product_cat","embeddable":true,"href":"https:\/\/lucacastelli.com\/fr\/wp-json\/wp\/v2\/product_cat?post=613275"},{"taxonomy":"product_tag","embeddable":true,"href":"https:\/\/lucacastelli.com\/fr\/wp-json\/wp\/v2\/product_tag?post=613275"}],"curies":[{"name":"wp","href":"https:\/\/api.w.org\/{rel}","templated":true}]}}