{"id":613271,"date":"2025-08-15T14:44:13","date_gmt":"2025-08-15T12:44:13","guid":{"rendered":"https:\/\/lucacastelli.com\/prodotto\/protos-maclip-light-mini\/"},"modified":"2026-03-16T12:55:16","modified_gmt":"2026-03-16T11:55:16","slug":"protos-maclip-light-mini","status":"publish","type":"product","link":"https:\/\/lucacastelli.com\/fr\/produit\/protos-maclip-light-mini\/","title":{"rendered":"Protos\u00ae Maclip Light mini"},"content":{"rendered":"<p>La lumi\u00e8re Maclip est une lumi\u00e8re de s\u00e9curit\u00e9 \u00e0 LED qui peut \u00eatre mont\u00e9e \u00e0 l&#8217;ext\u00e9rieur, \u00e0 gauche ou \u00e0 droite, sur le Protos\u00ae. Cette lampe est certifi\u00e9e par DEKRA et n&#8217;est pas conductrice. En outre, elle est antid\u00e9flagrante conform\u00e9ment aux zones ATEX 1 et 21. Avec un flux lumineux de ~120 lumens, la lampe produit une luminosit\u00e9 suffisante pour la plupart des activit\u00e9s. La lampe Maclip se fixe au Protos\u00ae gr\u00e2ce \u00e0 un syst\u00e8me magn\u00e9tique. Ce syst\u00e8me convient \u00e9galement pour la fixation \u00e0 la ceinture.<br \/>\nLa Protos\u00ae Maclip Light mini a une puissance de 30 lumens, est 100 % \u00e9tanche et peut \u00eatre utilis\u00e9e des deux c\u00f4t\u00e9s. En outre, la Protos\u00ae Maclip Light mini est antid\u00e9flagrante conform\u00e9ment \u00e0 la zone 1 de l&#8217;ATEX et certifi\u00e9e par DEKRA.<br \/>\nInformations<br \/>\nLe montage du support Protos\u00ae Maclip Light (204076) sur le Protos\u00ae ne doit \u00eatre effectu\u00e9 que par du personnel form\u00e9. Dans le cas d&#8217;une nouvelle commande d&#8217;un Protos\u00ae Integral, il peut \u00eatre command\u00e9 directement \u00e0 l&#8217;usine. Les accessoires et les lampes peuvent \u00eatre achet\u00e9s en tant que pi\u00e8ces d\u00e9tach\u00e9es.        <\/p>\n<p>Mat\u00e9riau : 100% polycarbonate<br \/>\nPiles : 2x alcalines AAA<br \/>\nZone de s\u00e9curit\u00e9 : Zone 1<br \/>\nFlux lumineux : 30 lumens<br \/>\nPort\u00e9e lumineuse : environ 35 m<br \/>\nClasse de protection : II 2G Ex ib IIB T4 Gb<br \/>\nSource lumineuse : CREE LED (1W)<\/p>\n","protected":false},"excerpt":{"rendered":"<p>La lumi\u00e8re Maclip est une lumi\u00e8re de s\u00e9curit\u00e9 \u00e0 LED qui peut \u00eatre mont\u00e9e \u00e0 l&#8217;ext\u00e9rieur, \u00e0 gauche ou \u00e0<\/p>\n","protected":false},"featured_media":610191,"template":"","meta":{"_seopress_robots_primary_cat":"none","_seopress_titles_title":"","_seopress_titles_desc":"","_seopress_robots_index":""},"product_brand":[3458,4381],"product_cat":[33,537,815],"product_tag":[],"class_list":{"0":"post-613271","1":"product","2":"type-product","3":"status-publish","4":"has-post-thumbnail","6":"product_brand-pfanner","7":"product_brand-protos","8":"product_cat-attrezzature","9":"product_cat-attrezzatura-da-lavoro","10":"product_cat-caschi","11":"sws-gruppo-no-gruppo","12":"sws-conto-ricavi-merci-rivendita-abbigliamento","13":"sws-gruppo-iva-iva81","15":"first","16":"instock","17":"shipping-taxable","18":"purchasable","19":"product-type-simple"},"_links":{"self":[{"href":"https:\/\/lucacastelli.com\/fr\/wp-json\/wp\/v2\/product\/613271","targetHints":{"allow":["GET"]}}],"collection":[{"href":"https:\/\/lucacastelli.com\/fr\/wp-json\/wp\/v2\/product"}],"about":[{"href":"https:\/\/lucacastelli.com\/fr\/wp-json\/wp\/v2\/types\/product"}],"wp:featuredmedia":[{"embeddable":true,"href":"https:\/\/lucacastelli.com\/fr\/wp-json\/wp\/v2\/media\/610191"}],"wp:attachment":[{"href":"https:\/\/lucacastelli.com\/fr\/wp-json\/wp\/v2\/media?parent=613271"}],"wp:term":[{"taxonomy":"product_brand","embeddable":true,"href":"https:\/\/lucacastelli.com\/fr\/wp-json\/wp\/v2\/product_brand?post=613271"},{"taxonomy":"product_cat","embeddable":true,"href":"https:\/\/lucacastelli.com\/fr\/wp-json\/wp\/v2\/product_cat?post=613271"},{"taxonomy":"product_tag","embeddable":true,"href":"https:\/\/lucacastelli.com\/fr\/wp-json\/wp\/v2\/product_tag?post=613271"}],"curies":[{"name":"wp","href":"https:\/\/api.w.org\/{rel}","templated":true}]}}