{"id":613264,"date":"2025-08-15T14:39:20","date_gmt":"2025-08-15T12:39:20","guid":{"rendered":"https:\/\/lucacastelli.com\/prodotto\/protos-maclip-light-mini-stand\/"},"modified":"2026-03-16T12:56:09","modified_gmt":"2026-03-16T11:56:09","slug":"protos-maclip-light-mini-stand","status":"publish","type":"product","link":"https:\/\/lucacastelli.com\/fr\/produit\/protos-maclip-light-mini-stand\/","title":{"rendered":"Protos\u00ae Maclip Light mini stand"},"content":{"rendered":"<p>Syst\u00e8me de clip magn\u00e9tique pour Maclip Light mini (utilisable des deux c\u00f4t\u00e9s).<\/p>\n<p>Mati\u00e8re : 100 % polyamide<\/p>\n","protected":false},"excerpt":{"rendered":"<p>Syst\u00e8me de clip magn\u00e9tique pour Maclip Light mini (utilisable des deux c\u00f4t\u00e9s). Mati\u00e8re : 100 % polyamide<\/p>\n","protected":false},"featured_media":610185,"template":"","meta":{"_seopress_robots_primary_cat":"none","_seopress_titles_title":"","_seopress_titles_desc":"","_seopress_robots_index":""},"product_brand":[3458,4381],"product_cat":[33,537,815],"product_tag":[],"class_list":{"0":"post-613264","1":"product","2":"type-product","3":"status-publish","4":"has-post-thumbnail","6":"product_brand-pfanner","7":"product_brand-protos","8":"product_cat-attrezzature","9":"product_cat-attrezzatura-da-lavoro","10":"product_cat-caschi","11":"sws-gruppo-no-gruppo-fr","12":"sws-conto-ricavi-merci-rivendita-abbigliamento-fr","13":"sws-gruppo-iva-iva81-fr","15":"first","16":"instock","17":"shipping-taxable","18":"purchasable","19":"product-type-simple"},"_links":{"self":[{"href":"https:\/\/lucacastelli.com\/fr\/wp-json\/wp\/v2\/product\/613264","targetHints":{"allow":["GET"]}}],"collection":[{"href":"https:\/\/lucacastelli.com\/fr\/wp-json\/wp\/v2\/product"}],"about":[{"href":"https:\/\/lucacastelli.com\/fr\/wp-json\/wp\/v2\/types\/product"}],"wp:featuredmedia":[{"embeddable":true,"href":"https:\/\/lucacastelli.com\/fr\/wp-json\/wp\/v2\/media\/610185"}],"wp:attachment":[{"href":"https:\/\/lucacastelli.com\/fr\/wp-json\/wp\/v2\/media?parent=613264"}],"wp:term":[{"taxonomy":"product_brand","embeddable":true,"href":"https:\/\/lucacastelli.com\/fr\/wp-json\/wp\/v2\/product_brand?post=613264"},{"taxonomy":"product_cat","embeddable":true,"href":"https:\/\/lucacastelli.com\/fr\/wp-json\/wp\/v2\/product_cat?post=613264"},{"taxonomy":"product_tag","embeddable":true,"href":"https:\/\/lucacastelli.com\/fr\/wp-json\/wp\/v2\/product_tag?post=613264"}],"curies":[{"name":"wp","href":"https:\/\/api.w.org\/{rel}","templated":true}]}}