{"id":613262,"date":"2025-08-15T14:33:51","date_gmt":"2025-08-15T12:33:51","guid":{"rendered":"https:\/\/lucacastelli.com\/prodotto\/casque-protos-pour-les-tres-grandes-tailles\/"},"modified":"2026-04-14T03:30:22","modified_gmt":"2026-04-14T01:30:22","slug":"casque-protos-pour-les-tres-grandes-tailles","status":"publish","type":"product","link":"https:\/\/lucacastelli.com\/fr\/produit\/casque-protos-pour-les-tres-grandes-tailles\/","title":{"rendered":"Protos\u00ae Arceau auriculaire pour tailles extra larges"},"content":{"rendered":"<p>L&#8217;arceau de protection auditive Protos\u00ae en taille extra large est n\u00e9cessaire pour les t\u00eates tr\u00e8s larges, afin que les casques antibruit puissent \u00eatre mont\u00e9s sur le Protos\u00ae. Cette variante de l&#8217;arceau de protection auditive permet de monter les casques antibruit et de r\u00e9gler la hauteur et la pression de contact. <\/p>\n<p>Mat\u00e9riau : 100 % ABS<br \/>\nDimensions : t\u00eates tr\u00e8s larges<\/p>\n","protected":false},"excerpt":{"rendered":"<p>L&#8217;arceau de protection auditive Protos\u00ae en taille extra large est n\u00e9cessaire pour les t\u00eates tr\u00e8s larges, afin que les casques<\/p>\n","protected":false},"featured_media":610175,"template":"","meta":{"_seopress_robots_primary_cat":"none","_seopress_titles_title":"","_seopress_titles_desc":"","_seopress_robots_index":""},"product_brand":[3458,4381],"product_cat":[33,537,815],"product_tag":[],"class_list":{"0":"post-613262","1":"product","2":"type-product","3":"status-publish","4":"has-post-thumbnail","6":"product_brand-pfanner","7":"product_brand-protos","8":"product_cat-attrezzature","9":"product_cat-attrezzatura-da-lavoro","10":"product_cat-caschi","11":"sws-gruppo-no-gruppo-fr","12":"sws-conto-ricavi-merci-rivendita-abbigliamento-fr","13":"sws-gruppo-iva-iva81-fr","15":"first","16":"instock","17":"shipping-taxable","18":"purchasable","19":"product-type-simple"},"_links":{"self":[{"href":"https:\/\/lucacastelli.com\/fr\/wp-json\/wp\/v2\/product\/613262","targetHints":{"allow":["GET"]}}],"collection":[{"href":"https:\/\/lucacastelli.com\/fr\/wp-json\/wp\/v2\/product"}],"about":[{"href":"https:\/\/lucacastelli.com\/fr\/wp-json\/wp\/v2\/types\/product"}],"wp:featuredmedia":[{"embeddable":true,"href":"https:\/\/lucacastelli.com\/fr\/wp-json\/wp\/v2\/media\/610175"}],"wp:attachment":[{"href":"https:\/\/lucacastelli.com\/fr\/wp-json\/wp\/v2\/media?parent=613262"}],"wp:term":[{"taxonomy":"product_brand","embeddable":true,"href":"https:\/\/lucacastelli.com\/fr\/wp-json\/wp\/v2\/product_brand?post=613262"},{"taxonomy":"product_cat","embeddable":true,"href":"https:\/\/lucacastelli.com\/fr\/wp-json\/wp\/v2\/product_cat?post=613262"},{"taxonomy":"product_tag","embeddable":true,"href":"https:\/\/lucacastelli.com\/fr\/wp-json\/wp\/v2\/product_tag?post=613262"}],"curies":[{"name":"wp","href":"https:\/\/api.w.org\/{rel}","templated":true}]}}