{"id":613255,"date":"2025-08-10T18:36:31","date_gmt":"2025-08-10T16:36:31","guid":{"rendered":"https:\/\/lucacastelli.com\/prodotto\/milwaukee-scs-41-350\/"},"modified":"2025-08-10T18:36:31","modified_gmt":"2025-08-10T16:36:31","slug":"milwaukee-scs-41-350","status":"publish","type":"product","link":"https:\/\/lucacastelli.com\/fr\/produit\/milwaukee-scs-41-350\/","title":{"rendered":"MILWAUKEE SCS 41 \/ 350"},"content":{"rendered":"<p>ROUES DE COUPE SCS41D 340x4mm PRO+ -1pcs<br \/>\nConvient \u00e0 tous les aciers. Recommand\u00e9 pour couper l&#8217;acier hardox, la fonte, l&#8217;acier r\u00e9sistant \u00e0 la chaleur, l&#8217;acier doux;Caract\u00e9ristiques : + 50 % de dur\u00e9e de vie de l&#8217;outil en plus, 50 % de temps de coupe en moins, 50 % de poussi\u00e8re en moins. <\/p>\n<p>4932471989<br \/>\n4058546298883<\/p>\n","protected":false},"excerpt":{"rendered":"<p>ROUES DE COUPE SCS41D 340x4mm PRO+ -1pcs<\/p>\n","protected":false},"featured_media":497687,"template":"","meta":{"_seopress_robots_primary_cat":"","_seopress_titles_title":"","_seopress_titles_desc":"","_seopress_robots_index":""},"product_brand":[3658],"product_cat":[1453,167,1540],"product_tag":[3273],"class_list":{"0":"post-613255","1":"product","2":"type-product","3":"status-publish","4":"has-post-thumbnail","6":"product_brand-milwaukee-fr","7":"product_cat-autres-appareils","8":"product_cat-machines","9":"product_cat-meuleuses","10":"product_tag-import-milwau-fr","11":"sws-conto-ricavi-merci-rivendita-macchinari-fr","12":"sws-gruppo-iva-iva81-fr","14":"first","15":"onbackorder","16":"shipping-taxable","17":"purchasable","18":"product-type-simple"},"_links":{"self":[{"href":"https:\/\/lucacastelli.com\/fr\/wp-json\/wp\/v2\/product\/613255","targetHints":{"allow":["GET"]}}],"collection":[{"href":"https:\/\/lucacastelli.com\/fr\/wp-json\/wp\/v2\/product"}],"about":[{"href":"https:\/\/lucacastelli.com\/fr\/wp-json\/wp\/v2\/types\/product"}],"wp:featuredmedia":[{"embeddable":true,"href":"https:\/\/lucacastelli.com\/fr\/wp-json\/wp\/v2\/media\/497687"}],"wp:attachment":[{"href":"https:\/\/lucacastelli.com\/fr\/wp-json\/wp\/v2\/media?parent=613255"}],"wp:term":[{"taxonomy":"product_brand","embeddable":true,"href":"https:\/\/lucacastelli.com\/fr\/wp-json\/wp\/v2\/product_brand?post=613255"},{"taxonomy":"product_cat","embeddable":true,"href":"https:\/\/lucacastelli.com\/fr\/wp-json\/wp\/v2\/product_cat?post=613255"},{"taxonomy":"product_tag","embeddable":true,"href":"https:\/\/lucacastelli.com\/fr\/wp-json\/wp\/v2\/product_tag?post=613255"}],"curies":[{"name":"wp","href":"https:\/\/api.w.org\/{rel}","templated":true}]}}