{"id":613248,"date":"2025-08-10T18:24:05","date_gmt":"2025-08-10T16:24:05","guid":{"rendered":"https:\/\/lucacastelli.com\/prodotto\/milwaukee-sac-a-roulettes-pour-carburant-taille-xl-pochette\/"},"modified":"2025-08-10T18:24:05","modified_gmt":"2025-08-10T16:24:05","slug":"milwaukee-sac-a-roulettes-pour-carburant-taille-xl-pochette","status":"publish","type":"product","link":"https:\/\/lucacastelli.com\/fr\/produit\/milwaukee-sac-a-roulettes-pour-carburant-taille-xl-pochette\/","title":{"rendered":"MILWAUKEE SAC \u00c0 ROULETTES POUR CARBURANT TAILLE XL POCHETTE"},"content":{"rendered":"<p>FUEL WHEEL BAG SIZE XL POCKET<br \/>\nMat\u00e9riau 600 deniers durable et hydrofuge;roues, bandouli\u00e8re ou deux poign\u00e9es pour un transport facile;zip robuste;id\u00e9al pour ranger outils et accessoires<\/p>\n<p>4933459429<br \/>\n4058546010904.<\/p>\n","protected":false},"excerpt":{"rendered":"<p>POCHETTE POUR ROUE \u00c0 ESSENCE TAILLE XL<\/p>\n","protected":false},"featured_media":572463,"template":"","meta":{"_seopress_robots_primary_cat":"","_seopress_titles_title":"","_seopress_titles_desc":"","_seopress_robots_index":""},"product_brand":[3407],"product_cat":[5416,33],"product_tag":[3270],"class_list":{"0":"post-613248","1":"product","2":"type-product","3":"status-publish","4":"has-post-thumbnail","6":"product_brand-milwaukee","7":"product_cat-utensili-per-officina","8":"product_cat-attrezzature","9":"product_tag-import-milwau","10":"sws-conto-ricavi-merci-rivendita-macchinari-fr","11":"sws-gruppo-iva-iva81-fr","13":"first","14":"onbackorder","15":"sale","16":"shipping-taxable","17":"purchasable","18":"product-type-simple"},"_links":{"self":[{"href":"https:\/\/lucacastelli.com\/fr\/wp-json\/wp\/v2\/product\/613248","targetHints":{"allow":["GET"]}}],"collection":[{"href":"https:\/\/lucacastelli.com\/fr\/wp-json\/wp\/v2\/product"}],"about":[{"href":"https:\/\/lucacastelli.com\/fr\/wp-json\/wp\/v2\/types\/product"}],"wp:featuredmedia":[{"embeddable":true,"href":"https:\/\/lucacastelli.com\/fr\/wp-json\/wp\/v2\/media\/572463"}],"wp:attachment":[{"href":"https:\/\/lucacastelli.com\/fr\/wp-json\/wp\/v2\/media?parent=613248"}],"wp:term":[{"taxonomy":"product_brand","embeddable":true,"href":"https:\/\/lucacastelli.com\/fr\/wp-json\/wp\/v2\/product_brand?post=613248"},{"taxonomy":"product_cat","embeddable":true,"href":"https:\/\/lucacastelli.com\/fr\/wp-json\/wp\/v2\/product_cat?post=613248"},{"taxonomy":"product_tag","embeddable":true,"href":"https:\/\/lucacastelli.com\/fr\/wp-json\/wp\/v2\/product_tag?post=613248"}],"curies":[{"name":"wp","href":"https:\/\/api.w.org\/{rel}","templated":true}]}}