{"id":613247,"date":"2025-08-10T12:56:44","date_gmt":"2025-08-10T10:56:44","guid":{"rendered":"https:\/\/lucacastelli.com\/prodotto\/milwaukee-m12-agrafeuse-de-cables\/"},"modified":"2025-08-10T12:56:44","modified_gmt":"2025-08-10T10:56:44","slug":"milwaukee-m12-agrafeuse-de-cables","status":"publish","type":"product","link":"https:\/\/lucacastelli.com\/fr\/produit\/milwaukee-m12-agrafeuse-de-cables\/","title":{"rendered":"Milwaukee M12\u2122 Agrafeuse de c\u00e2bles"},"content":{"rendered":"<p>M12 BCST-0\/SCRATCHERS<br \/>\nLa nouvelle agrafeuse de c\u00e2ble \u00e0 piles permet de terminer les travaux en deux fois moins de temps qu&#8217;une installation manuelle;Les guides de c\u00e2ble peuvent \u00eatre d\u00e9plac\u00e9s pour assurer un alignement parfait entre l&#8217;agrafeuse et le c\u00e2ble;La conception compacte et le faible poids facilitent les applications dans les espaces restreints et au-dessus de la t\u00eate ;La machine s&#8217;arr\u00eate automatiquement lorsqu&#8217;il n&#8217;y a plus d&#8217;agrafes dans le magasin;Fonctionne avec des agrafes de 25 mm;Le magasin a une capacit\u00e9 de 45 agrafes;L&#8217;\u00e9clairage LED permet de travailler m\u00eame en cas de faible luminosit\u00e9;Tire jusqu&#8217;\u00e0 1200 agrafes par charge avec une batterie de 2.0 Ah;Le crochet de ceinture peut \u00eatre d\u00e9plac\u00e9 d&#8217;un c\u00f4t\u00e9 ou de l&#8217;autre de l&#8217;agrafeuse;Le bloc-batterie REDLITHIUM\u2122 offre une construction de bloc-batterie sup\u00e9rieure, des composants \u00e9lectroniques et des performances constantes pour fournir plus d&#8217;autonomie et plus de travail pendant la dur\u00e9e de vie du bloc-batterie.De plus, les composants \u00e9lectroniques REDLINK\u2122 prot\u00e8gent l&#8217;outil et la batterie contre la surcharge pour une dur\u00e9e de vie plus longue;Fonctionne avec toutes les batteries de la plateforme M12\u2122.<\/p>\n<p>4933480488<br \/>\n4058546407735<\/p>\n","protected":false},"excerpt":{"rendered":"<p>M12 BCST-0\/SCRATCHERS<\/p>\n","protected":false},"featured_media":582695,"template":"","meta":{"_seopress_robots_primary_cat":"","_seopress_titles_title":"","_seopress_titles_desc":"","_seopress_robots_index":""},"product_brand":[3407],"product_cat":[5531,29],"product_tag":[3270],"class_list":{"0":"post-613247","1":"product","2":"type-product","3":"status-publish","4":"has-post-thumbnail","6":"product_brand-milwaukee","7":"product_cat-vari-macchinari-milwaukee","8":"product_cat-macchinari","9":"product_tag-import-milwau","10":"sws-conto-ricavi-merci-rivendita-macchinari-fr","11":"sws-gruppo-iva-iva81-fr","13":"first","14":"onbackorder","15":"sale","16":"shipping-taxable","17":"purchasable","18":"product-type-simple"},"_links":{"self":[{"href":"https:\/\/lucacastelli.com\/fr\/wp-json\/wp\/v2\/product\/613247","targetHints":{"allow":["GET"]}}],"collection":[{"href":"https:\/\/lucacastelli.com\/fr\/wp-json\/wp\/v2\/product"}],"about":[{"href":"https:\/\/lucacastelli.com\/fr\/wp-json\/wp\/v2\/types\/product"}],"wp:featuredmedia":[{"embeddable":true,"href":"https:\/\/lucacastelli.com\/fr\/wp-json\/wp\/v2\/media\/582695"}],"wp:attachment":[{"href":"https:\/\/lucacastelli.com\/fr\/wp-json\/wp\/v2\/media?parent=613247"}],"wp:term":[{"taxonomy":"product_brand","embeddable":true,"href":"https:\/\/lucacastelli.com\/fr\/wp-json\/wp\/v2\/product_brand?post=613247"},{"taxonomy":"product_cat","embeddable":true,"href":"https:\/\/lucacastelli.com\/fr\/wp-json\/wp\/v2\/product_cat?post=613247"},{"taxonomy":"product_tag","embeddable":true,"href":"https:\/\/lucacastelli.com\/fr\/wp-json\/wp\/v2\/product_tag?post=613247"}],"curies":[{"name":"wp","href":"https:\/\/api.w.org\/{rel}","templated":true}]}}