{"id":613241,"date":"2025-08-10T12:56:43","date_gmt":"2025-08-10T10:56:43","guid":{"rendered":"https:\/\/lucacastelli.com\/prodotto\/milwaukee-force-logic-m18-machine-de-pressage-hydraulique-sans-balais\/"},"modified":"2025-08-10T12:56:43","modified_gmt":"2025-08-10T10:56:43","slug":"milwaukee-force-logic-m18-machine-de-pressage-hydraulique-sans-balais","status":"publish","type":"product","link":"https:\/\/lucacastelli.com\/fr\/produit\/milwaukee-force-logic-m18-machine-de-pressage-hydraulique-sans-balais\/","title":{"rendered":"Milwaukee FORCE LOGIC\u2122 M18 Machine de pressage hydraulique sans balais"},"content":{"rendered":"<p>M18 BLHPT-202C Gebe Mapre Set \/FORCE LOG<br \/>\nMoteur sans balais : force de pressage de 32 kN, jusqu&#8217;\u00e0 10 % plus rapide, dur\u00e9e de vie 20 % plus longue ;Indicateur de pressage FORCE LOGIC\u2122 : fournit une confirmation visuelle de la r\u00e9ussite de l&#8217;application ;Peut \u00eatre utilis\u00e9 d&#8217;une seule main dans les applications en hauteur ou dans les espaces confin\u00e9s ;Poign\u00e9e en ligne et dimensions compactes ;\u00c9lectronique intelligente : l&#8217;outil ne pressera pas si la charge de la batterie est insuffisante ;Fiabilit\u00e9 FORCE LOGIC\u2122. Intervalle de maintenance de 3 ans (cycles illimit\u00e9s);Permet de presser des tuyaux m\u00e9talliques jusqu&#8217;\u00e0 108 mm et des tuyaux composites de 110 mm;Fixation universelle de la m\u00e2choire, compatibilit\u00e9 avec les standards du march\u00e9;Indicateur d&#8217;\u00e9tat de charge de la batterie et lumi\u00e8re LED pour \u00e9clairer la zone d&#8217;application ;Le moteur sans balais, l&#8217;\u00e9lectronique REDLINK PLUS\u2122 et le bloc-batterie REDLITHIUM\u2122 offrent des performances et une durabilit\u00e9 sup\u00e9rieures;Fonctionne avec toutes les batteries Milwaukee M18;Le bloc-batterie REDLITHIUM\u2122 offre une construction de bloc-batterie sup\u00e9rieure, une \u00e9lectronique et des performances constantes pour offrir plus d&#8217;autonomie;Fonctionne avec toutes les batteries Milwaukee M18.<\/p>\n<p>4933480903<br \/>\n4058546411886<\/p>\n","protected":false},"excerpt":{"rendered":"<p>M18 BLHPT-202C Gebe Mapre Set \/FORCE LOG<\/p>\n","protected":false},"featured_media":571198,"template":"","meta":{"_seopress_robots_primary_cat":"","_seopress_titles_title":"","_seopress_titles_desc":"","_seopress_robots_index":""},"product_brand":[3407],"product_cat":[5531,29],"product_tag":[3270],"class_list":{"0":"post-613241","1":"product","2":"type-product","3":"status-publish","4":"has-post-thumbnail","6":"product_brand-milwaukee","7":"product_cat-vari-macchinari-milwaukee","8":"product_cat-macchinari","9":"product_tag-import-milwau","10":"sws-conto-ricavi-merci-rivendita-macchinari-fr","11":"sws-gruppo-iva-iva81-fr","13":"first","14":"onbackorder","15":"sale","16":"shipping-taxable","17":"purchasable","18":"product-type-simple"},"_links":{"self":[{"href":"https:\/\/lucacastelli.com\/fr\/wp-json\/wp\/v2\/product\/613241","targetHints":{"allow":["GET"]}}],"collection":[{"href":"https:\/\/lucacastelli.com\/fr\/wp-json\/wp\/v2\/product"}],"about":[{"href":"https:\/\/lucacastelli.com\/fr\/wp-json\/wp\/v2\/types\/product"}],"wp:featuredmedia":[{"embeddable":true,"href":"https:\/\/lucacastelli.com\/fr\/wp-json\/wp\/v2\/media\/571198"}],"wp:attachment":[{"href":"https:\/\/lucacastelli.com\/fr\/wp-json\/wp\/v2\/media?parent=613241"}],"wp:term":[{"taxonomy":"product_brand","embeddable":true,"href":"https:\/\/lucacastelli.com\/fr\/wp-json\/wp\/v2\/product_brand?post=613241"},{"taxonomy":"product_cat","embeddable":true,"href":"https:\/\/lucacastelli.com\/fr\/wp-json\/wp\/v2\/product_cat?post=613241"},{"taxonomy":"product_tag","embeddable":true,"href":"https:\/\/lucacastelli.com\/fr\/wp-json\/wp\/v2\/product_tag?post=613241"}],"curies":[{"name":"wp","href":"https:\/\/api.w.org\/{rel}","templated":true}]}}