{"id":613236,"date":"2025-08-10T12:56:42","date_gmt":"2025-08-10T10:56:42","guid":{"rendered":"https:\/\/lucacastelli.com\/prodotto\/milwaukee-force-logic-m12-machine-de-pressage-hydraulique-compacte\/"},"modified":"2025-08-10T12:56:42","modified_gmt":"2025-08-10T10:56:42","slug":"milwaukee-force-logic-m12-machine-de-pressage-hydraulique-compacte","status":"publish","type":"product","link":"https:\/\/lucacastelli.com\/fr\/produit\/milwaukee-force-logic-m12-machine-de-pressage-hydraulique-compacte\/","title":{"rendered":"Milwaukee Force Logic\u2122 M12\u2122 Machine de pressage hydraulique compacte"},"content":{"rendered":"<p>M12 HPT-202C Geb Mapre Set\/FORCE LOGIC<br \/>\nLa machine \u00e0 presser la plus l\u00e9g\u00e8re et la plus compacte du march\u00e9 : seulement 1,8 kg pour un plus grand confort;M\u00e2choire brevet\u00e9e utilisable d&#8217;une seule main;Permet de confirmer visuellement la qualit\u00e9 de la connexion;Excellente plage de pressage, jusqu&#8217;\u00e0 35 mm dans le m\u00e9tal et 40 mm dans les tuyaux composites;L&#8217;outil effectue une v\u00e9rification de la charge de la batterie avant de commencer \u00e0 presser et, si la charge est insuffisante, ne commence pas \u00e0 presser afin de ne pas laisser le travail inachev\u00e9;Intervalles d&#8217;entretien. L&#8217;\u00e9lectronique avanc\u00e9e compte les cycles et informe les utilisateurs lorsque l&#8217;outil atteint les intervalles d&#8217;\u00e9talonnage ;Indicateur d&#8217;\u00e9tat de la batterie \u00e0 4 niveaux ;Service : jusqu&#8217;\u00e0 40 000 cycles de pressage avant l&#8217;entretien. L&#8217;outil continue de fonctionner au-del\u00e0 de 40 000 cycles ;L&#8217;\u00e9lectronique de protection contre les surcharges REDLINK\u2122 dans l&#8217;outil et le bloc-batterie assure une plus grande long\u00e9vit\u00e9 du syst\u00e8me ;Surveillance individuelle des cellules de la batterie pour une consommation constante du bloc-batterie et une plus grande autonomie ;Indicateur d&#8217;\u00e9tat de la batterie ;Le bloc-batterie REDLITHIUM\u2122 offre une construction de bloc-batterie sup\u00e9rieure, une \u00e9lectronique et des performances constantes pour fournir plus d&#8217;autonomie et plus de travail pendant la dur\u00e9e de vie du bloc-batterie ;Plateforme 12V : fonctionne avec toutes les batteries Milwaukee M12\u2122.   <\/p>\n<p>4933480902<br \/>\n4058546411879<\/p>\n","protected":false},"excerpt":{"rendered":"<p>M12 HPT-202C Geb Mapre Set\/FORCE LOGIC<\/p>\n","protected":false},"featured_media":570283,"template":"","meta":{"_seopress_robots_primary_cat":"","_seopress_titles_title":"","_seopress_titles_desc":"","_seopress_robots_index":""},"product_brand":[3407],"product_cat":[5531,29],"product_tag":[3270],"class_list":{"0":"post-613236","1":"product","2":"type-product","3":"status-publish","4":"has-post-thumbnail","6":"product_brand-milwaukee","7":"product_cat-vari-macchinari-milwaukee","8":"product_cat-macchinari","9":"product_tag-import-milwau","10":"sws-conto-ricavi-merci-rivendita-macchinari-fr","11":"sws-gruppo-iva-iva81-fr","13":"first","14":"onbackorder","15":"sale","16":"shipping-taxable","17":"purchasable","18":"product-type-simple"},"_links":{"self":[{"href":"https:\/\/lucacastelli.com\/fr\/wp-json\/wp\/v2\/product\/613236","targetHints":{"allow":["GET"]}}],"collection":[{"href":"https:\/\/lucacastelli.com\/fr\/wp-json\/wp\/v2\/product"}],"about":[{"href":"https:\/\/lucacastelli.com\/fr\/wp-json\/wp\/v2\/types\/product"}],"wp:featuredmedia":[{"embeddable":true,"href":"https:\/\/lucacastelli.com\/fr\/wp-json\/wp\/v2\/media\/570283"}],"wp:attachment":[{"href":"https:\/\/lucacastelli.com\/fr\/wp-json\/wp\/v2\/media?parent=613236"}],"wp:term":[{"taxonomy":"product_brand","embeddable":true,"href":"https:\/\/lucacastelli.com\/fr\/wp-json\/wp\/v2\/product_brand?post=613236"},{"taxonomy":"product_cat","embeddable":true,"href":"https:\/\/lucacastelli.com\/fr\/wp-json\/wp\/v2\/product_cat?post=613236"},{"taxonomy":"product_tag","embeddable":true,"href":"https:\/\/lucacastelli.com\/fr\/wp-json\/wp\/v2\/product_tag?post=613236"}],"curies":[{"name":"wp","href":"https:\/\/api.w.org\/{rel}","templated":true}]}}