{"id":613234,"date":"2025-08-10T12:56:41","date_gmt":"2025-08-10T10:56:41","guid":{"rendered":"https:\/\/lucacastelli.com\/prodotto\/milwaukee-force-logic-m18-one-key-machine-de-pressage-hydraulique-sans-balais\/"},"modified":"2025-08-10T12:56:41","modified_gmt":"2025-08-10T10:56:41","slug":"milwaukee-force-logic-m18-one-key-machine-de-pressage-hydraulique-sans-balais","status":"publish","type":"product","link":"https:\/\/lucacastelli.com\/fr\/produit\/milwaukee-force-logic-m18-one-key-machine-de-pressage-hydraulique-sans-balais\/","title":{"rendered":"Milwaukee FORCE LOGIC\u2122 M18 ONE-KEY\u2122 Machine de pressage hydraulique sans balais"},"content":{"rendered":"<p>M18 ONEBLHPT-302C Geb Mapr Set\/FORCE LOG<br \/>\nMoteur sans balais : jusqu&#8217;\u00e0 10 % de rapidit\u00e9 de pressage et jusqu&#8217;\u00e0 20 % d&#8217;autonomie en plus ;Indicateur de pressage FORCE LOGIC\u2122 : fournit une confirmation visuelle de la connexion correcte ;Utilisation d&#8217;une seule main pour les applications en hauteur et en espace confin\u00e9 ;Le syst\u00e8me ONE-KEY\u2122 fournit des rapports sur les applications r\u00e9alis\u00e9es, consultables via l&#8217;App ou la plateforme en ligne ;Le syst\u00e8me ONE-KEY\u2122 fournit une plateforme d&#8217;inventaire num\u00e9rique pour le suivi de l&#8217;outil et la pr\u00e9vention des vols et des pertes ;Communication entre l&#8217;outil et la batterie. l&#8217;outil n&#8217;appuie pas s&#8217;il n&#8217;est pas en mesure de r\u00e9aliser le joint en raison d&#8217;une charge insuffisante de la batterie ;Permet d&#8217;appuyer sur des tuyaux m\u00e9talliques jusqu&#8217;\u00e0 108 mm et des tuyaux composites \u00e0 partir de 110 mm ;Fixation universelle de la m\u00e2choire, compatibilit\u00e9 avec la plupart des syst\u00e8mes courants sur le march\u00e9 ;Le syst\u00e8me \u00e9lectronique REDLINK\u2122 assure une protection contre les surcharges pour l&#8217;outil et la batterie, ce qui garantit une dur\u00e9e de vie plus longue ;Voyant lumineux et indicateur de l&#8217;\u00e9tat de charge de la batterie ;Fonctionne avec toutes les batteries Milwaukee M18.<\/p>\n<p>4933480904<br \/>\n4058546411893<\/p>\n","protected":false},"excerpt":{"rendered":"<p>M18 ONEBLHPT-302C Geb Mapr Set\/FORCE LOG<\/p>\n","protected":false},"featured_media":442888,"template":"","meta":{"_seopress_robots_primary_cat":"","_seopress_titles_title":"","_seopress_titles_desc":"","_seopress_robots_index":""},"product_brand":[3407],"product_cat":[5531,29],"product_tag":[3270],"class_list":{"0":"post-613234","1":"product","2":"type-product","3":"status-publish","4":"has-post-thumbnail","6":"product_brand-milwaukee","7":"product_cat-vari-macchinari-milwaukee","8":"product_cat-macchinari","9":"product_tag-import-milwau","10":"sws-conto-ricavi-merci-rivendita-macchinari-fr","11":"sws-gruppo-iva-iva81-fr","13":"first","14":"onbackorder","15":"sale","16":"shipping-taxable","17":"purchasable","18":"product-type-simple"},"_links":{"self":[{"href":"https:\/\/lucacastelli.com\/fr\/wp-json\/wp\/v2\/product\/613234","targetHints":{"allow":["GET"]}}],"collection":[{"href":"https:\/\/lucacastelli.com\/fr\/wp-json\/wp\/v2\/product"}],"about":[{"href":"https:\/\/lucacastelli.com\/fr\/wp-json\/wp\/v2\/types\/product"}],"wp:featuredmedia":[{"embeddable":true,"href":"https:\/\/lucacastelli.com\/fr\/wp-json\/wp\/v2\/media\/442888"}],"wp:attachment":[{"href":"https:\/\/lucacastelli.com\/fr\/wp-json\/wp\/v2\/media?parent=613234"}],"wp:term":[{"taxonomy":"product_brand","embeddable":true,"href":"https:\/\/lucacastelli.com\/fr\/wp-json\/wp\/v2\/product_brand?post=613234"},{"taxonomy":"product_cat","embeddable":true,"href":"https:\/\/lucacastelli.com\/fr\/wp-json\/wp\/v2\/product_cat?post=613234"},{"taxonomy":"product_tag","embeddable":true,"href":"https:\/\/lucacastelli.com\/fr\/wp-json\/wp\/v2\/product_tag?post=613234"}],"curies":[{"name":"wp","href":"https:\/\/api.w.org\/{rel}","templated":true}]}}