{"id":613220,"date":"2025-08-10T12:56:37","date_gmt":"2025-08-10T10:56:37","guid":{"rendered":"https:\/\/lucacastelli.com\/prodotto\/milwaukee-m12-fuel-ponceuse-a-bande-de-13-mm\/"},"modified":"2025-08-10T12:56:37","modified_gmt":"2025-08-10T10:56:37","slug":"milwaukee-m12-fuel-ponceuse-a-bande-de-13-mm","status":"publish","type":"product","link":"https:\/\/lucacastelli.com\/fr\/produit\/milwaukee-m12-fuel-ponceuse-a-bande-de-13-mm\/","title":{"rendered":"Milwaukee M12 FUEL Ponceuse \u00e0 bande de 13 mm"},"content":{"rendered":"<p>M12 FBFL13-0 COURROIE 13MM\/PONCEUSE<br \/>\nLa premi\u00e8re ponceuse \u00e0 bande sans fil 12V avec une bande de 13 mm;La ponceuse \u00e0 bande la plus l\u00e9g\u00e8re du march\u00e9, seulement 1.1 kg avec une batterie de 2 Ah;Meilleur \u00e9quilibre et performance par rapport aux machines pneumatiques;Possibilit\u00e9 de s\u00e9lectionner deux vitesses pour un contr\u00f4le maximal dans toutes les applications, de l&#8217;\u00e9limination des points de soudure \u00e0 l&#8217;acier inoxydable, l&#8217;aluminium et le bois;Possibilit\u00e9 de r\u00e9gler la direction de la bande pour diriger les \u00e9tincelles\/copeaux;Utilisation d&#8217;une seule main : parfait pour les applications dans les espaces restreints ou au-dessus de la t\u00eate;La t\u00eate peut pivoter \u00e0 360\u00b0;L&#8217;outil permet le verrouillage de la g\u00e2chette pour travailler sans effort m\u00eame pendant de longues p\u00e9riodes;La courroie se change sans avoir besoin d&#8217;outils;Les lumi\u00e8res LED \u00e9clairent efficacement la zone de travail;Fonctionne avec toutes les batteries M12\u2122MILWAUKEEE\u00ae.<\/p>\n<p>4933480960<br \/>\n4058546412456<\/p>\n","protected":false},"excerpt":{"rendered":"<p>M12 FBFL13-0 COURROIE 13MM\/PONCEUSE<\/p>\n","protected":false},"featured_media":583192,"template":"","meta":{"_seopress_robots_primary_cat":"","_seopress_titles_title":"","_seopress_titles_desc":"","_seopress_robots_index":""},"product_brand":[3407],"product_cat":[5531,29],"product_tag":[3270],"class_list":{"0":"post-613220","1":"product","2":"type-product","3":"status-publish","4":"has-post-thumbnail","6":"product_brand-milwaukee","7":"product_cat-vari-macchinari-milwaukee","8":"product_cat-macchinari","9":"product_tag-import-milwau","10":"sws-conto-ricavi-merci-rivendita-macchinari-fr","11":"sws-gruppo-iva-iva81-fr","13":"first","14":"onbackorder","15":"sale","16":"shipping-taxable","17":"purchasable","18":"product-type-simple"},"_links":{"self":[{"href":"https:\/\/lucacastelli.com\/fr\/wp-json\/wp\/v2\/product\/613220","targetHints":{"allow":["GET"]}}],"collection":[{"href":"https:\/\/lucacastelli.com\/fr\/wp-json\/wp\/v2\/product"}],"about":[{"href":"https:\/\/lucacastelli.com\/fr\/wp-json\/wp\/v2\/types\/product"}],"wp:featuredmedia":[{"embeddable":true,"href":"https:\/\/lucacastelli.com\/fr\/wp-json\/wp\/v2\/media\/583192"}],"wp:attachment":[{"href":"https:\/\/lucacastelli.com\/fr\/wp-json\/wp\/v2\/media?parent=613220"}],"wp:term":[{"taxonomy":"product_brand","embeddable":true,"href":"https:\/\/lucacastelli.com\/fr\/wp-json\/wp\/v2\/product_brand?post=613220"},{"taxonomy":"product_cat","embeddable":true,"href":"https:\/\/lucacastelli.com\/fr\/wp-json\/wp\/v2\/product_cat?post=613220"},{"taxonomy":"product_tag","embeddable":true,"href":"https:\/\/lucacastelli.com\/fr\/wp-json\/wp\/v2\/product_tag?post=613220"}],"curies":[{"name":"wp","href":"https:\/\/api.w.org\/{rel}","templated":true}]}}