{"id":613209,"date":"2025-08-10T12:56:32","date_gmt":"2025-08-10T10:56:32","guid":{"rendered":"https:\/\/lucacastelli.com\/prodotto\/milwaukee-m12-presse-compacte-avec-force-logic-et-one-key-2\/"},"modified":"2025-08-10T12:56:32","modified_gmt":"2025-08-10T10:56:32","slug":"milwaukee-m12-presse-compacte-avec-force-logic-et-one-key-2","status":"publish","type":"product","link":"https:\/\/lucacastelli.com\/fr\/produit\/milwaukee-m12-presse-compacte-avec-force-logic-et-one-key-2\/","title":{"rendered":"Milwaukee M12\u2122 Presse compacte avec FORCE LOGIC\u2122 et ONE-KEY\u2122"},"content":{"rendered":"<p>M12 ONEHPT-202C V-Set\/PRESSATORS<br \/>\nCompact et l\u00e9ger, il ne p\u00e8se que 1.8 kg;L&#8217;outil enregistre chaque pressage, qui peut \u00eatre sauvegard\u00e9 et envoy\u00e9 via l&#8217;appli ONE-KEY\u2122;La t\u00eate peut \u00eatre tourn\u00e9e de 180 degr\u00e9s pour une flexibilit\u00e9 maximale et un acc\u00e8s dans les espaces restreints;L&#8217;indicateur de pressage FORCE LOGIC\u2122 confirme visuellement la r\u00e9ussite de l&#8217;op\u00e9ration;Utilisation d&#8217;une seule main;Permet de presser des tuyaux m\u00e9talliques jusqu&#8217;\u00e0 35 mm et des tuyaux composites jusqu&#8217;\u00e0 40 mm;Communication batterie-outil. la v\u00e9rification de la batterie avant le pressage garantit que le presseur ne d\u00e9marre pas pour \u00e9viter un pressage incomplet en cas de batterie faible;Indicateur de charge de la batterie \u00e0 4 niveaux;Fiabilit\u00e9 longue dur\u00e9e de FORCE LOGIC\u2122 : pas de limitation des cycles de pressage dans l&#8217;intervalle de maintenance de 3 ans;L&#8217;\u00e9lectronique REDLINK\u2122 prot\u00e8ge l&#8217;outil et la batterie contre les surcharges;La batterie REDLITHIUM\u2122 garantit une construction avanc\u00e9e du bloc batterie pour offrir une dur\u00e9e de vie plus longue et des performances constantes dans le temps;Fonctionne avec toutes les batteries Milwaukee M12\u2122.<\/p>\n<p>4933481034<br \/>\n4058546413194<\/p>\n","protected":false},"excerpt":{"rendered":"<p>M12 ONEHPT-202C V-Set\/PRESSATORS<\/p>\n","protected":false},"featured_media":583290,"template":"","meta":{"_seopress_robots_primary_cat":"","_seopress_titles_title":"","_seopress_titles_desc":"","_seopress_robots_index":""},"product_brand":[3407],"product_cat":[5531,29],"product_tag":[3270],"class_list":{"0":"post-613209","1":"product","2":"type-product","3":"status-publish","4":"has-post-thumbnail","6":"product_brand-milwaukee","7":"product_cat-vari-macchinari-milwaukee","8":"product_cat-macchinari","9":"product_tag-import-milwau","10":"sws-conto-ricavi-merci-rivendita-macchinari-fr","11":"sws-gruppo-iva-iva81-fr","13":"first","14":"onbackorder","15":"sale","16":"shipping-taxable","17":"purchasable","18":"product-type-simple"},"_links":{"self":[{"href":"https:\/\/lucacastelli.com\/fr\/wp-json\/wp\/v2\/product\/613209","targetHints":{"allow":["GET"]}}],"collection":[{"href":"https:\/\/lucacastelli.com\/fr\/wp-json\/wp\/v2\/product"}],"about":[{"href":"https:\/\/lucacastelli.com\/fr\/wp-json\/wp\/v2\/types\/product"}],"wp:featuredmedia":[{"embeddable":true,"href":"https:\/\/lucacastelli.com\/fr\/wp-json\/wp\/v2\/media\/583290"}],"wp:attachment":[{"href":"https:\/\/lucacastelli.com\/fr\/wp-json\/wp\/v2\/media?parent=613209"}],"wp:term":[{"taxonomy":"product_brand","embeddable":true,"href":"https:\/\/lucacastelli.com\/fr\/wp-json\/wp\/v2\/product_brand?post=613209"},{"taxonomy":"product_cat","embeddable":true,"href":"https:\/\/lucacastelli.com\/fr\/wp-json\/wp\/v2\/product_cat?post=613209"},{"taxonomy":"product_tag","embeddable":true,"href":"https:\/\/lucacastelli.com\/fr\/wp-json\/wp\/v2\/product_tag?post=613209"}],"curies":[{"name":"wp","href":"https:\/\/api.w.org\/{rel}","templated":true}]}}