{"id":613180,"date":"2025-08-10T12:40:57","date_gmt":"2025-08-10T10:40:57","guid":{"rendered":"https:\/\/lucacastelli.com\/prodotto\/milwaukee-mx-fuel-marteau-28-mm-hex-25-kg\/"},"modified":"2025-08-10T12:40:57","modified_gmt":"2025-08-10T10:40:57","slug":"milwaukee-mx-fuel-marteau-28-mm-hex-25-kg","status":"publish","type":"product","link":"https:\/\/lucacastelli.com\/fr\/produit\/milwaukee-mx-fuel-marteau-28-mm-hex-25-kg\/","title":{"rendered":"Milwaukee MX FUEL marteau 28 mm Hex 25 kg"},"content":{"rendered":"<p>MX FUEL marteau 28 mm Hex 25 kg<br \/>\nMXFDH2528HFC-802 MARTEAU DE BATAILLE<br \/>\nLe premier marteau sans fil 28 mm Hex offre les m\u00eames performances que les outils filaires, mixtes ou pneumatiques;Fournit une \u00e9nergie d&#8217;impact de 64 J pour les applications les plus difficiles;La technologie anti-vibration permet \u00e0 l&#8217;utilisateur de travailler toute la journ\u00e9e sans \u00eatre expos\u00e9 \u00e0 des niveaux dangereux de vibration et de bruit;La vibration minimale (5.Vibrations minimales (5. 17 m\/s\u00b2) permet une utilisation prolong\u00e9e de plus de 7 heures;La vitesse de d\u00e9molition de 1300 min-1 assure une productivit\u00e9 maximale dans toutes les applications;D\u00e9molit jusqu&#8217;\u00e0 2 tonnes de b\u00e9ton ou cr\u00e9e une piste de 12 m (20 cm de profondeur et 30 cm de largeur) avec un seul pack de batteries MXF XC406;La dur\u00e9e de vie de l&#8217;outil est comparable \u00e0 celle d&#8217;outils filaires similaires, l&#8217;indicateur d&#8217;entretien avertit l&#8217;utilisateur s&#8217;il faut ajouter du lubrifiant apr\u00e8s 40 heures;Le syst\u00e8me MX FUEL innove dans le domaine du fonctionnement sans fil : performance des solutions \u00e0 essence, filaires ou pneumatiques, \u00e9liminant les risques li\u00e9s aux \u00e9missions, au bruit, aux vibrations, aux tr\u00e9buchements ainsi qu&#8217;\u00e0 l&#8217;entretien complexe;Le syst\u00e8me de suivi et de s\u00e9curit\u00e9 ONE-KEY\u2122 offre un suivi et une gestion des stocks gratuits bas\u00e9s sur le cloud, disposant \u00e9galement d&#8217;une fonctionnalit\u00e9 de verrouillage \u00e0 distance;Chariot de transport MXF DHT disponible s\u00e9par\u00e9ment : \u00e9quip\u00e9 de 4 compartiments pour le rangement des burins, 1 compartiment pour le chargeur et la batterie de rechange, des sangles pour s\u00e9curiser le brise-roche pendant le transport.<\/p>\n<p>4933499993<br \/>\n4058546571573<\/p>\n","protected":false},"excerpt":{"rendered":"<p>MXFDH2528HFC-802 HAMMER BATT.<\/p>\n","protected":false},"featured_media":593207,"template":"","meta":{"_seopress_robots_primary_cat":"","_seopress_titles_title":"","_seopress_titles_desc":"","_seopress_robots_index":""},"product_brand":[3407],"product_cat":[5531,29,514],"product_tag":[3270],"class_list":{"0":"post-613180","1":"product","2":"type-product","3":"status-publish","4":"has-post-thumbnail","6":"product_brand-milwaukee","7":"product_cat-vari-macchinari-milwaukee","8":"product_cat-macchinari","9":"product_cat-altri-dispositivi","10":"product_tag-import-milwau","11":"sws-conto-ricavi-merci-rivendita-macchinari-fr","12":"sws-gruppo-iva-iva81-fr","14":"first","15":"onbackorder","16":"sale","17":"shipping-taxable","18":"purchasable","19":"product-type-simple"},"_links":{"self":[{"href":"https:\/\/lucacastelli.com\/fr\/wp-json\/wp\/v2\/product\/613180","targetHints":{"allow":["GET"]}}],"collection":[{"href":"https:\/\/lucacastelli.com\/fr\/wp-json\/wp\/v2\/product"}],"about":[{"href":"https:\/\/lucacastelli.com\/fr\/wp-json\/wp\/v2\/types\/product"}],"wp:featuredmedia":[{"embeddable":true,"href":"https:\/\/lucacastelli.com\/fr\/wp-json\/wp\/v2\/media\/593207"}],"wp:attachment":[{"href":"https:\/\/lucacastelli.com\/fr\/wp-json\/wp\/v2\/media?parent=613180"}],"wp:term":[{"taxonomy":"product_brand","embeddable":true,"href":"https:\/\/lucacastelli.com\/fr\/wp-json\/wp\/v2\/product_brand?post=613180"},{"taxonomy":"product_cat","embeddable":true,"href":"https:\/\/lucacastelli.com\/fr\/wp-json\/wp\/v2\/product_cat?post=613180"},{"taxonomy":"product_tag","embeddable":true,"href":"https:\/\/lucacastelli.com\/fr\/wp-json\/wp\/v2\/product_tag?post=613180"}],"curies":[{"name":"wp","href":"https:\/\/api.w.org\/{rel}","templated":true}]}}