{"id":613175,"date":"2025-08-10T12:41:57","date_gmt":"2025-08-10T10:41:57","guid":{"rendered":"https:\/\/lucacastelli.com\/prodotto\/milwaukee-matrices-pour-machines-a-fileter-13\/"},"modified":"2025-08-10T12:41:57","modified_gmt":"2025-08-10T10:41:57","slug":"milwaukee-matrices-pour-machines-a-fileter-13","status":"publish","type":"product","link":"https:\/\/lucacastelli.com\/fr\/produit\/milwaukee-matrices-pour-machines-a-fileter-13\/","title":{"rendered":"Milwaukee Matrices pour machines \u00e0 fileter"},"content":{"rendered":"<p>PTR2D 1\/2&#8243;-3\/4&#8243; BSPT Alloy \/PER MX FUEL<br \/>\nLes peignes haute performance utilis\u00e9s avec les machines \u00e0 fileter Milwaukee garantissent des filetages parfaits qui durent;Filetage : BSPT (British Standard Pipe Taper);Filetage standard en alliage m\u00e9tallique, \u00e0 utiliser sur les tuyaux galvanis\u00e9s;Un jeu contient 4 peignes \u00e0 utiliser avec une douille<\/p>\n<p>4932492924<br \/>\n4058546477950<\/p>\n","protected":false},"excerpt":{"rendered":"<p>PTR2D 1\/2&#8243;-3\/4&#8243; BSPT Alliage \/PER MX FUEL<\/p>\n","protected":false},"featured_media":558857,"template":"","meta":{"_seopress_robots_primary_cat":"","_seopress_titles_title":"","_seopress_titles_desc":"","_seopress_robots_index":""},"product_brand":[3407],"product_cat":[5531,29,514],"product_tag":[3270],"class_list":{"0":"post-613175","1":"product","2":"type-product","3":"status-publish","4":"has-post-thumbnail","6":"product_brand-milwaukee","7":"product_cat-vari-macchinari-milwaukee","8":"product_cat-macchinari","9":"product_cat-altri-dispositivi","10":"product_tag-import-milwau","11":"sws-conto-ricavi-merci-rivendita-macchinari-fr","12":"sws-gruppo-iva-iva81-fr","14":"first","15":"onbackorder","16":"sale","17":"shipping-taxable","18":"purchasable","19":"product-type-simple"},"_links":{"self":[{"href":"https:\/\/lucacastelli.com\/fr\/wp-json\/wp\/v2\/product\/613175","targetHints":{"allow":["GET"]}}],"collection":[{"href":"https:\/\/lucacastelli.com\/fr\/wp-json\/wp\/v2\/product"}],"about":[{"href":"https:\/\/lucacastelli.com\/fr\/wp-json\/wp\/v2\/types\/product"}],"wp:featuredmedia":[{"embeddable":true,"href":"https:\/\/lucacastelli.com\/fr\/wp-json\/wp\/v2\/media\/558857"}],"wp:attachment":[{"href":"https:\/\/lucacastelli.com\/fr\/wp-json\/wp\/v2\/media?parent=613175"}],"wp:term":[{"taxonomy":"product_brand","embeddable":true,"href":"https:\/\/lucacastelli.com\/fr\/wp-json\/wp\/v2\/product_brand?post=613175"},{"taxonomy":"product_cat","embeddable":true,"href":"https:\/\/lucacastelli.com\/fr\/wp-json\/wp\/v2\/product_cat?post=613175"},{"taxonomy":"product_tag","embeddable":true,"href":"https:\/\/lucacastelli.com\/fr\/wp-json\/wp\/v2\/product_tag?post=613175"}],"curies":[{"name":"wp","href":"https:\/\/api.w.org\/{rel}","templated":true}]}}