{"id":613173,"date":"2025-08-10T12:40:55","date_gmt":"2025-08-10T10:40:55","guid":{"rendered":"https:\/\/lucacastelli.com\/prodotto\/milwaukee-mxf-dr255tv-support-de-moteur-1pc\/"},"modified":"2025-08-10T12:40:55","modified_gmt":"2025-08-10T10:40:55","slug":"milwaukee-mxf-dr255tv-support-de-moteur-1pc","status":"publish","type":"product","link":"https:\/\/lucacastelli.com\/fr\/produit\/milwaukee-mxf-dr255tv-support-de-moteur-1pc\/","title":{"rendered":"Milwaukee MXF DR255TV Support de moteur-1pc"},"content":{"rendered":"<p>MXF DR255TV Motorbracket-1pc<br \/>\nBo\u00eetier de machine \u00e0 collier de 60 mm de diam\u00e8tre pour DR255 MX FUEL Milwaukee foreuses de carottage au diamant <\/p>\n<p>4932478870<br \/>\n4058546361525<\/p>\n","protected":false},"excerpt":{"rendered":"<p>MXF DR255TV Support de moteur &#8211; 1 pi\u00e8ce<\/p>\n","protected":false},"featured_media":542170,"template":"","meta":{"_seopress_robots_primary_cat":"","_seopress_titles_title":"","_seopress_titles_desc":"","_seopress_robots_index":""},"product_brand":[3407],"product_cat":[5531,29,514],"product_tag":[3270],"class_list":{"0":"post-613173","1":"product","2":"type-product","3":"status-publish","4":"has-post-thumbnail","6":"product_brand-milwaukee","7":"product_cat-vari-macchinari-milwaukee","8":"product_cat-macchinari","9":"product_cat-altri-dispositivi","10":"product_tag-import-milwau","11":"sws-conto-ricavi-merci-rivendita-macchinari-fr","12":"sws-gruppo-iva-iva81-fr","14":"first","15":"onbackorder","16":"sale","17":"shipping-taxable","18":"purchasable","19":"product-type-simple"},"_links":{"self":[{"href":"https:\/\/lucacastelli.com\/fr\/wp-json\/wp\/v2\/product\/613173","targetHints":{"allow":["GET"]}}],"collection":[{"href":"https:\/\/lucacastelli.com\/fr\/wp-json\/wp\/v2\/product"}],"about":[{"href":"https:\/\/lucacastelli.com\/fr\/wp-json\/wp\/v2\/types\/product"}],"wp:featuredmedia":[{"embeddable":true,"href":"https:\/\/lucacastelli.com\/fr\/wp-json\/wp\/v2\/media\/542170"}],"wp:attachment":[{"href":"https:\/\/lucacastelli.com\/fr\/wp-json\/wp\/v2\/media?parent=613173"}],"wp:term":[{"taxonomy":"product_brand","embeddable":true,"href":"https:\/\/lucacastelli.com\/fr\/wp-json\/wp\/v2\/product_brand?post=613173"},{"taxonomy":"product_cat","embeddable":true,"href":"https:\/\/lucacastelli.com\/fr\/wp-json\/wp\/v2\/product_cat?post=613173"},{"taxonomy":"product_tag","embeddable":true,"href":"https:\/\/lucacastelli.com\/fr\/wp-json\/wp\/v2\/product_tag?post=613173"}],"curies":[{"name":"wp","href":"https:\/\/api.w.org\/{rel}","templated":true}]}}