{"id":613172,"date":"2025-08-10T12:40:53","date_gmt":"2025-08-10T10:40:53","guid":{"rendered":"https:\/\/lucacastelli.com\/prodotto\/milwaukee-plaque-vibrante-mx-fuel-2\/"},"modified":"2026-04-15T12:11:46","modified_gmt":"2026-04-15T10:11:46","slug":"milwaukee-plaque-vibrante-mx-fuel-2","status":"publish","type":"product","link":"https:\/\/lucacastelli.com\/fr\/produit\/milwaukee-plaque-vibrante-mx-fuel-2\/","title":{"rendered":"MILWAUKEE Plaque vibrante MX FUEL\u2122"},"content":{"rendered":"<p>MXF PC50-122\/MX FUEL<br \/>\nPremier compacteur r\u00e9versible parmi les mod\u00e8les l\u00e9gers ; Le compacteur \u00e0 plaque de 50 cm le plus rapide du march\u00e9 ; 2 vitesses pour un contr\u00f4le maximal de l\u2019utilisateur ; Bouton de d\u00e9marrage facilement accessible sur la poign\u00e9e ; Poign\u00e9e facile \u00e0 tourner pour changer de direction ; Poign\u00e9e pliable pour un transport et un stockage faciles ; Compacte jusqu\u2019\u00e0 325 m\u00b2 \/ 40 min avec 1 batterie MXF HD812 (12 Ah) ; Combine les performances des compacteurs thermiques avec les avantages de la batterie ; R\u00e9servoir d\u2019eau, plaque pour pav\u00e9s et kit de roues de transport disponibles s\u00e9par\u00e9ment ; Indicateur de l\u2019\u00e9tat de charge de la batterie ; Le syst\u00e8me MX FUEL\u2122 permet d\u2019atteindre de nouveaux horizons sur batterie : performances des solutions thermiques, filaires ou pneumatiques, tout en \u00e9liminant les dangers li\u00e9s aux \u00e9missions, au bruit, aux vibrations, aux tr\u00e9buchements et \u00e0 la maintenance complexe ; Le syst\u00e8me de suivi et de s\u00e9curit\u00e9 ONE-KEY\u2122 offre un service gratuit de tra\u00e7age et de gestion d\u2019inventaire bas\u00e9 sur le cloud, avec des fonctionnalit\u00e9s de verrouillage \u00e0 distance<\/p>\n<p>4933493268<br \/>\n4058546481391<\/p>\n","protected":false},"excerpt":{"rendered":"<p>MXF PC50-122\/MX FUEL<\/p>\n","protected":false},"featured_media":585190,"template":"","meta":{"_seopress_robots_primary_cat":"","_seopress_titles_title":"","_seopress_titles_desc":"","_seopress_robots_index":""},"product_brand":[3407],"product_cat":[5531,29,514],"product_tag":[3270],"class_list":{"0":"post-613172","1":"product","2":"type-product","3":"status-publish","4":"has-post-thumbnail","6":"product_brand-milwaukee","7":"product_cat-vari-macchinari-milwaukee","8":"product_cat-macchinari","9":"product_cat-altri-dispositivi","10":"product_tag-import-milwau","11":"sws-conto-ricavi-merci-rivendita-macchinari-fr","12":"sws-gruppo-iva-iva81-fr","14":"first","15":"onbackorder","16":"sale","17":"shipping-taxable","18":"purchasable","19":"product-type-simple"},"_links":{"self":[{"href":"https:\/\/lucacastelli.com\/fr\/wp-json\/wp\/v2\/product\/613172","targetHints":{"allow":["GET"]}}],"collection":[{"href":"https:\/\/lucacastelli.com\/fr\/wp-json\/wp\/v2\/product"}],"about":[{"href":"https:\/\/lucacastelli.com\/fr\/wp-json\/wp\/v2\/types\/product"}],"wp:featuredmedia":[{"embeddable":true,"href":"https:\/\/lucacastelli.com\/fr\/wp-json\/wp\/v2\/media\/585190"}],"wp:attachment":[{"href":"https:\/\/lucacastelli.com\/fr\/wp-json\/wp\/v2\/media?parent=613172"}],"wp:term":[{"taxonomy":"product_brand","embeddable":true,"href":"https:\/\/lucacastelli.com\/fr\/wp-json\/wp\/v2\/product_brand?post=613172"},{"taxonomy":"product_cat","embeddable":true,"href":"https:\/\/lucacastelli.com\/fr\/wp-json\/wp\/v2\/product_cat?post=613172"},{"taxonomy":"product_tag","embeddable":true,"href":"https:\/\/lucacastelli.com\/fr\/wp-json\/wp\/v2\/product_tag?post=613172"}],"curies":[{"name":"wp","href":"https:\/\/api.w.org\/{rel}","templated":true}]}}