{"id":613164,"date":"2025-08-10T12:40:51","date_gmt":"2025-08-10T10:40:51","guid":{"rendered":"https:\/\/lucacastelli.com\/prodotto\/milwaukee-bidon-deau-pour-plaque-vibrante-mx-fuel\/"},"modified":"2025-08-10T12:40:51","modified_gmt":"2025-08-10T10:40:51","slug":"milwaukee-bidon-deau-pour-plaque-vibrante-mx-fuel","status":"publish","type":"product","link":"https:\/\/lucacastelli.com\/fr\/produit\/milwaukee-bidon-deau-pour-plaque-vibrante-mx-fuel\/","title":{"rendered":"Milwaukee Bidon d&#8217;eau pour plaque vibrante MX FUEL"},"content":{"rendered":"<p>R\u00e9servoir d&#8217;eau du compacteur \u00e0 plaque MXF<br \/>\nR\u00e9servoir d&#8217;eau de 13 litres avec raccord rapide;R\u00e9gulateur de d\u00e9bit r\u00e9glable pour un contr\u00f4le facile et un d\u00e9bit d&#8217;eau optimal;\u00c0 utiliser avec la plaque vibrante MX FUEL (MXF PC50)<\/p>\n<p>4932498924 4058546527938.<\/p>\n","protected":false},"excerpt":{"rendered":"<p>Compacteur \u00e0 plaques MXF R\u00e9servoir d&#8217;eau<\/p>\n","protected":false},"featured_media":599581,"template":"","meta":{"_seopress_robots_primary_cat":"","_seopress_titles_title":"","_seopress_titles_desc":"","_seopress_robots_index":""},"product_brand":[3407],"product_cat":[5531,29,514],"product_tag":[3270],"class_list":{"0":"post-613164","1":"product","2":"type-product","3":"status-publish","4":"has-post-thumbnail","6":"product_brand-milwaukee","7":"product_cat-vari-macchinari-milwaukee","8":"product_cat-macchinari","9":"product_cat-altri-dispositivi","10":"product_tag-import-milwau","11":"sws-conto-ricavi-merci-rivendita-macchinari-fr","12":"sws-gruppo-iva-iva81-fr","14":"first","15":"onbackorder","16":"sale","17":"shipping-taxable","18":"purchasable","19":"product-type-simple"},"_links":{"self":[{"href":"https:\/\/lucacastelli.com\/fr\/wp-json\/wp\/v2\/product\/613164","targetHints":{"allow":["GET"]}}],"collection":[{"href":"https:\/\/lucacastelli.com\/fr\/wp-json\/wp\/v2\/product"}],"about":[{"href":"https:\/\/lucacastelli.com\/fr\/wp-json\/wp\/v2\/types\/product"}],"wp:featuredmedia":[{"embeddable":true,"href":"https:\/\/lucacastelli.com\/fr\/wp-json\/wp\/v2\/media\/599581"}],"wp:attachment":[{"href":"https:\/\/lucacastelli.com\/fr\/wp-json\/wp\/v2\/media?parent=613164"}],"wp:term":[{"taxonomy":"product_brand","embeddable":true,"href":"https:\/\/lucacastelli.com\/fr\/wp-json\/wp\/v2\/product_brand?post=613164"},{"taxonomy":"product_cat","embeddable":true,"href":"https:\/\/lucacastelli.com\/fr\/wp-json\/wp\/v2\/product_cat?post=613164"},{"taxonomy":"product_tag","embeddable":true,"href":"https:\/\/lucacastelli.com\/fr\/wp-json\/wp\/v2\/product_tag?post=613164"}],"curies":[{"name":"wp","href":"https:\/\/api.w.org\/{rel}","templated":true}]}}