{"id":613160,"date":"2025-08-10T12:40:52","date_gmt":"2025-08-10T10:40:52","guid":{"rendered":"https:\/\/lucacastelli.com\/prodotto\/milwaukee-plaque-flottante-pour-pulverisateur-mx-fuel-600-mm\/"},"modified":"2025-08-10T12:40:52","modified_gmt":"2025-08-10T10:40:52","slug":"milwaukee-plaque-flottante-pour-pulverisateur-mx-fuel-600-mm","status":"publish","type":"product","link":"https:\/\/lucacastelli.com\/fr\/produit\/milwaukee-plaque-flottante-pour-pulverisateur-mx-fuel-600-mm\/","title":{"rendered":"Milwaukee Plaque flottante pour pulv\u00e9risateur MX FUEL 600 mm."},"content":{"rendered":"<p>MXFWBT60P 600mm WB Edging Trowel Pan<br \/>\nDisque de lissage pour la truelle MX FUEL 600;Par rapport aux lames, les disques de lissage offrent une plus grande surface de contact avec le b\u00e9ton frais, ce qui augmente l&#8217;uniformit\u00e9 globale de la dalle de b\u00e9ton.;Les disques de lissage sont utilis\u00e9s lors de la premi\u00e8re \u00e9tape de la finition de surface pour \u00e9liminer les irr\u00e9gularit\u00e9s du b\u00e9ton.<\/p>\n<p>4932498919<br \/>\n4058546527884<\/p>\n","protected":false},"excerpt":{"rendered":"<p>MXFWBT60P 600mm WB Bac \u00e0 truelle pour bordures<\/p>\n","protected":false},"featured_media":600701,"template":"","meta":{"_seopress_robots_primary_cat":"","_seopress_titles_title":"","_seopress_titles_desc":"","_seopress_robots_index":""},"product_brand":[3407],"product_cat":[5531,29,514],"product_tag":[3270],"class_list":{"0":"post-613160","1":"product","2":"type-product","3":"status-publish","4":"has-post-thumbnail","6":"product_brand-milwaukee","7":"product_cat-vari-macchinari-milwaukee","8":"product_cat-macchinari","9":"product_cat-altri-dispositivi","10":"product_tag-import-milwau","11":"sws-conto-ricavi-merci-rivendita-macchinari-fr","12":"sws-gruppo-iva-iva81-fr","14":"first","15":"onbackorder","16":"sale","17":"shipping-taxable","18":"purchasable","19":"product-type-simple"},"_links":{"self":[{"href":"https:\/\/lucacastelli.com\/fr\/wp-json\/wp\/v2\/product\/613160","targetHints":{"allow":["GET"]}}],"collection":[{"href":"https:\/\/lucacastelli.com\/fr\/wp-json\/wp\/v2\/product"}],"about":[{"href":"https:\/\/lucacastelli.com\/fr\/wp-json\/wp\/v2\/types\/product"}],"wp:featuredmedia":[{"embeddable":true,"href":"https:\/\/lucacastelli.com\/fr\/wp-json\/wp\/v2\/media\/600701"}],"wp:attachment":[{"href":"https:\/\/lucacastelli.com\/fr\/wp-json\/wp\/v2\/media?parent=613160"}],"wp:term":[{"taxonomy":"product_brand","embeddable":true,"href":"https:\/\/lucacastelli.com\/fr\/wp-json\/wp\/v2\/product_brand?post=613160"},{"taxonomy":"product_cat","embeddable":true,"href":"https:\/\/lucacastelli.com\/fr\/wp-json\/wp\/v2\/product_cat?post=613160"},{"taxonomy":"product_tag","embeddable":true,"href":"https:\/\/lucacastelli.com\/fr\/wp-json\/wp\/v2\/product_tag?post=613160"}],"curies":[{"name":"wp","href":"https:\/\/api.w.org\/{rel}","templated":true}]}}