{"id":613158,"date":"2025-08-10T12:40:50","date_gmt":"2025-08-10T10:40:50","guid":{"rendered":"https:\/\/lucacastelli.com\/prodotto\/pompe-submersible-milwaukee-mx-fuel-2\/"},"modified":"2026-04-15T12:12:04","modified_gmt":"2026-04-15T10:12:04","slug":"pompe-submersible-milwaukee-mx-fuel-2","status":"publish","type":"product","link":"https:\/\/lucacastelli.com\/fr\/produit\/pompe-submersible-milwaukee-mx-fuel-2\/","title":{"rendered":"MILWAUKEE Pompe submersible MX FUEL\u2122"},"content":{"rendered":"<p>MXFSMP2-802 MX FUEL SUB PUMP<br \/>\n3 modes de fonctionnement pour un d\u00e9bit parfait ; Mode \u00c9co pour une autonomie prolong\u00e9e ; Reconnaissance automatique : On, off, d\u00e9bit automatique ; Hauteur de refoulement jusqu\u2019\u00e0 18 m ; D\u00e9bit de 320 l\/min pour une productivit\u00e9 optimale ; Communication avec l\u2019utilisateur via la t\u00e9l\u00e9commande ; Plus besoin de g\u00e9n\u00e9rateurs pour une utilisation en espaces clos ou souterrains ; S\u2019appuyant sur les points forts de la technologie FUEL\u2122, le syst\u00e8me FUEL\u2122 atteint un nouveau niveau de performance sans fil. En se concentrant sur les performances du thermique, du filaire et du pneumatique, ces outils \u00e9liminent les risques d\u2019\u00e9missions, de bruit, de vibrations, de tr\u00e9buchement et la frustration li\u00e9e \u00e0 un entretien complexe ; ONE-KEY\u2122 Tool Tracking &amp; Security offre un r\u00e9seau de suivi et une gestion d\u2019inventaire gratuite sur le cloud pour vos outils. ONE-KEY\u2122 propose \u00e9galement une fonction de verrouillage \u00e0 distance.<\/p>\n<p>4933498163<br \/>\n4058546513238<\/p>\n","protected":false},"excerpt":{"rendered":"<p>MXFSMP2-802 MX FUEL SUB PUMP<\/p>\n","protected":false},"featured_media":587294,"template":"","meta":{"_seopress_robots_primary_cat":"","_seopress_titles_title":"","_seopress_titles_desc":"","_seopress_robots_index":""},"product_brand":[3407],"product_cat":[5531,29,514],"product_tag":[3270],"class_list":{"0":"post-613158","1":"product","2":"type-product","3":"status-publish","4":"has-post-thumbnail","6":"product_brand-milwaukee","7":"product_cat-vari-macchinari-milwaukee","8":"product_cat-macchinari","9":"product_cat-altri-dispositivi","10":"product_tag-import-milwau","11":"sws-conto-ricavi-merci-rivendita-macchinari-fr","12":"sws-gruppo-iva-iva81-fr","14":"first","15":"onbackorder","16":"sale","17":"shipping-taxable","18":"purchasable","19":"product-type-simple"},"_links":{"self":[{"href":"https:\/\/lucacastelli.com\/fr\/wp-json\/wp\/v2\/product\/613158","targetHints":{"allow":["GET"]}}],"collection":[{"href":"https:\/\/lucacastelli.com\/fr\/wp-json\/wp\/v2\/product"}],"about":[{"href":"https:\/\/lucacastelli.com\/fr\/wp-json\/wp\/v2\/types\/product"}],"wp:featuredmedia":[{"embeddable":true,"href":"https:\/\/lucacastelli.com\/fr\/wp-json\/wp\/v2\/media\/587294"}],"wp:attachment":[{"href":"https:\/\/lucacastelli.com\/fr\/wp-json\/wp\/v2\/media?parent=613158"}],"wp:term":[{"taxonomy":"product_brand","embeddable":true,"href":"https:\/\/lucacastelli.com\/fr\/wp-json\/wp\/v2\/product_brand?post=613158"},{"taxonomy":"product_cat","embeddable":true,"href":"https:\/\/lucacastelli.com\/fr\/wp-json\/wp\/v2\/product_cat?post=613158"},{"taxonomy":"product_tag","embeddable":true,"href":"https:\/\/lucacastelli.com\/fr\/wp-json\/wp\/v2\/product_tag?post=613158"}],"curies":[{"name":"wp","href":"https:\/\/api.w.org\/{rel}","templated":true}]}}