{"id":613155,"date":"2025-08-10T12:27:29","date_gmt":"2025-08-10T10:27:29","guid":{"rendered":"https:\/\/lucacastelli.com\/prodotto\/milwaukee-machoires-de-pressage\/"},"modified":"2025-08-10T12:27:29","modified_gmt":"2025-08-10T10:27:29","slug":"milwaukee-machoires-de-pressage","status":"publish","type":"product","link":"https:\/\/lucacastelli.com\/fr\/produit\/milwaukee-machoires-de-pressage\/","title":{"rendered":"Milwaukee M\u00e2choires de pressage"},"content":{"rendered":"<p>M\u00e2choires de pressage<br \/>\nAnneau de m\u00e2choire de pressage RJ18XL-M67<br \/>\nM\u00e2choire de pressage avec profil M, adapt\u00e9e \u00e0 la machine de pressage \u00e0 piles M18<\/p>\n<p>4932498245<br \/>\n4058546521141<\/p>\n","protected":false},"excerpt":{"rendered":"<p>Anneau de m\u00e2choire RJ18XL-M67<\/p>\n","protected":false},"featured_media":600691,"template":"","meta":{"_seopress_robots_primary_cat":"","_seopress_titles_title":"","_seopress_titles_desc":"","_seopress_robots_index":""},"product_brand":[3407],"product_cat":[5531,29,514],"product_tag":[3270],"class_list":{"0":"post-613155","1":"product","2":"type-product","3":"status-publish","4":"has-post-thumbnail","6":"product_brand-milwaukee","7":"product_cat-vari-macchinari-milwaukee","8":"product_cat-macchinari","9":"product_cat-altri-dispositivi","10":"product_tag-import-milwau","11":"sws-conto-ricavi-merci-rivendita-macchinari-fr","12":"sws-gruppo-iva-iva81-fr","14":"first","15":"onbackorder","16":"sale","17":"shipping-taxable","18":"purchasable","19":"product-type-simple"},"_links":{"self":[{"href":"https:\/\/lucacastelli.com\/fr\/wp-json\/wp\/v2\/product\/613155","targetHints":{"allow":["GET"]}}],"collection":[{"href":"https:\/\/lucacastelli.com\/fr\/wp-json\/wp\/v2\/product"}],"about":[{"href":"https:\/\/lucacastelli.com\/fr\/wp-json\/wp\/v2\/types\/product"}],"wp:featuredmedia":[{"embeddable":true,"href":"https:\/\/lucacastelli.com\/fr\/wp-json\/wp\/v2\/media\/600691"}],"wp:attachment":[{"href":"https:\/\/lucacastelli.com\/fr\/wp-json\/wp\/v2\/media?parent=613155"}],"wp:term":[{"taxonomy":"product_brand","embeddable":true,"href":"https:\/\/lucacastelli.com\/fr\/wp-json\/wp\/v2\/product_brand?post=613155"},{"taxonomy":"product_cat","embeddable":true,"href":"https:\/\/lucacastelli.com\/fr\/wp-json\/wp\/v2\/product_cat?post=613155"},{"taxonomy":"product_tag","embeddable":true,"href":"https:\/\/lucacastelli.com\/fr\/wp-json\/wp\/v2\/product_tag?post=613155"}],"curies":[{"name":"wp","href":"https:\/\/api.w.org\/{rel}","templated":true}]}}