{"id":613143,"date":"2025-08-10T12:26:25","date_gmt":"2025-08-10T10:26:25","guid":{"rendered":"https:\/\/lucacastelli.com\/prodotto\/milwaukee-moniteur-dinspection\/"},"modified":"2025-08-10T12:26:25","modified_gmt":"2025-08-10T10:26:25","slug":"milwaukee-moniteur-dinspection","status":"publish","type":"product","link":"https:\/\/lucacastelli.com\/fr\/produit\/milwaukee-moniteur-dinspection\/","title":{"rendered":"Milwaukee Moniteur d&#8217;inspection"},"content":{"rendered":"<p>CAM\u00c9RA D&#8217;INSPECTION M12SIM-0<br \/>\nTransf\u00e8re les fichiers via l&#8217;USB-A, l&#8217;USB-C, la carte microSD ou de mani\u00e8re pratique via le WiFi;L&#8217;\u00e9cran tactile de 5.L&#8217;\u00e9cran tactile LCD de 5 pouces fournit des images nettes et claires et permet \u00e0 l&#8217;utilisateur de voir les zones en d\u00e9tail;Utilisation intuitive de l&#8217;\u00e9cran tactile gr\u00e2ce \u00e0 l&#8217;interface utilisateur simplifi\u00e9e;R\u00e9solution de la cam\u00e9ra de 720 p avec zoom et luminosit\u00e9 variables, permettant une mise au point claire et rapide;Les images captur\u00e9es peuvent \u00eatre modifi\u00e9es sur l&#8217;\u00e9cran tactile pour mettre en \u00e9vidence les zones critiques;La carte microSD de 32 Go incluse permet d&#8217;enregistrer et de stocker des images et des vid\u00e9os;2 c\u00e2bles vid\u00e9o connectables d&#8217;une longueur de 1.2m et 3m de longueur;La t\u00eate de cam\u00e9ra de 10mm permet d&#8217;acc\u00e9der aux endroits \u00e9troits tels que les \u00e9viers, les toilettes;La t\u00eate de cam\u00e9ra et le c\u00e2ble de cam\u00e9ra IP67 r\u00e9sistent aux conditions les plus difficiles;Les sangles en silicone amovibles et r\u00e9glables offrent un confort optimal \u00e0 l&#8217;utilisateur;La batterie REDLITHIUM\u2122 offre une construction avanc\u00e9e du bloc-batterie pour une dur\u00e9e de vie plus longue et des performances constantes au fil du temps;Fonctionne avec toutes les batteries Milwaukee.<\/p>\n<p>4933493592<br \/>\n4058546484637<\/p>\n","protected":false},"excerpt":{"rendered":"<p>CAM\u00c9RA D&#8217;INSPECTION M12SIM-0<\/p>\n","protected":false},"featured_media":589302,"template":"","meta":{"_seopress_robots_primary_cat":"","_seopress_titles_title":"","_seopress_titles_desc":"","_seopress_robots_index":""},"product_brand":[3407],"product_cat":[5531,29,514],"product_tag":[3270],"class_list":{"0":"post-613143","1":"product","2":"type-product","3":"status-publish","4":"has-post-thumbnail","6":"product_brand-milwaukee","7":"product_cat-vari-macchinari-milwaukee","8":"product_cat-macchinari","9":"product_cat-altri-dispositivi","10":"product_tag-import-milwau","11":"sws-conto-ricavi-merci-rivendita-macchinari-fr","12":"sws-gruppo-iva-iva81-fr","14":"first","15":"onbackorder","16":"sale","17":"shipping-taxable","18":"purchasable","19":"product-type-simple"},"_links":{"self":[{"href":"https:\/\/lucacastelli.com\/fr\/wp-json\/wp\/v2\/product\/613143","targetHints":{"allow":["GET"]}}],"collection":[{"href":"https:\/\/lucacastelli.com\/fr\/wp-json\/wp\/v2\/product"}],"about":[{"href":"https:\/\/lucacastelli.com\/fr\/wp-json\/wp\/v2\/types\/product"}],"wp:featuredmedia":[{"embeddable":true,"href":"https:\/\/lucacastelli.com\/fr\/wp-json\/wp\/v2\/media\/589302"}],"wp:attachment":[{"href":"https:\/\/lucacastelli.com\/fr\/wp-json\/wp\/v2\/media?parent=613143"}],"wp:term":[{"taxonomy":"product_brand","embeddable":true,"href":"https:\/\/lucacastelli.com\/fr\/wp-json\/wp\/v2\/product_brand?post=613143"},{"taxonomy":"product_cat","embeddable":true,"href":"https:\/\/lucacastelli.com\/fr\/wp-json\/wp\/v2\/product_cat?post=613143"},{"taxonomy":"product_tag","embeddable":true,"href":"https:\/\/lucacastelli.com\/fr\/wp-json\/wp\/v2\/product_tag?post=613143"}],"curies":[{"name":"wp","href":"https:\/\/api.w.org\/{rel}","templated":true}]}}