{"id":613142,"date":"2025-08-10T12:26:26","date_gmt":"2025-08-10T10:26:26","guid":{"rendered":"https:\/\/lucacastelli.com\/prodotto\/tronconneuse-electrique-milwaukee\/"},"modified":"2025-08-10T12:26:26","modified_gmt":"2025-08-10T10:26:26","slug":"tronconneuse-electrique-milwaukee","status":"publish","type":"product","link":"https:\/\/lucacastelli.com\/fr\/produit\/tronconneuse-electrique-milwaukee\/","title":{"rendered":"Tron\u00e7onneuse \u00e9lectrique MILWAUKEE"},"content":{"rendered":"<p>M18 FTHCHS35-802 \/ SCIES \u00c9LECTRIQUES<br \/>\nVitesse de coupe exceptionnelle sur les bois durs par rapport aux mod\u00e8les comparables \u00e0 essence ou \u00e0 fil;Fournit un couple \u00e9lev\u00e9 pour achever les coupes m\u00eame dans les applications les plus exigeantes, en maintenant une vitesse constante sans ralentir;La technologie FUEL garantit une vitesse maximale en moins d&#8217;une seconde;Permet jusqu&#8217;\u00e0 150 coupes sur du bois de c\u00e8dre de 10 cm x 10 cm avec 1 batterie M18 HIGH OUTPUT\u2122 de 8,0 Ah.0 Ah;Scie \u00e9lectrique compacte et \u00e9quilibr\u00e9e avec un guide de 35 cm et une poign\u00e9e sup\u00e9rieure con\u00e7ue sp\u00e9cialement pour les arboriculteurs professionnels;Commutateur de vitesse variable pour un contr\u00f4le maximal de la vitesse;Crochet pour une insertion et un retrait pratiques et rapides du harnais;Poign\u00e9e ergonomique pour un maximum de confort et une meilleure prise en main;Acc\u00e8s facile au tendeur de cha\u00eene ;Effet de levier maximal lors de la coupe gr\u00e2ce \u00e0 des dents m\u00e9talliques solides, pour des performances \u00e9lev\u00e9es;Acc\u00e8s facile au r\u00e9servoir d&#8217;huile et \u00e0 la fen\u00eatre pour une v\u00e9rification rapide du niveau d&#8217;huile;Fournie avec de l&#8217;huile de 76 cc, une cl\u00e9 de cha\u00eene et un tendeur de cha\u00eene;Syst\u00e8me HIGH OUTPUT\u2122, \u00e9l\u00e8ve les performances et l&#8217;autonomie de la technologie M18 FUEL;Fonctionne avec toutes les batteries MILWAUKEEE\u00ae M18\u2122.<\/p>\n<p>4933499222<br \/>\n4058546563868<\/p>\n","protected":false},"excerpt":{"rendered":"<p>M18 FTHCHS35-802 \/ SCIES \u00c9LECTRIQUES<\/p>\n","protected":false},"featured_media":580549,"template":"","meta":{"_seopress_robots_primary_cat":"","_seopress_titles_title":"","_seopress_titles_desc":"","_seopress_robots_index":""},"product_brand":[3407],"product_cat":[5531,29,514],"product_tag":[3270],"class_list":{"0":"post-613142","1":"product","2":"type-product","3":"status-publish","4":"has-post-thumbnail","6":"product_brand-milwaukee","7":"product_cat-vari-macchinari-milwaukee","8":"product_cat-macchinari","9":"product_cat-altri-dispositivi","10":"product_tag-import-milwau","11":"sws-conto-ricavi-merci-rivendita-macchinari-fr","12":"sws-gruppo-iva-iva81-fr","14":"first","15":"onbackorder","16":"sale","17":"shipping-taxable","18":"purchasable","19":"product-type-simple"},"_links":{"self":[{"href":"https:\/\/lucacastelli.com\/fr\/wp-json\/wp\/v2\/product\/613142","targetHints":{"allow":["GET"]}}],"collection":[{"href":"https:\/\/lucacastelli.com\/fr\/wp-json\/wp\/v2\/product"}],"about":[{"href":"https:\/\/lucacastelli.com\/fr\/wp-json\/wp\/v2\/types\/product"}],"wp:featuredmedia":[{"embeddable":true,"href":"https:\/\/lucacastelli.com\/fr\/wp-json\/wp\/v2\/media\/580549"}],"wp:attachment":[{"href":"https:\/\/lucacastelli.com\/fr\/wp-json\/wp\/v2\/media?parent=613142"}],"wp:term":[{"taxonomy":"product_brand","embeddable":true,"href":"https:\/\/lucacastelli.com\/fr\/wp-json\/wp\/v2\/product_brand?post=613142"},{"taxonomy":"product_cat","embeddable":true,"href":"https:\/\/lucacastelli.com\/fr\/wp-json\/wp\/v2\/product_cat?post=613142"},{"taxonomy":"product_tag","embeddable":true,"href":"https:\/\/lucacastelli.com\/fr\/wp-json\/wp\/v2\/product_tag?post=613142"}],"curies":[{"name":"wp","href":"https:\/\/api.w.org\/{rel}","templated":true}]}}