{"id":613130,"date":"2025-08-10T12:26:01","date_gmt":"2025-08-10T10:26:01","guid":{"rendered":"https:\/\/lucacastelli.com\/prodotto\/milwaukee-sac-a-poussiere-en-polaire-onef2vc34m\/"},"modified":"2025-08-10T12:26:01","modified_gmt":"2025-08-10T10:26:01","slug":"milwaukee-sac-a-poussiere-en-polaire-onef2vc34m","status":"publish","type":"product","link":"https:\/\/lucacastelli.com\/fr\/produit\/milwaukee-sac-a-poussiere-en-polaire-onef2vc34m\/","title":{"rendered":"Milwaukee Sac \u00e0 poussi\u00e8re en polaire- ONEF2VC34M"},"content":{"rendered":"<p>Sac \u00e0 poussi\u00e8re en polaire- ONEF2VC34M<br \/>\nsac \u00e0 poussi\u00e8re pour aspirateur M18ONEF2VC34M<\/p>\n<p>4932498663<br \/>\n4058546525323<\/p>\n","protected":false},"excerpt":{"rendered":"<p>Sac \u00e0 poussi\u00e8re en polaire- ONEF2VC34M<\/p>\n","protected":false},"featured_media":591271,"template":"","meta":{"_seopress_robots_primary_cat":"","_seopress_titles_title":"","_seopress_titles_desc":"","_seopress_robots_index":""},"product_brand":[3658],"product_cat":[1453,5532,167],"product_tag":[3273],"class_list":{"0":"post-613130","1":"product","2":"type-product","3":"status-publish","4":"has-post-thumbnail","6":"product_brand-milwaukee-fr","7":"product_cat-autres-appareils","8":"product_cat-diverses-machines-milwaukee","9":"product_cat-machines","10":"product_tag-import-milwau-fr","11":"sws-conto-ricavi-merci-rivendita-macchinari-fr","12":"sws-gruppo-iva-iva81-fr","14":"first","15":"onbackorder","16":"sale","17":"shipping-taxable","18":"purchasable","19":"product-type-simple"},"_links":{"self":[{"href":"https:\/\/lucacastelli.com\/fr\/wp-json\/wp\/v2\/product\/613130","targetHints":{"allow":["GET"]}}],"collection":[{"href":"https:\/\/lucacastelli.com\/fr\/wp-json\/wp\/v2\/product"}],"about":[{"href":"https:\/\/lucacastelli.com\/fr\/wp-json\/wp\/v2\/types\/product"}],"wp:featuredmedia":[{"embeddable":true,"href":"https:\/\/lucacastelli.com\/fr\/wp-json\/wp\/v2\/media\/591271"}],"wp:attachment":[{"href":"https:\/\/lucacastelli.com\/fr\/wp-json\/wp\/v2\/media?parent=613130"}],"wp:term":[{"taxonomy":"product_brand","embeddable":true,"href":"https:\/\/lucacastelli.com\/fr\/wp-json\/wp\/v2\/product_brand?post=613130"},{"taxonomy":"product_cat","embeddable":true,"href":"https:\/\/lucacastelli.com\/fr\/wp-json\/wp\/v2\/product_cat?post=613130"},{"taxonomy":"product_tag","embeddable":true,"href":"https:\/\/lucacastelli.com\/fr\/wp-json\/wp\/v2\/product_tag?post=613130"}],"curies":[{"name":"wp","href":"https:\/\/api.w.org\/{rel}","templated":true}]}}