{"id":613120,"date":"2025-08-10T12:25:53","date_gmt":"2025-08-10T10:25:53","guid":{"rendered":"https:\/\/lucacastelli.com\/prodotto\/milwaukee-cable-de-remplacement-pour-agrafeuse-a-grande-vitesse-m12-hsfsm\/"},"modified":"2025-08-10T12:25:53","modified_gmt":"2025-08-10T10:25:53","slug":"milwaukee-cable-de-remplacement-pour-agrafeuse-a-grande-vitesse-m12-hsfsm","status":"publish","type":"product","link":"https:\/\/lucacastelli.com\/fr\/produit\/milwaukee-cable-de-remplacement-pour-agrafeuse-a-grande-vitesse-m12-hsfsm\/","title":{"rendered":"Milwaukee C\u00e2ble de remplacement pour agrafeuse \u00e0 grande vitesse M12 HSFSM"},"content":{"rendered":"<p>C\u00e2ble de remplacement pour machine \u00e0 arbre flexible M12 HSFSM<br \/>\nM12Flex.Shaft<br \/>\nC\u00e2ble de remplacement pour machine \u00e0 arbre flexible M12 rechargeable<\/p>\n<p>4932499172<br \/>\n4058546563363<\/p>\n","protected":false},"excerpt":{"rendered":"<p>C\u00e2ble de remplacement pour machine M12Flex.Shaft<\/p>\n","protected":false},"featured_media":593675,"template":"","meta":{"_seopress_robots_primary_cat":"","_seopress_titles_title":"","_seopress_titles_desc":"","_seopress_robots_index":""},"product_brand":[3407],"product_cat":[5531,29,514],"product_tag":[3270],"class_list":{"0":"post-613120","1":"product","2":"type-product","3":"status-publish","4":"has-post-thumbnail","6":"product_brand-milwaukee","7":"product_cat-vari-macchinari-milwaukee","8":"product_cat-macchinari","9":"product_cat-altri-dispositivi","10":"product_tag-import-milwau","11":"sws-conto-ricavi-merci-rivendita-macchinari-fr","12":"sws-gruppo-iva-iva81-fr","14":"first","15":"onbackorder","16":"sale","17":"shipping-taxable","18":"purchasable","19":"product-type-simple"},"_links":{"self":[{"href":"https:\/\/lucacastelli.com\/fr\/wp-json\/wp\/v2\/product\/613120","targetHints":{"allow":["GET"]}}],"collection":[{"href":"https:\/\/lucacastelli.com\/fr\/wp-json\/wp\/v2\/product"}],"about":[{"href":"https:\/\/lucacastelli.com\/fr\/wp-json\/wp\/v2\/types\/product"}],"wp:featuredmedia":[{"embeddable":true,"href":"https:\/\/lucacastelli.com\/fr\/wp-json\/wp\/v2\/media\/593675"}],"wp:attachment":[{"href":"https:\/\/lucacastelli.com\/fr\/wp-json\/wp\/v2\/media?parent=613120"}],"wp:term":[{"taxonomy":"product_brand","embeddable":true,"href":"https:\/\/lucacastelli.com\/fr\/wp-json\/wp\/v2\/product_brand?post=613120"},{"taxonomy":"product_cat","embeddable":true,"href":"https:\/\/lucacastelli.com\/fr\/wp-json\/wp\/v2\/product_cat?post=613120"},{"taxonomy":"product_tag","embeddable":true,"href":"https:\/\/lucacastelli.com\/fr\/wp-json\/wp\/v2\/product_tag?post=613120"}],"curies":[{"name":"wp","href":"https:\/\/api.w.org\/{rel}","templated":true}]}}