{"id":613104,"date":"2025-08-10T08:53:16","date_gmt":"2025-08-10T06:53:16","guid":{"rendered":"https:\/\/lucacastelli.com\/prodotto\/clous-en-spirale-milwaukee-tete-15-15\/"},"modified":"2025-08-10T08:53:16","modified_gmt":"2025-08-10T06:53:16","slug":"clous-en-spirale-milwaukee-tete-15-15","status":"publish","type":"product","link":"https:\/\/lucacastelli.com\/fr\/produit\/clous-en-spirale-milwaukee-tete-15-15\/","title":{"rendered":"Clous en spirale Milwaukee &#8211; T\u00eate 15\u00b0."},"content":{"rendered":"<p>CHIO SPIR 15 RH 3.05x32mm\/RS\/HDG-2160 pcs<br \/>\nClous cib \u00e0 t\u00eate en D pour M18FRCN45;Clous en rouleau \u00e0 15 degr\u00e9s<\/p>\n<p>4932499322<br \/>\n4058546564865<\/p>\n","protected":false},"excerpt":{"rendered":"<p>CHIO SPIR 15 RH 3.05x32mm\/RS\/HDG-2160 pcs.<\/p>\n","protected":false},"featured_media":567946,"template":"","meta":{"_seopress_robots_primary_cat":"","_seopress_titles_title":"","_seopress_titles_desc":"","_seopress_robots_index":""},"product_brand":[3407],"product_cat":[29,552,553],"product_tag":[3270],"class_list":{"0":"post-613104","1":"product","2":"type-product","3":"status-publish","4":"has-post-thumbnail","6":"product_brand-milwaukee","7":"product_cat-macchinari","8":"product_cat-chiodatrici","9":"product_cat-accessori-per-chiodatrici","10":"product_tag-import-milwau","11":"sws-conto-ricavi-merci-rivendita-macchinari-fr","12":"sws-gruppo-iva-iva81-fr","14":"first","15":"onbackorder","16":"sale","17":"shipping-taxable","18":"purchasable","19":"product-type-simple"},"_links":{"self":[{"href":"https:\/\/lucacastelli.com\/fr\/wp-json\/wp\/v2\/product\/613104","targetHints":{"allow":["GET"]}}],"collection":[{"href":"https:\/\/lucacastelli.com\/fr\/wp-json\/wp\/v2\/product"}],"about":[{"href":"https:\/\/lucacastelli.com\/fr\/wp-json\/wp\/v2\/types\/product"}],"wp:featuredmedia":[{"embeddable":true,"href":"https:\/\/lucacastelli.com\/fr\/wp-json\/wp\/v2\/media\/567946"}],"wp:attachment":[{"href":"https:\/\/lucacastelli.com\/fr\/wp-json\/wp\/v2\/media?parent=613104"}],"wp:term":[{"taxonomy":"product_brand","embeddable":true,"href":"https:\/\/lucacastelli.com\/fr\/wp-json\/wp\/v2\/product_brand?post=613104"},{"taxonomy":"product_cat","embeddable":true,"href":"https:\/\/lucacastelli.com\/fr\/wp-json\/wp\/v2\/product_cat?post=613104"},{"taxonomy":"product_tag","embeddable":true,"href":"https:\/\/lucacastelli.com\/fr\/wp-json\/wp\/v2\/product_tag?post=613104"}],"curies":[{"name":"wp","href":"https:\/\/api.w.org\/{rel}","templated":true}]}}