{"id":613082,"date":"2025-08-10T08:53:09","date_gmt":"2025-08-10T06:53:09","guid":{"rendered":"https:\/\/lucacastelli.com\/prodotto\/clous-en-spirale-milwaukee-tete-15-7\/"},"modified":"2025-08-10T08:53:09","modified_gmt":"2025-08-10T06:53:09","slug":"clous-en-spirale-milwaukee-tete-15-7","status":"publish","type":"product","link":"https:\/\/lucacastelli.com\/fr\/produit\/clous-en-spirale-milwaukee-tete-15-7\/","title":{"rendered":"Clous en spirale Milwaukee &#8211; T\u00eate 15\u00b0."},"content":{"rendered":"<p>CHIO SPIR 15 RH 3.05x45mm\/RS\/G-1440 pcs<br \/>\nClous \u00e0 t\u00eate en D pour M18FRCN45;Clous en rouleau \u00e0 15 degr\u00e9s<\/p>\n<p>4932499315<br \/>\n4058546564797<\/p>\n","protected":false},"excerpt":{"rendered":"<p>CHIO SPIR 15 RH 3.05x45mm\/RS\/G-1440 pcs.<\/p>\n","protected":false},"featured_media":567835,"template":"","meta":{"_seopress_robots_primary_cat":"","_seopress_titles_title":"","_seopress_titles_desc":"","_seopress_robots_index":""},"product_brand":[3658],"product_cat":[167,1462,1459],"product_tag":[3273],"class_list":{"0":"post-613082","1":"product","2":"type-product","3":"status-publish","4":"has-post-thumbnail","6":"product_brand-milwaukee-fr","7":"product_cat-machines","8":"product_cat-cloueurs","9":"product_cat-accessoires-pour-cloueurs","10":"product_tag-import-milwau-fr","11":"sws-conto-ricavi-merci-rivendita-macchinari-fr","12":"sws-gruppo-iva-iva81-fr","14":"first","15":"onbackorder","16":"sale","17":"shipping-taxable","18":"purchasable","19":"product-type-simple"},"_links":{"self":[{"href":"https:\/\/lucacastelli.com\/fr\/wp-json\/wp\/v2\/product\/613082","targetHints":{"allow":["GET"]}}],"collection":[{"href":"https:\/\/lucacastelli.com\/fr\/wp-json\/wp\/v2\/product"}],"about":[{"href":"https:\/\/lucacastelli.com\/fr\/wp-json\/wp\/v2\/types\/product"}],"wp:featuredmedia":[{"embeddable":true,"href":"https:\/\/lucacastelli.com\/fr\/wp-json\/wp\/v2\/media\/567835"}],"wp:attachment":[{"href":"https:\/\/lucacastelli.com\/fr\/wp-json\/wp\/v2\/media?parent=613082"}],"wp:term":[{"taxonomy":"product_brand","embeddable":true,"href":"https:\/\/lucacastelli.com\/fr\/wp-json\/wp\/v2\/product_brand?post=613082"},{"taxonomy":"product_cat","embeddable":true,"href":"https:\/\/lucacastelli.com\/fr\/wp-json\/wp\/v2\/product_cat?post=613082"},{"taxonomy":"product_tag","embeddable":true,"href":"https:\/\/lucacastelli.com\/fr\/wp-json\/wp\/v2\/product_tag?post=613082"}],"curies":[{"name":"wp","href":"https:\/\/api.w.org\/{rel}","templated":true}]}}