{"id":613024,"date":"2025-08-10T08:52:23","date_gmt":"2025-08-10T06:52:23","guid":{"rendered":"https:\/\/lucacastelli.com\/prodotto\/milwaukee-clous-21-duplex\/"},"modified":"2025-08-10T08:52:23","modified_gmt":"2025-08-10T06:52:23","slug":"milwaukee-clous-21-duplex","status":"publish","type":"product","link":"https:\/\/lucacastelli.com\/fr\/produit\/milwaukee-clous-21-duplex\/","title":{"rendered":"Milwaukee Clous 21\u00b0 &#8211; Duplex"},"content":{"rendered":"<p>Clous Duplex 21deg RH 92mm\/76mm-2000pc<br \/>\nClou \u00e0 double t\u00eate : con\u00e7u pour les fixations temporaires, permet un retrait facile;Tige lisse : permet un retrait rapide et sans probl\u00e8me du mat\u00e9riau;Id\u00e9al pour les constructions temporaires telles que les coffrages de b\u00e9ton, qui n\u00e9cessitent ult\u00e9rieurement le retrait des clous.<\/p>\n<p>4932498156<br \/>\n4058546513160<\/p>\n","protected":false},"excerpt":{"rendered":"<p>Clous Duplex 21deg RH 92mm\/76mm-2000pc<\/p>\n","protected":false},"featured_media":566436,"template":"","meta":{"_seopress_robots_primary_cat":"","_seopress_titles_title":"","_seopress_titles_desc":"","_seopress_robots_index":""},"product_brand":[3407],"product_cat":[29,552,553],"product_tag":[3270],"class_list":{"0":"post-613024","1":"product","2":"type-product","3":"status-publish","4":"has-post-thumbnail","6":"product_brand-milwaukee","7":"product_cat-macchinari","8":"product_cat-chiodatrici","9":"product_cat-accessori-per-chiodatrici","10":"product_tag-import-milwau","11":"sws-conto-ricavi-merci-rivendita-macchinari-fr","12":"sws-gruppo-iva-iva81-fr","14":"first","15":"onbackorder","16":"sale","17":"shipping-taxable","18":"purchasable","19":"product-type-simple"},"_links":{"self":[{"href":"https:\/\/lucacastelli.com\/fr\/wp-json\/wp\/v2\/product\/613024","targetHints":{"allow":["GET"]}}],"collection":[{"href":"https:\/\/lucacastelli.com\/fr\/wp-json\/wp\/v2\/product"}],"about":[{"href":"https:\/\/lucacastelli.com\/fr\/wp-json\/wp\/v2\/types\/product"}],"wp:featuredmedia":[{"embeddable":true,"href":"https:\/\/lucacastelli.com\/fr\/wp-json\/wp\/v2\/media\/566436"}],"wp:attachment":[{"href":"https:\/\/lucacastelli.com\/fr\/wp-json\/wp\/v2\/media?parent=613024"}],"wp:term":[{"taxonomy":"product_brand","embeddable":true,"href":"https:\/\/lucacastelli.com\/fr\/wp-json\/wp\/v2\/product_brand?post=613024"},{"taxonomy":"product_cat","embeddable":true,"href":"https:\/\/lucacastelli.com\/fr\/wp-json\/wp\/v2\/product_cat?post=613024"},{"taxonomy":"product_tag","embeddable":true,"href":"https:\/\/lucacastelli.com\/fr\/wp-json\/wp\/v2\/product_tag?post=613024"}],"curies":[{"name":"wp","href":"https:\/\/api.w.org\/{rel}","templated":true}]}}