{"id":613022,"date":"2025-08-10T08:52:21","date_gmt":"2025-08-10T06:52:21","guid":{"rendered":"https:\/\/lucacastelli.com\/prodotto\/milwaukee-clous-20-tete-ronde-8\/"},"modified":"2025-08-10T08:52:21","modified_gmt":"2025-08-10T06:52:21","slug":"milwaukee-clous-20-tete-ronde-8","status":"publish","type":"product","link":"https:\/\/lucacastelli.com\/fr\/produit\/milwaukee-clous-20-tete-ronde-8\/","title":{"rendered":"Milwaukee Clous 20\u00b0 &#8211; T\u00eate ronde"},"content":{"rendered":"<p>CHIO T.R.20 7,4&#215;3,1\/90mm\/RS\/B\/SC2 1750pcs<br \/>\nA utiliser avec M18 FFN21;Clous \u00e0 t\u00eate ronde 20\u00b0 &#8211; ruban plastique;Clous galvanis\u00e9s pour l&#8217;int\u00e9rieur et l&#8217;ext\u00e9rieur (Classe de service 1+2\/Eurocode 5)<\/p>\n<p>4932492594<br \/>\n4058546419615<\/p>\n","protected":false},"excerpt":{"rendered":"<p>CHIO T.R.20 7,4&#215;3,1\/90mm\/RS\/B\/SC2 1750pcs<\/p>\n","protected":false},"featured_media":557590,"template":"","meta":{"_seopress_robots_primary_cat":"","_seopress_titles_title":"","_seopress_titles_desc":"","_seopress_robots_index":""},"product_brand":[3407],"product_cat":[29,552,553],"product_tag":[3270],"class_list":{"0":"post-613022","1":"product","2":"type-product","3":"status-publish","4":"has-post-thumbnail","6":"product_brand-milwaukee","7":"product_cat-macchinari","8":"product_cat-chiodatrici","9":"product_cat-accessori-per-chiodatrici","10":"product_tag-import-milwau","11":"sws-conto-ricavi-merci-rivendita-macchinari-fr","12":"sws-gruppo-iva-iva81-fr","14":"first","15":"onbackorder","16":"sale","17":"shipping-taxable","18":"purchasable","19":"product-type-simple"},"_links":{"self":[{"href":"https:\/\/lucacastelli.com\/fr\/wp-json\/wp\/v2\/product\/613022","targetHints":{"allow":["GET"]}}],"collection":[{"href":"https:\/\/lucacastelli.com\/fr\/wp-json\/wp\/v2\/product"}],"about":[{"href":"https:\/\/lucacastelli.com\/fr\/wp-json\/wp\/v2\/types\/product"}],"wp:featuredmedia":[{"embeddable":true,"href":"https:\/\/lucacastelli.com\/fr\/wp-json\/wp\/v2\/media\/557590"}],"wp:attachment":[{"href":"https:\/\/lucacastelli.com\/fr\/wp-json\/wp\/v2\/media?parent=613022"}],"wp:term":[{"taxonomy":"product_brand","embeddable":true,"href":"https:\/\/lucacastelli.com\/fr\/wp-json\/wp\/v2\/product_brand?post=613022"},{"taxonomy":"product_cat","embeddable":true,"href":"https:\/\/lucacastelli.com\/fr\/wp-json\/wp\/v2\/product_cat?post=613022"},{"taxonomy":"product_tag","embeddable":true,"href":"https:\/\/lucacastelli.com\/fr\/wp-json\/wp\/v2\/product_tag?post=613022"}],"curies":[{"name":"wp","href":"https:\/\/api.w.org\/{rel}","templated":true}]}}