{"id":612992,"date":"2025-08-10T08:52:11","date_gmt":"2025-08-10T06:52:11","guid":{"rendered":"https:\/\/lucacastelli.com\/prodotto\/agrafeuse-de-toit-milwaukee-m18-fuel\/"},"modified":"2025-08-10T08:52:11","modified_gmt":"2025-08-10T06:52:11","slug":"agrafeuse-de-toit-milwaukee-m18-fuel","status":"publish","type":"product","link":"https:\/\/lucacastelli.com\/fr\/produit\/agrafeuse-de-toit-milwaukee-m18-fuel\/","title":{"rendered":"Agrafeuse de toit Milwaukee M18 FUEL"},"content":{"rendered":"<p>M18FRCN45-0X CLOUEUR DE TOITURE EN ROULEAU<br \/>\nNe n\u00e9cessite pas de cartouches de gaz ni de nettoyage, d\u00e9velopp\u00e9 pour \u00eatre utilis\u00e9 longtemps et de mani\u00e8re fiable par les utilisateurs les plus exigeants. N\u00e9cessite tr\u00e8s peu d&#8217;entretien ;Le verrouillage Dry-strike emp\u00eache le d\u00e9clenchement de l&#8217;outil lorsqu&#8217;il n&#8217;y a plus de clous dans le magasin ;La technologie des clous pr\u00eats \u00e0 tirer \u00e9limine le temps de d\u00e9marrage entre chaque d\u00e9clenchement de clou ;Deux modes permettent l&#8217;insertion s\u00e9quentielle pour la pr\u00e9cision ou l&#8217;activation par contact pour la rapidit\u00e9 avec une vitesse de manipulation allant jusqu&#8217;\u00e0 6 clous par seconde ;R\u00e9glage rapide et facile de la profondeur sans besoin d&#8217;outils pour s&#8217;assurer que les clous sont toujours compl\u00e8tement ins\u00e9r\u00e9s.;Tire jusqu&#8217;\u00e0 1 100 clous par charge avec une batterie REDLITHIUM\u2122 de 3,0 Ah pour une productivit\u00e9 maximale ;Capable d&#8217;accueillir des clous en rouleau de 19 \u00e0 45 mm de long avec un diam\u00e8tre de 3 mm et un diam\u00e8tre de t\u00eate de 10,1 \u00e0 10,5 mm avec une inclinaison de 15 degr\u00e9s (\u00b1 1) ;L&#8217;ADN de notre plateforme FUEL d\u00e9finit l&#8217;\u00e9quilibre des technologies sans fil. Le moteur sans balai POWERSTATE\u2122, le bloc-batterie REDLITHIUM\u2122 et l&#8217;intelligence \u00e9lectronique REDLINK PLUS\u2122 de Milwaukee\u00ae garantissent des performances, une autonomie et une durabilit\u00e9 exceptionnelles;Syst\u00e8me de batterie flexible : peut \u00eatre utilis\u00e9 avec toutes les batteries Milwaukee M18.<\/p>\n<p>4933498168<br \/>\n4058546520373<\/p>\n","protected":false},"excerpt":{"rendered":"<p>M18FRCN45-0X CLOUEUR DE TOITURE EN ROULEAU<\/p>\n","protected":false},"featured_media":587303,"template":"","meta":{"_seopress_robots_primary_cat":"","_seopress_titles_title":"","_seopress_titles_desc":"","_seopress_robots_index":""},"product_brand":[3658],"product_cat":[1459,1462,167],"product_tag":[3273],"class_list":{"0":"post-612992","1":"product","2":"type-product","3":"status-publish","4":"has-post-thumbnail","6":"product_brand-milwaukee-fr","7":"product_cat-accessoires-pour-cloueurs","8":"product_cat-cloueurs","9":"product_cat-machines","10":"product_tag-import-milwau-fr","11":"sws-conto-ricavi-merci-rivendita-macchinari-fr","12":"sws-gruppo-iva-iva81-fr","14":"first","15":"onbackorder","16":"sale","17":"shipping-taxable","18":"purchasable","19":"product-type-simple"},"_links":{"self":[{"href":"https:\/\/lucacastelli.com\/fr\/wp-json\/wp\/v2\/product\/612992","targetHints":{"allow":["GET"]}}],"collection":[{"href":"https:\/\/lucacastelli.com\/fr\/wp-json\/wp\/v2\/product"}],"about":[{"href":"https:\/\/lucacastelli.com\/fr\/wp-json\/wp\/v2\/types\/product"}],"wp:featuredmedia":[{"embeddable":true,"href":"https:\/\/lucacastelli.com\/fr\/wp-json\/wp\/v2\/media\/587303"}],"wp:attachment":[{"href":"https:\/\/lucacastelli.com\/fr\/wp-json\/wp\/v2\/media?parent=612992"}],"wp:term":[{"taxonomy":"product_brand","embeddable":true,"href":"https:\/\/lucacastelli.com\/fr\/wp-json\/wp\/v2\/product_brand?post=612992"},{"taxonomy":"product_cat","embeddable":true,"href":"https:\/\/lucacastelli.com\/fr\/wp-json\/wp\/v2\/product_cat?post=612992"},{"taxonomy":"product_tag","embeddable":true,"href":"https:\/\/lucacastelli.com\/fr\/wp-json\/wp\/v2\/product_tag?post=612992"}],"curies":[{"name":"wp","href":"https:\/\/api.w.org\/{rel}","templated":true}]}}