{"id":612987,"date":"2025-08-10T08:52:09","date_gmt":"2025-08-10T06:52:09","guid":{"rendered":"https:\/\/lucacastelli.com\/prodotto\/milwaukee-m18-fuel-cloueur-duplex\/"},"modified":"2025-08-10T08:52:09","modified_gmt":"2025-08-10T06:52:09","slug":"milwaukee-m18-fuel-cloueur-duplex","status":"publish","type":"product","link":"https:\/\/lucacastelli.com\/fr\/produit\/milwaukee-m18-fuel-cloueur-duplex\/","title":{"rendered":"Milwaukee M18 FUEL Cloueur Duplex"},"content":{"rendered":"<p>M18 FDN-0C\/CHIODATERS<br \/>\nTire des clous duplex Milwaukee\u00ae inclin\u00e9s \u00e0 21 degr\u00e9s dans les tailles suivantes 3,3 mm x 73 mm et 3,3 mm x 92 mm;La technologie &#8216;Ready to fire&#8217; permet un tir imm\u00e9diat d\u00e8s que l&#8217;on appuie sur la g\u00e2chette;Permet un travail plus efficace, plus rapide et plus s\u00fbr que les autres syst\u00e8mes (gaz\/pneumatique). Pas d&#8217;entretien ni de co\u00fbts suppl\u00e9mentaires (cartouches, nettoyage, etc.);Deux modes s\u00e9lectionnables entre le tir s\u00e9quentiel ou le tir unique;Aucun outil n&#8217;est n\u00e9cessaire pour r\u00e9gler la profondeur;L&#8217;outil se verrouille lorsque les clous du magasin sont termin\u00e9s afin d&#8217;\u00e9viter toute surcharge;Tire jusqu&#8217;\u00e0 700 clous duplex avec une batterie de 5,0 Ah;Puissance constante pour maintenir les clous ins\u00e9r\u00e9s \u00e0 la m\u00eame profondeur;Acc\u00e8s rapide pour nettoyer l&#8217;outil;La technologie FUEL red\u00e9finit l&#8217;outillage \u00e9lectrique sans fil. Le moteur sans balais, l&#8217;\u00e9lectronique REDLINK PLUS\u2122 et la batterie REDLITHIUM\u2122 offrent des performances et une durabilit\u00e9 sup\u00e9rieures;Fonctionne avec toutes les batteries M18 Milwaukee.  <\/p>\n<p>4933493600<br \/>\n4058546484712<\/p>\n","protected":false},"excerpt":{"rendered":"<p>M18 FDN-0C\/NAILERS<\/p>\n","protected":false},"featured_media":586407,"template":"","meta":{"_seopress_robots_primary_cat":"","_seopress_titles_title":"","_seopress_titles_desc":"","_seopress_robots_index":""},"product_brand":[3407],"product_cat":[29,552,553],"product_tag":[3270],"class_list":{"0":"post-612987","1":"product","2":"type-product","3":"status-publish","4":"has-post-thumbnail","6":"product_brand-milwaukee","7":"product_cat-macchinari","8":"product_cat-chiodatrici","9":"product_cat-accessori-per-chiodatrici","10":"product_tag-import-milwau","11":"sws-conto-ricavi-merci-rivendita-macchinari-fr","12":"sws-gruppo-iva-iva81-fr","14":"first","15":"onbackorder","16":"sale","17":"shipping-taxable","18":"purchasable","19":"product-type-simple"},"_links":{"self":[{"href":"https:\/\/lucacastelli.com\/fr\/wp-json\/wp\/v2\/product\/612987","targetHints":{"allow":["GET"]}}],"collection":[{"href":"https:\/\/lucacastelli.com\/fr\/wp-json\/wp\/v2\/product"}],"about":[{"href":"https:\/\/lucacastelli.com\/fr\/wp-json\/wp\/v2\/types\/product"}],"wp:featuredmedia":[{"embeddable":true,"href":"https:\/\/lucacastelli.com\/fr\/wp-json\/wp\/v2\/media\/586407"}],"wp:attachment":[{"href":"https:\/\/lucacastelli.com\/fr\/wp-json\/wp\/v2\/media?parent=612987"}],"wp:term":[{"taxonomy":"product_brand","embeddable":true,"href":"https:\/\/lucacastelli.com\/fr\/wp-json\/wp\/v2\/product_brand?post=612987"},{"taxonomy":"product_cat","embeddable":true,"href":"https:\/\/lucacastelli.com\/fr\/wp-json\/wp\/v2\/product_cat?post=612987"},{"taxonomy":"product_tag","embeddable":true,"href":"https:\/\/lucacastelli.com\/fr\/wp-json\/wp\/v2\/product_tag?post=612987"}],"curies":[{"name":"wp","href":"https:\/\/api.w.org\/{rel}","templated":true}]}}