{"id":612982,"date":"2025-08-10T17:12:36","date_gmt":"2025-08-10T15:12:36","guid":{"rendered":"https:\/\/lucacastelli.com\/prodotto\/milwaukee-tampon-dappui-diamante-m14\/"},"modified":"2025-08-10T17:12:36","modified_gmt":"2025-08-10T15:12:36","slug":"milwaukee-tampon-dappui-diamante-m14","status":"publish","type":"product","link":"https:\/\/lucacastelli.com\/fr\/produit\/milwaukee-tampon-dappui-diamante-m14\/","title":{"rendered":"Milwaukee Tampon d&#8217;appui diamant\u00e9 M14"},"content":{"rendered":"<p>Coupe de pon\u00e7age diamant\u00e9e M14 50mm-1pc<br \/>\nId\u00e9ale pour toutes les applications de pon\u00e7age et de chanfreinage dans les espaces confin\u00e9s;Pour enlever et niveler la colle \u00e0 carrelage;Pour le pon\u00e7age de diff\u00e9rents mat\u00e9riaux, par exemple le granit, la pierre, le gr\u00e8s c\u00e9rame, la c\u00e9ramique, le b\u00e9ton, la chape;Fixation M14 pour un montage direct sur la meuleuse;Dur\u00e9e de vie : diamant de haute qualit\u00e9 pour garantir une dur\u00e9e de vie maximale et offrir des performances de pon\u00e7age \u00e9lev\u00e9es<\/p>\n<p>4932479079<br \/>\n4058546368739<\/p>\n","protected":false},"excerpt":{"rendered":"<p>M14 Coupe de meulage diamant\u00e9e 50mm-1pc<\/p>\n","protected":false},"featured_media":543091,"template":"","meta":{"_seopress_robots_primary_cat":"","_seopress_titles_title":"","_seopress_titles_desc":"","_seopress_robots_index":""},"product_brand":[3407],"product_cat":[5531,29],"product_tag":[3270],"class_list":{"0":"post-612982","1":"product","2":"type-product","3":"status-publish","4":"has-post-thumbnail","6":"product_brand-milwaukee","7":"product_cat-vari-macchinari-milwaukee","8":"product_cat-macchinari","9":"product_tag-import-milwau","10":"sws-conto-ricavi-merci-rivendita-macchinari-fr","11":"sws-gruppo-iva-iva81-fr","13":"first","14":"onbackorder","15":"sale","16":"shipping-taxable","17":"purchasable","18":"product-type-simple"},"_links":{"self":[{"href":"https:\/\/lucacastelli.com\/fr\/wp-json\/wp\/v2\/product\/612982","targetHints":{"allow":["GET"]}}],"collection":[{"href":"https:\/\/lucacastelli.com\/fr\/wp-json\/wp\/v2\/product"}],"about":[{"href":"https:\/\/lucacastelli.com\/fr\/wp-json\/wp\/v2\/types\/product"}],"wp:featuredmedia":[{"embeddable":true,"href":"https:\/\/lucacastelli.com\/fr\/wp-json\/wp\/v2\/media\/543091"}],"wp:attachment":[{"href":"https:\/\/lucacastelli.com\/fr\/wp-json\/wp\/v2\/media?parent=612982"}],"wp:term":[{"taxonomy":"product_brand","embeddable":true,"href":"https:\/\/lucacastelli.com\/fr\/wp-json\/wp\/v2\/product_brand?post=612982"},{"taxonomy":"product_cat","embeddable":true,"href":"https:\/\/lucacastelli.com\/fr\/wp-json\/wp\/v2\/product_cat?post=612982"},{"taxonomy":"product_tag","embeddable":true,"href":"https:\/\/lucacastelli.com\/fr\/wp-json\/wp\/v2\/product_tag?post=612982"}],"curies":[{"name":"wp","href":"https:\/\/api.w.org\/{rel}","templated":true}]}}