{"id":612968,"date":"2025-08-10T16:53:56","date_gmt":"2025-08-10T14:53:56","guid":{"rendered":"https:\/\/lucacastelli.com\/prodotto\/milwaukee-coupe-bois-a-tete-plate-36\/"},"modified":"2025-08-10T16:53:56","modified_gmt":"2025-08-10T14:53:56","slug":"milwaukee-coupe-bois-a-tete-plate-36","status":"publish","type":"product","link":"https:\/\/lucacastelli.com\/fr\/produit\/milwaukee-coupe-bois-a-tete-plate-36\/","title":{"rendered":"MILWAUKEE Coupe-bois \u00e0 t\u00eate plate"},"content":{"rendered":"<p>Foret plat pour bois 40x152mm-1pc<br \/>\nPermet de percer rapidement et efficacement de grands diam\u00e8tres;Optimal pour une utilisation dans le bois tendre et dur, l&#8217;agglom\u00e9r\u00e9 (id\u00e9al pour les serrures);Id\u00e9al pour les cadres de fen\u00eatres et les installations de plomberie ou \u00e9lectriques;Tige hexagonale 1\/4Zoll (DIN E 6.3) pour une fixation directe \u00e0 l&#8217;outil \u00e9lectrique et un serrage s\u00fbr de la broche;Pointe de centrage rectifi\u00e9e pour un per\u00e7age pr\u00e9cis et ergots de coupe rectifi\u00e9s pour une meilleure performance de per\u00e7age<\/p>\n<p>4932479227<br \/>\n4058546370213<\/p>\n","protected":false},"excerpt":{"rendered":"<p>Foret plat pour le bois 40x152mm-1pc<\/p>\n","protected":false},"featured_media":543426,"template":"","meta":{"_seopress_robots_primary_cat":"","_seopress_titles_title":"","_seopress_titles_desc":"","_seopress_robots_index":""},"product_brand":[3407],"product_cat":[29,549,550],"product_tag":[3270],"class_list":{"0":"post-612968","1":"product","2":"type-product","3":"status-publish","4":"has-post-thumbnail","6":"product_brand-milwaukee","7":"product_cat-macchinari","8":"product_cat-trapani-e-avvitatori","9":"product_cat-accessori-per-trapani-ed-avvitatori","10":"product_tag-import-milwau","11":"sws-conto-ricavi-merci-rivendita-macchinari-fr","12":"sws-gruppo-iva-iva81-fr","14":"first","15":"onbackorder","16":"sale","17":"shipping-taxable","18":"purchasable","19":"product-type-simple"},"_links":{"self":[{"href":"https:\/\/lucacastelli.com\/fr\/wp-json\/wp\/v2\/product\/612968","targetHints":{"allow":["GET"]}}],"collection":[{"href":"https:\/\/lucacastelli.com\/fr\/wp-json\/wp\/v2\/product"}],"about":[{"href":"https:\/\/lucacastelli.com\/fr\/wp-json\/wp\/v2\/types\/product"}],"wp:featuredmedia":[{"embeddable":true,"href":"https:\/\/lucacastelli.com\/fr\/wp-json\/wp\/v2\/media\/543426"}],"wp:attachment":[{"href":"https:\/\/lucacastelli.com\/fr\/wp-json\/wp\/v2\/media?parent=612968"}],"wp:term":[{"taxonomy":"product_brand","embeddable":true,"href":"https:\/\/lucacastelli.com\/fr\/wp-json\/wp\/v2\/product_brand?post=612968"},{"taxonomy":"product_cat","embeddable":true,"href":"https:\/\/lucacastelli.com\/fr\/wp-json\/wp\/v2\/product_cat?post=612968"},{"taxonomy":"product_tag","embeddable":true,"href":"https:\/\/lucacastelli.com\/fr\/wp-json\/wp\/v2\/product_tag?post=612968"}],"curies":[{"name":"wp","href":"https:\/\/api.w.org\/{rel}","templated":true}]}}