{"id":612961,"date":"2025-08-10T16:53:53","date_gmt":"2025-08-10T14:53:53","guid":{"rendered":"https:\/\/lucacastelli.com\/prodotto\/milwaukee-vis-a-bois-coniques-3\/"},"modified":"2025-08-10T16:53:53","modified_gmt":"2025-08-10T14:53:53","slug":"milwaukee-vis-a-bois-coniques-3","status":"publish","type":"product","link":"https:\/\/lucacastelli.com\/fr\/produit\/milwaukee-vis-a-bois-coniques-3\/","title":{"rendered":"Milwaukee Vis \u00e0 bois coniques"},"content":{"rendered":"<p>Perceuse \u00e0 bois SpFeed 32x165mm-1pc<br \/>\nPointe plus performante qu&#8217;une mecha plate &#8211; per\u00e7age plus rapide, dur\u00e9e de vie plus longue et moins d&#8217;\u00e0-coups;Les deux dents coupantes \u00e0 l&#8217;extr\u00e9mit\u00e9 de la fente permettent une coupe plus rapide et plus nette sur tous les types de bois (tendre, dur, humide et trait\u00e9);La nouvelle conception de la pointe permet de r\u00e9aliser un trou plus pr\u00e9cis et plus net. Gr\u00e2ce \u00e0 ces caract\u00e9ristiques, ces perceuses peuvent \u00e9galement \u00eatre utilis\u00e9es dans des applications sur le bois dur et tendre, le bois humide et trait\u00e9, le contreplaqu\u00e9, l&#8217;agglom\u00e9r\u00e9, le teck, le h\u00eatre, le ch\u00eane, le WPC (composite de bois plastique), les poutres stratifi\u00e9es, les panneaux, etc.La rainure est ponc\u00e9e et rev\u00eatue d&#8217;une patine sp\u00e9ciale. <\/p>\n<p>4932479476<br \/>\n4058546372705<\/p>\n","protected":false},"excerpt":{"rendered":"<p>Foret \u00e0 bois SpFeed 32x165mm-1pc<\/p>\n","protected":false},"featured_media":543932,"template":"","meta":{"_seopress_robots_primary_cat":"","_seopress_titles_title":"","_seopress_titles_desc":"","_seopress_robots_index":""},"product_brand":[3407],"product_cat":[29,549,550],"product_tag":[3270],"class_list":{"0":"post-612961","1":"product","2":"type-product","3":"status-publish","4":"has-post-thumbnail","6":"product_brand-milwaukee","7":"product_cat-macchinari","8":"product_cat-trapani-e-avvitatori","9":"product_cat-accessori-per-trapani-ed-avvitatori","10":"product_tag-import-milwau","11":"sws-conto-ricavi-merci-rivendita-macchinari-fr","12":"sws-gruppo-iva-iva81-fr","14":"first","15":"onbackorder","16":"sale","17":"shipping-taxable","18":"purchasable","19":"product-type-simple"},"_links":{"self":[{"href":"https:\/\/lucacastelli.com\/fr\/wp-json\/wp\/v2\/product\/612961","targetHints":{"allow":["GET"]}}],"collection":[{"href":"https:\/\/lucacastelli.com\/fr\/wp-json\/wp\/v2\/product"}],"about":[{"href":"https:\/\/lucacastelli.com\/fr\/wp-json\/wp\/v2\/types\/product"}],"wp:featuredmedia":[{"embeddable":true,"href":"https:\/\/lucacastelli.com\/fr\/wp-json\/wp\/v2\/media\/543932"}],"wp:attachment":[{"href":"https:\/\/lucacastelli.com\/fr\/wp-json\/wp\/v2\/media?parent=612961"}],"wp:term":[{"taxonomy":"product_brand","embeddable":true,"href":"https:\/\/lucacastelli.com\/fr\/wp-json\/wp\/v2\/product_brand?post=612961"},{"taxonomy":"product_cat","embeddable":true,"href":"https:\/\/lucacastelli.com\/fr\/wp-json\/wp\/v2\/product_cat?post=612961"},{"taxonomy":"product_tag","embeddable":true,"href":"https:\/\/lucacastelli.com\/fr\/wp-json\/wp\/v2\/product_tag?post=612961"}],"curies":[{"name":"wp","href":"https:\/\/api.w.org\/{rel}","templated":true}]}}