{"id":612952,"date":"2025-08-10T16:53:48","date_gmt":"2025-08-10T14:53:48","guid":{"rendered":"https:\/\/lucacastelli.com\/prodotto\/milwaukee-porte-embouts-magnetique-4\/"},"modified":"2025-08-10T16:53:48","modified_gmt":"2025-08-10T14:53:48","slug":"milwaukee-porte-embouts-magnetique-4","status":"publish","type":"product","link":"https:\/\/lucacastelli.com\/fr\/produit\/milwaukee-porte-embouts-magnetique-4\/","title":{"rendered":"MILWAUKEE Porte-embouts magn\u00e9tique"},"content":{"rendered":"<p>PORTE-embouts MAGN.HEX 1\/4 305 MM -1pcs<br \/>\nAcier trait\u00e9 thermiquement con\u00e7u pour une r\u00e9sistance et une flexibilit\u00e9 maximales;Construction robuste r\u00e9sistant aux applications de vissage les plus lourdes;Serrage maximal m\u00eame dans les applications les plus lourdes<\/p>\n<p>4932471823<\/p>\n","protected":false},"excerpt":{"rendered":"<p>Porte-embouts MAGN.HEX 1\/4 305 MM -1pcs.<\/p>\n","protected":false},"featured_media":537986,"template":"","meta":{"_seopress_robots_primary_cat":"","_seopress_titles_title":"","_seopress_titles_desc":"","_seopress_robots_index":""},"product_brand":[3407],"product_cat":[29,549,550],"product_tag":[3270],"class_list":{"0":"post-612952","1":"product","2":"type-product","3":"status-publish","4":"has-post-thumbnail","6":"product_brand-milwaukee","7":"product_cat-macchinari","8":"product_cat-trapani-e-avvitatori","9":"product_cat-accessori-per-trapani-ed-avvitatori","10":"product_tag-import-milwau","11":"sws-conto-ricavi-merci-rivendita-macchinari-fr","12":"sws-gruppo-iva-iva81-fr","14":"first","15":"onbackorder","16":"sale","17":"shipping-taxable","18":"purchasable","19":"product-type-simple"},"_links":{"self":[{"href":"https:\/\/lucacastelli.com\/fr\/wp-json\/wp\/v2\/product\/612952","targetHints":{"allow":["GET"]}}],"collection":[{"href":"https:\/\/lucacastelli.com\/fr\/wp-json\/wp\/v2\/product"}],"about":[{"href":"https:\/\/lucacastelli.com\/fr\/wp-json\/wp\/v2\/types\/product"}],"wp:featuredmedia":[{"embeddable":true,"href":"https:\/\/lucacastelli.com\/fr\/wp-json\/wp\/v2\/media\/537986"}],"wp:attachment":[{"href":"https:\/\/lucacastelli.com\/fr\/wp-json\/wp\/v2\/media?parent=612952"}],"wp:term":[{"taxonomy":"product_brand","embeddable":true,"href":"https:\/\/lucacastelli.com\/fr\/wp-json\/wp\/v2\/product_brand?post=612952"},{"taxonomy":"product_cat","embeddable":true,"href":"https:\/\/lucacastelli.com\/fr\/wp-json\/wp\/v2\/product_cat?post=612952"},{"taxonomy":"product_tag","embeddable":true,"href":"https:\/\/lucacastelli.com\/fr\/wp-json\/wp\/v2\/product_tag?post=612952"}],"curies":[{"name":"wp","href":"https:\/\/api.w.org\/{rel}","templated":true}]}}