{"id":612945,"date":"2025-08-10T16:51:13","date_gmt":"2025-08-10T14:51:13","guid":{"rendered":"https:\/\/lucacastelli.com\/prodotto\/milwaukee-quik-lok-m18-fuel-outil-de-jardin-avec-extension-debroussailleuse-filaire\/"},"modified":"2025-08-10T16:51:13","modified_gmt":"2025-08-10T14:51:13","slug":"milwaukee-quik-lok-m18-fuel-outil-de-jardin-avec-extension-debroussailleuse-filaire","status":"publish","type":"product","link":"https:\/\/lucacastelli.com\/fr\/produit\/milwaukee-quik-lok-m18-fuel-outil-de-jardin-avec-extension-debroussailleuse-filaire\/","title":{"rendered":"Milwaukee QUIK-LOK\u2122 M18 FUEL outil de jardin avec extension d\u00e9broussailleuse filaire."},"content":{"rendered":"<p>M18 FOPHLTKIT2-0\/MULTIUTENSILE+ACC DECE<br \/>\n3 r\u00e9glages de vitesse avec g\u00e2chette \u00e0 vitesse variable, adapt\u00e9e \u00e0 de nombreuses applications;Syst\u00e8me polyvalent : l&#8217;unit\u00e9 motoris\u00e9e alimente de nombreuses extensions, pour diff\u00e9rentes applications;Offre la possibilit\u00e9 de passer d&#8217;un accessoire \u00e0 l&#8217;autre pour mener \u00e0 bien un large \u00e9ventail d&#8217;applications;Acc\u00e9l\u00e9ration compl\u00e8te en moins d&#8217;une seconde pour une puissance imm\u00e9diate;Poign\u00e9e auxiliaire r\u00e9glable, sangle et anneau de transport permettent d&#8217;installer l&#8217;outil pour un maximum de confort et de contr\u00f4le pour l&#8217;utilisateur;La technologie FUEL red\u00e9finit l&#8217;outillage \u00e9lectroportatif sans fil. Le moteur sans balais, l&#8217;\u00e9lectronique REDLINK PLUS\u2122 et le bloc-batterie REDLITHIUM\u2122 offrent des performances et une durabilit\u00e9 sup\u00e9rieures;Fonctionne avec toutes les batteries M18 MILWAUKEEE\u00ae. <\/p>\n<p>4933492663<br \/>\n4058546414139<\/p>\n","protected":false},"excerpt":{"rendered":"<p>M18 FOPHLTKIT2-0\/MULTI-TOOL+ACC DECE<\/p>\n","protected":false},"featured_media":583983,"template":"","meta":{"_seopress_robots_primary_cat":"","_seopress_titles_title":"","_seopress_titles_desc":"","_seopress_robots_index":""},"product_brand":[3407],"product_cat":[29,296],"product_tag":[3270],"class_list":{"0":"post-612945","1":"product","2":"type-product","3":"status-publish","4":"has-post-thumbnail","6":"product_brand-milwaukee","7":"product_cat-macchinari","8":"product_cat-sistemi-kombi-e-multi","9":"product_tag-import-milwau","10":"sws-conto-ricavi-merci-rivendita-macchinari-fr","11":"sws-gruppo-iva-iva81-fr","13":"first","14":"onbackorder","15":"sale","16":"shipping-taxable","17":"purchasable","18":"product-type-simple"},"_links":{"self":[{"href":"https:\/\/lucacastelli.com\/fr\/wp-json\/wp\/v2\/product\/612945","targetHints":{"allow":["GET"]}}],"collection":[{"href":"https:\/\/lucacastelli.com\/fr\/wp-json\/wp\/v2\/product"}],"about":[{"href":"https:\/\/lucacastelli.com\/fr\/wp-json\/wp\/v2\/types\/product"}],"wp:featuredmedia":[{"embeddable":true,"href":"https:\/\/lucacastelli.com\/fr\/wp-json\/wp\/v2\/media\/583983"}],"wp:attachment":[{"href":"https:\/\/lucacastelli.com\/fr\/wp-json\/wp\/v2\/media?parent=612945"}],"wp:term":[{"taxonomy":"product_brand","embeddable":true,"href":"https:\/\/lucacastelli.com\/fr\/wp-json\/wp\/v2\/product_brand?post=612945"},{"taxonomy":"product_cat","embeddable":true,"href":"https:\/\/lucacastelli.com\/fr\/wp-json\/wp\/v2\/product_cat?post=612945"},{"taxonomy":"product_tag","embeddable":true,"href":"https:\/\/lucacastelli.com\/fr\/wp-json\/wp\/v2\/product_tag?post=612945"}],"curies":[{"name":"wp","href":"https:\/\/api.w.org\/{rel}","templated":true}]}}