{"id":612938,"date":"2025-08-10T16:51:12","date_gmt":"2025-08-10T14:51:12","guid":{"rendered":"https:\/\/lucacastelli.com\/prodotto\/milwaukee-reciprocateur-pour-outil-multifonctionnel-de-jardin-m18-foph\/"},"modified":"2025-08-10T16:51:12","modified_gmt":"2025-08-10T14:51:12","slug":"milwaukee-reciprocateur-pour-outil-multifonctionnel-de-jardin-m18-foph","status":"publish","type":"product","link":"https:\/\/lucacastelli.com\/fr\/produit\/milwaukee-reciprocateur-pour-outil-multifonctionnel-de-jardin-m18-foph\/","title":{"rendered":"Milwaukee R\u00e9ciprocateur pour outil multifonctionnel de jardin M18 FOPH"},"content":{"rendered":"<p>M18 FOPH-RA \/MULTI-TOOL<br \/>\nElle atteint la pr\u00e9cision et la polyvalence, te permettant de couper en toute s\u00e9curit\u00e9 autour des obstacles, de cr\u00e9er des bordures parfaites sans d\u00e9bris et d&#8217;enlever sans effort les buissons et les arbustes l\u00e9gers;Fonctionne avec deux lames contre-rotatives, qui emp\u00eachent les objets de se soulever et garantissent une utilisation s\u00fbre dans les espaces confin\u00e9s et \u00e0 proximit\u00e9 des v\u00e9hicules;La largeur de coupe de 23 cm optimise le processus de travail, permettant un \u00e9lagage efficace et pr\u00e9cis ;Sp\u00e9cialement con\u00e7u pour le d\u00e9sherbage sur le gravier et les surfaces pav\u00e9es;Protection maximale de l&#8217;utilisateur, \u00e9galement assur\u00e9e par le prot\u00e8ge-pieds int\u00e9gr\u00e9;\u00c9quip\u00e9 d&#8217;une housse de rangement protectrice, qui offre une protection accrue et facilite le rangement et le transport;Rallonge r\u00e9ciproque pour l&#8217;outil multifonctionnel de jardin M18 FOPH.<\/p>\n<p>4932492669<br \/>\n4058546475406<\/p>\n","protected":false},"excerpt":{"rendered":"<p>M18 FOPH-RA \/MULTI-TOOL<\/p>\n","protected":false},"featured_media":557892,"template":"","meta":{"_seopress_robots_primary_cat":"","_seopress_titles_title":"","_seopress_titles_desc":"","_seopress_robots_index":""},"product_brand":[3407],"product_cat":[29,296],"product_tag":[3270],"class_list":{"0":"post-612938","1":"product","2":"type-product","3":"status-publish","4":"has-post-thumbnail","6":"product_brand-milwaukee","7":"product_cat-macchinari","8":"product_cat-sistemi-kombi-e-multi","9":"product_tag-import-milwau","10":"sws-conto-ricavi-merci-rivendita-macchinari-fr","11":"sws-gruppo-iva-iva81-fr","13":"first","14":"onbackorder","15":"sale","16":"shipping-taxable","17":"purchasable","18":"product-type-simple"},"_links":{"self":[{"href":"https:\/\/lucacastelli.com\/fr\/wp-json\/wp\/v2\/product\/612938","targetHints":{"allow":["GET"]}}],"collection":[{"href":"https:\/\/lucacastelli.com\/fr\/wp-json\/wp\/v2\/product"}],"about":[{"href":"https:\/\/lucacastelli.com\/fr\/wp-json\/wp\/v2\/types\/product"}],"wp:featuredmedia":[{"embeddable":true,"href":"https:\/\/lucacastelli.com\/fr\/wp-json\/wp\/v2\/media\/557892"}],"wp:attachment":[{"href":"https:\/\/lucacastelli.com\/fr\/wp-json\/wp\/v2\/media?parent=612938"}],"wp:term":[{"taxonomy":"product_brand","embeddable":true,"href":"https:\/\/lucacastelli.com\/fr\/wp-json\/wp\/v2\/product_brand?post=612938"},{"taxonomy":"product_cat","embeddable":true,"href":"https:\/\/lucacastelli.com\/fr\/wp-json\/wp\/v2\/product_cat?post=612938"},{"taxonomy":"product_tag","embeddable":true,"href":"https:\/\/lucacastelli.com\/fr\/wp-json\/wp\/v2\/product_tag?post=612938"}],"curies":[{"name":"wp","href":"https:\/\/api.w.org\/{rel}","templated":true}]}}