{"id":612924,"date":"2025-08-10T16:10:30","date_gmt":"2025-08-10T14:10:30","guid":{"rendered":"https:\/\/lucacastelli.com\/prodotto\/flexometre-milwaukee-serie-stud\/"},"modified":"2025-08-10T16:10:30","modified_gmt":"2025-08-10T14:10:30","slug":"flexometre-milwaukee-serie-stud","status":"publish","type":"product","link":"https:\/\/lucacastelli.com\/fr\/produit\/flexometre-milwaukee-serie-stud\/","title":{"rendered":"Flexom\u00e8tre Milwaukee &#8211; S\u00e9rie STUD\u2122"},"content":{"rendered":"<p>STUD FLEXOMETRE 8 m (m\u00e9trique) 1 pc<br \/>\nLa technologie du ruban EXO 360\u2122 assure une plus grande r\u00e9sistance \u00e0 la d\u00e9chirure et \u00e0 l&#8217;usure;L&#8217;aimant \u00e0 forte attraction permet une fixation facile sur les surfaces plates et rondes;Le ruban s&#8217;\u00e9tire jusqu&#8217;\u00e0 4 m avant de se plier;Rev\u00eatement anti-casse pour renforcer les 15 premiers cm du ruban.Ruban imprim\u00e9 double face pour une visibilit\u00e9 et une lisibilit\u00e9 accrues lors de l&#8217;application;But\u00e9e pour les doigts, prot\u00e8ge les doigts et permet un contr\u00f4le maximal du ruban lors du rembobinage;Bo\u00eetier ABS renforc\u00e9 pour r\u00e9sister aux chocs et durer plus longtemps;Clip pour attacher le flexom\u00e8tre \u00e0 la ceinture;Disposition pour une boucle de lani\u00e8re;Pr\u00e9cision de classe II.<\/p>\n<p>4932471627<br \/>\n4058546295264<\/p>\n","protected":false},"excerpt":{"rendered":"<p>STUD FLEXOMETRE 8 m (m\u00e9trique) 1 pc<\/p>\n","protected":false},"featured_media":537440,"template":"","meta":{"_seopress_robots_primary_cat":"","_seopress_titles_title":"","_seopress_titles_desc":"","_seopress_robots_index":""},"product_brand":[3407],"product_cat":[29,514,551],"product_tag":[3270],"class_list":{"0":"post-612924","1":"product","2":"type-product","3":"status-publish","4":"has-post-thumbnail","6":"product_brand-milwaukee","7":"product_cat-macchinari","8":"product_cat-altri-dispositivi","9":"product_cat-apparecchi-di-misurazione","10":"product_tag-import-milwau","11":"sws-conto-ricavi-merci-rivendita-macchinari-fr","12":"sws-gruppo-iva-iva81-fr","14":"first","15":"onbackorder","16":"shipping-taxable","17":"purchasable","18":"product-type-simple"},"_links":{"self":[{"href":"https:\/\/lucacastelli.com\/fr\/wp-json\/wp\/v2\/product\/612924","targetHints":{"allow":["GET"]}}],"collection":[{"href":"https:\/\/lucacastelli.com\/fr\/wp-json\/wp\/v2\/product"}],"about":[{"href":"https:\/\/lucacastelli.com\/fr\/wp-json\/wp\/v2\/types\/product"}],"wp:featuredmedia":[{"embeddable":true,"href":"https:\/\/lucacastelli.com\/fr\/wp-json\/wp\/v2\/media\/537440"}],"wp:attachment":[{"href":"https:\/\/lucacastelli.com\/fr\/wp-json\/wp\/v2\/media?parent=612924"}],"wp:term":[{"taxonomy":"product_brand","embeddable":true,"href":"https:\/\/lucacastelli.com\/fr\/wp-json\/wp\/v2\/product_brand?post=612924"},{"taxonomy":"product_cat","embeddable":true,"href":"https:\/\/lucacastelli.com\/fr\/wp-json\/wp\/v2\/product_cat?post=612924"},{"taxonomy":"product_tag","embeddable":true,"href":"https:\/\/lucacastelli.com\/fr\/wp-json\/wp\/v2\/product_tag?post=612924"}],"curies":[{"name":"wp","href":"https:\/\/api.w.org\/{rel}","templated":true}]}}