{"id":612911,"date":"2025-08-10T14:51:36","date_gmt":"2025-08-10T12:51:36","guid":{"rendered":"https:\/\/lucacastelli.com\/prodotto\/milwaukee-lacets-de-protection-contre-les-chutes-2\/"},"modified":"2025-08-10T14:51:36","modified_gmt":"2025-08-10T12:51:36","slug":"milwaukee-lacets-de-protection-contre-les-chutes-2","status":"publish","type":"product","link":"https:\/\/lucacastelli.com\/fr\/produit\/milwaukee-lacets-de-protection-contre-les-chutes-2\/","title":{"rendered":"Milwaukee Lacets de protection contre les chutes"},"content":{"rendered":"<p>LIGNE ANTIQUE. 6.8KG 1pcs<br \/>\nGr\u00e2ce \u00e0 la capacit\u00e9 d&#8217;absorption des chocs de la longe, l&#8217;outil ne rebondit pas et ralentit progressivement sa chute jusqu&#8217;\u00e0 l&#8217;arr\u00eat;Mousqueton \u00e0 double verrouillage pour un changement rapide de l&#8217;outil attach\u00e9;Mousqueton \u00e0 d\u00e9gagement rapide avec \u0153illet pivotant \u00e9vite l&#8217;enchev\u00eatrement et am\u00e9liore la mobilit\u00e9 de l&#8217;op\u00e9rateur;Diff\u00e9rentes couleurs identifient la capacit\u00e9 de maintien maximale de la longe;Grande polyvalence : il est possible, gr\u00e2ce aux accessoires de la longe antichute, de connecter tous les outils. <\/p>\n<p>4932471352<br \/>\n4058546289805<\/p>\n","protected":false},"excerpt":{"rendered":"<p>LACETS ANCIENS 6,8KG 1pcs <\/p>\n","protected":false},"featured_media":536384,"template":"","meta":{"_seopress_robots_primary_cat":"","_seopress_titles_title":"","_seopress_titles_desc":"","_seopress_robots_index":""},"product_brand":[3407],"product_cat":[5416,33],"product_tag":[3270],"class_list":{"0":"post-612911","1":"product","2":"type-product","3":"status-publish","4":"has-post-thumbnail","6":"product_brand-milwaukee","7":"product_cat-utensili-per-officina","8":"product_cat-attrezzature","9":"product_tag-import-milwau","10":"sws-conto-ricavi-merci-rivendita-macchinari-fr","11":"sws-gruppo-iva-iva81-fr","13":"first","14":"onbackorder","15":"sale","16":"shipping-taxable","17":"purchasable","18":"product-type-simple"},"_links":{"self":[{"href":"https:\/\/lucacastelli.com\/fr\/wp-json\/wp\/v2\/product\/612911","targetHints":{"allow":["GET"]}}],"collection":[{"href":"https:\/\/lucacastelli.com\/fr\/wp-json\/wp\/v2\/product"}],"about":[{"href":"https:\/\/lucacastelli.com\/fr\/wp-json\/wp\/v2\/types\/product"}],"wp:featuredmedia":[{"embeddable":true,"href":"https:\/\/lucacastelli.com\/fr\/wp-json\/wp\/v2\/media\/536384"}],"wp:attachment":[{"href":"https:\/\/lucacastelli.com\/fr\/wp-json\/wp\/v2\/media?parent=612911"}],"wp:term":[{"taxonomy":"product_brand","embeddable":true,"href":"https:\/\/lucacastelli.com\/fr\/wp-json\/wp\/v2\/product_brand?post=612911"},{"taxonomy":"product_cat","embeddable":true,"href":"https:\/\/lucacastelli.com\/fr\/wp-json\/wp\/v2\/product_cat?post=612911"},{"taxonomy":"product_tag","embeddable":true,"href":"https:\/\/lucacastelli.com\/fr\/wp-json\/wp\/v2\/product_tag?post=612911"}],"curies":[{"name":"wp","href":"https:\/\/api.w.org\/{rel}","templated":true}]}}