{"id":612910,"date":"2025-08-10T14:51:11","date_gmt":"2025-08-10T12:51:11","guid":{"rendered":"https:\/\/lucacastelli.com\/prodotto\/milwaukee-kit-de-demarrage-doutils-a-main-30-pieces\/"},"modified":"2025-08-10T14:51:11","modified_gmt":"2025-08-10T12:51:11","slug":"milwaukee-kit-de-demarrage-doutils-a-main-30-pieces","status":"publish","type":"product","link":"https:\/\/lucacastelli.com\/fr\/produit\/milwaukee-kit-de-demarrage-doutils-a-main-30-pieces\/","title":{"rendered":"Milwaukee Kit de d\u00e9marrage d&#8217;outils \u00e0 main 30 pi\u00e8ces"},"content":{"rendered":"<p>Kit de d\u00e9marrage d&#8217;outils \u00e0 main 30 pi\u00e8ces<br \/>\n4932498480 : bo\u00eete \u00e0 outils;4932459097 :Aimants &#8221;terres rares&#8221; amplifi\u00e9s pour une force magn\u00e9tique accrue;Large visibilit\u00e9 de la bulle avec indication de la pente;Fiole en acrylique renforc\u00e9e offrant une durabilit\u00e9 et une lisibilit\u00e9 maximales;Fente de compensation pour une mesure facile sur les joints de tuyaux soud\u00e9s;Conception optimis\u00e9e en V pour une stabilit\u00e9 maximale sur les tuyaux non ferreux;\u00c9chelle m\u00e9trique s\u00e9rigraphi\u00e9e au laser pour une mesure facile du mat\u00e9riau;Conception compacte et effil\u00e9e pour un rangement facile dans les poches et les bo\u00eetes \u00e0 outils;48227410:Roue molet\u00e9e pour une pr\u00e9cision et une tenue maximales. La m\u00e2choire ne revient pas une fois le r\u00e9glage effectu\u00e9;Chrom\u00e9 pour une meilleure protection contre la rouille;Poign\u00e9e ergonomique. Arrondi pour un maximum de confort pendant l&#8217;application;Conception \u00e0 t\u00eate fine pour atteindre les zones \u00e9troites;M\u00e2choires parall\u00e8les;Imprim\u00e9 au laser en pouces\/mm pour une pr\u00e9cision maximale;Trou de lacet sp\u00e9cial;4932492458 :M\u00e2choire \u00e0 double denture pour une prise maximale;M\u00e2choires durcies par induction avec verrouillage automatique pour \u00e9viter tout glissement;Dispositif de retenue des clous int\u00e9gr\u00e9;Conception assurant une r\u00e9sistance et une capacit\u00e9 de prise \u00e9lev\u00e9es;Bouton-poussoir pour des ajustements rapides et pr\u00e9cis;Doigts prot\u00e9g\u00e9s \u00e0 chaque point d&#8217;ajustement de la cr\u00e9maill\u00e8re;4932492773:L&#8217;ensemble contient : Pince universelle 180mm, Pince coupante diagonale 160mm, Pince \u00e0 long bec 205mm;48221961:Bloc de r\u00e9glage de la lame en m\u00e9tal qui permet une dur\u00e9e de vie jusqu&#8217;\u00e0 4 fois plus longue;R\u00e9glage de la lame jusqu&#8217;\u00e0 2 fois plus rapide gr\u00e2ce au bloc surdimensionn\u00e9;Renouvellement rapide et facile de la lame;Caoutchouc pour plus de confort et une grande adh\u00e9rence lors de l&#8217;application;Lame en carbure qui permet \u00e0 la lame d&#8217;avoir une dur\u00e9e de vie jusqu&#8217;\u00e0 2 fois plus longue que la lame classique, ce qui permet une grande pr\u00e9cision de coupe et une coupe nette;48220012 :Changement de lame sans cl\u00e9 jusqu&#8217;\u00e0 10 fois plus rapide;Conception compacte, id\u00e9ale pour une utilisation dans les espaces confin\u00e9s;Longueur de lame r\u00e9glable pour faciliter les applications de coupe \u00e0 ras;Poign\u00e9e caoutchout\u00e9e pour am\u00e9liorer le confort et la s\u00e9curit\u00e9 de l&#8217;utilisateur;Utilisable avec les lames 12Zoll;4932464664:Frein autolock : La bande se bloque automatiquement d\u00e8s qu&#8217;elle est tir\u00e9e;Rev\u00eatement en nylon pour une protection accrue contre les d\u00e9bris, la poussi\u00e8re et l&#8217;eau;Cadre renforc\u00e9 en 5 points;Bo\u00eetier en ABS avec softgrip pour plus de confort et de durabilit\u00e9;Design plus ergonomique et plus compact;Clip de ceinture;Classe de pr\u00e9cision II;4932471808 :Poign\u00e9e extr\u00eamement maniable qui permet \u00e0 l&#8217;utilisateur une manipulation confortable et rapide lors des applications;Marques d&#8217;identification toujours bien visibles pour identifier facilement le tournevis;Trou pour fixer le tournevis aux lacets de s\u00e9curit\u00e9;Embout en mat\u00e9riau magn\u00e9tique extr\u00eamement durable et pratique;Poign\u00e9e \u00e0 trois c\u00f4t\u00e9s pour \u00e9viter que le tournevis ne glisse entre les mains;Lame hexagonale pour pouvoir utiliser la cl\u00e9 \u00e0 molette afin d&#8217;exercer un plus grand effet de levier;4932492399 :\u00c9tui pivotant et verrouillable pour un acc\u00e8s facile aux cl\u00e9s;Extr\u00e9mit\u00e9 sph\u00e9rique pour un acc\u00e8s aux vis jusqu&#8217;\u00e0 30\u00b0;Diam\u00e8tres imprim\u00e9s sur l&#8217;\u00e9tui pour une identification facile;Disposition pour la longe antichute;4932478667:Manche en bois de noyer offrant une plus grande r\u00e9sistance aux vibrations;T\u00eate renforc\u00e9e pour une plus grande durabilit\u00e9;\u00c9quilibre parfait;DIN 1041.  <\/p>\n<p>4932498392<br \/>\n4058546522612<\/p>\n","protected":false},"excerpt":{"rendered":"<p>Ensemble de d\u00e9part d&#8217;outils \u00e0 main 30pc<\/p>\n","protected":false},"featured_media":567361,"template":"","meta":{"_seopress_robots_primary_cat":"","_seopress_titles_title":"","_seopress_titles_desc":"","_seopress_robots_index":""},"product_brand":[3658],"product_cat":[144,5417],"product_tag":[3273],"class_list":{"0":"post-612910","1":"product","2":"type-product","3":"status-publish","4":"has-post-thumbnail","6":"product_brand-milwaukee-fr","7":"product_cat-equipement","8":"product_cat-outils-pour-atelier","9":"product_tag-import-milwau-fr","10":"sws-conto-ricavi-merci-rivendita-macchinari-fr","11":"sws-gruppo-iva-iva81-fr","13":"first","14":"onbackorder","15":"sale","16":"shipping-taxable","17":"purchasable","18":"product-type-simple"},"_links":{"self":[{"href":"https:\/\/lucacastelli.com\/fr\/wp-json\/wp\/v2\/product\/612910","targetHints":{"allow":["GET"]}}],"collection":[{"href":"https:\/\/lucacastelli.com\/fr\/wp-json\/wp\/v2\/product"}],"about":[{"href":"https:\/\/lucacastelli.com\/fr\/wp-json\/wp\/v2\/types\/product"}],"wp:featuredmedia":[{"embeddable":true,"href":"https:\/\/lucacastelli.com\/fr\/wp-json\/wp\/v2\/media\/567361"}],"wp:attachment":[{"href":"https:\/\/lucacastelli.com\/fr\/wp-json\/wp\/v2\/media?parent=612910"}],"wp:term":[{"taxonomy":"product_brand","embeddable":true,"href":"https:\/\/lucacastelli.com\/fr\/wp-json\/wp\/v2\/product_brand?post=612910"},{"taxonomy":"product_cat","embeddable":true,"href":"https:\/\/lucacastelli.com\/fr\/wp-json\/wp\/v2\/product_cat?post=612910"},{"taxonomy":"product_tag","embeddable":true,"href":"https:\/\/lucacastelli.com\/fr\/wp-json\/wp\/v2\/product_tag?post=612910"}],"curies":[{"name":"wp","href":"https:\/\/api.w.org\/{rel}","templated":true}]}}