{"id":612885,"date":"2025-08-10T13:01:40","date_gmt":"2025-08-10T11:01:40","guid":{"rendered":"https:\/\/lucacastelli.com\/prodotto\/milwaukee-cable-fractionne-tres-resistant-32-mm-x-45-m\/"},"modified":"2025-08-10T13:01:40","modified_gmt":"2025-08-10T11:01:40","slug":"milwaukee-cable-fractionne-tres-resistant-32-mm-x-45-m","status":"publish","type":"product","link":"https:\/\/lucacastelli.com\/fr\/produit\/milwaukee-cable-fractionne-tres-resistant-32-mm-x-45-m\/","title":{"rendered":"Milwaukee C\u00e2ble fractionn\u00e9 tr\u00e8s r\u00e9sistant 32 mm x 4,5 m"},"content":{"rendered":"<p>FRAZI REINFORCED CABLE 32MM x 4.5M<br \/>\nSpirale dure pour le nettoyage des tuyaux vague avec enroulement ouvert diam\u00e8tre 32 mm x 4.5 m<\/p>\n<p>4932471711<br \/>\n4058546296100<\/p>\n","protected":false},"excerpt":{"rendered":"<p>FRAZI C\u00c2BLE RENFORC\u00c9 32MM x 4,5M<\/p>\n","protected":false},"featured_media":537548,"template":"","meta":{"_seopress_robots_primary_cat":"","_seopress_titles_title":"","_seopress_titles_desc":"","_seopress_robots_index":""},"product_brand":[3407],"product_cat":[5531,29],"product_tag":[3270],"class_list":{"0":"post-612885","1":"product","2":"type-product","3":"status-publish","4":"has-post-thumbnail","6":"product_brand-milwaukee","7":"product_cat-vari-macchinari-milwaukee","8":"product_cat-macchinari","9":"product_tag-import-milwau","10":"sws-conto-ricavi-merci-rivendita-macchinari-fr","11":"sws-gruppo-iva-iva81-fr","13":"first","14":"onbackorder","15":"sale","16":"shipping-taxable","17":"purchasable","18":"product-type-simple"},"_links":{"self":[{"href":"https:\/\/lucacastelli.com\/fr\/wp-json\/wp\/v2\/product\/612885","targetHints":{"allow":["GET"]}}],"collection":[{"href":"https:\/\/lucacastelli.com\/fr\/wp-json\/wp\/v2\/product"}],"about":[{"href":"https:\/\/lucacastelli.com\/fr\/wp-json\/wp\/v2\/types\/product"}],"wp:featuredmedia":[{"embeddable":true,"href":"https:\/\/lucacastelli.com\/fr\/wp-json\/wp\/v2\/media\/537548"}],"wp:attachment":[{"href":"https:\/\/lucacastelli.com\/fr\/wp-json\/wp\/v2\/media?parent=612885"}],"wp:term":[{"taxonomy":"product_brand","embeddable":true,"href":"https:\/\/lucacastelli.com\/fr\/wp-json\/wp\/v2\/product_brand?post=612885"},{"taxonomy":"product_cat","embeddable":true,"href":"https:\/\/lucacastelli.com\/fr\/wp-json\/wp\/v2\/product_cat?post=612885"},{"taxonomy":"product_tag","embeddable":true,"href":"https:\/\/lucacastelli.com\/fr\/wp-json\/wp\/v2\/product_tag?post=612885"}],"curies":[{"name":"wp","href":"https:\/\/api.w.org\/{rel}","templated":true}]}}