{"id":612880,"date":"2025-08-10T13:01:39","date_gmt":"2025-08-10T11:01:39","guid":{"rendered":"https:\/\/lucacastelli.com\/prodotto\/milwaukee-cable-a-ame-fendue-22-mm-x-45-m\/"},"modified":"2025-08-10T13:01:39","modified_gmt":"2025-08-10T11:01:39","slug":"milwaukee-cable-a-ame-fendue-22-mm-x-45-m","status":"publish","type":"product","link":"https:\/\/lucacastelli.com\/fr\/produit\/milwaukee-cable-a-ame-fendue-22-mm-x-45-m\/","title":{"rendered":"Milwaukee C\u00e2ble \u00e0 \u00e2me fendue 22 mm x 4,5 m"},"content":{"rendered":"<p>C\u00c2BLE \u00c0 \u00c2ME INTERNE 22MM X 4,5M<br \/>\nSpirale pour le nettoyage des tuyaux vague \u00e0 \u00e2me interne avec accouplement externe et enroulement ouvert diam\u00e8tre 16 mm x 4,5 m<\/p>\n<p>4932478415<br \/>\n4058546346065<\/p>\n","protected":false},"excerpt":{"rendered":"<p>C\u00c2BLE CENTRAL 22 MM X 4,5 M<\/p>\n","protected":false},"featured_media":537548,"template":"","meta":{"_seopress_robots_primary_cat":"","_seopress_titles_title":"","_seopress_titles_desc":"","_seopress_robots_index":""},"product_brand":[3407],"product_cat":[5531,29],"product_tag":[3270],"class_list":{"0":"post-612880","1":"product","2":"type-product","3":"status-publish","4":"has-post-thumbnail","6":"product_brand-milwaukee","7":"product_cat-vari-macchinari-milwaukee","8":"product_cat-macchinari","9":"product_tag-import-milwau","10":"sws-conto-ricavi-merci-rivendita-macchinari-fr","11":"sws-gruppo-iva-iva81-fr","13":"first","14":"onbackorder","15":"sale","16":"shipping-taxable","17":"purchasable","18":"product-type-simple"},"_links":{"self":[{"href":"https:\/\/lucacastelli.com\/fr\/wp-json\/wp\/v2\/product\/612880","targetHints":{"allow":["GET"]}}],"collection":[{"href":"https:\/\/lucacastelli.com\/fr\/wp-json\/wp\/v2\/product"}],"about":[{"href":"https:\/\/lucacastelli.com\/fr\/wp-json\/wp\/v2\/types\/product"}],"wp:featuredmedia":[{"embeddable":true,"href":"https:\/\/lucacastelli.com\/fr\/wp-json\/wp\/v2\/media\/537548"}],"wp:attachment":[{"href":"https:\/\/lucacastelli.com\/fr\/wp-json\/wp\/v2\/media?parent=612880"}],"wp:term":[{"taxonomy":"product_brand","embeddable":true,"href":"https:\/\/lucacastelli.com\/fr\/wp-json\/wp\/v2\/product_brand?post=612880"},{"taxonomy":"product_cat","embeddable":true,"href":"https:\/\/lucacastelli.com\/fr\/wp-json\/wp\/v2\/product_cat?post=612880"},{"taxonomy":"product_tag","embeddable":true,"href":"https:\/\/lucacastelli.com\/fr\/wp-json\/wp\/v2\/product_tag?post=612880"}],"curies":[{"name":"wp","href":"https:\/\/api.w.org\/{rel}","templated":true}]}}