{"id":612866,"date":"2025-08-10T13:01:35","date_gmt":"2025-08-10T11:01:35","guid":{"rendered":"https:\/\/lucacastelli.com\/prodotto\/milwaukee-23-m-de-cable-de-remplacement-pour-agrafeuse-a-grande-vitesse\/"},"modified":"2025-08-10T13:01:35","modified_gmt":"2025-08-10T11:01:35","slug":"milwaukee-23-m-de-cable-de-remplacement-pour-agrafeuse-a-grande-vitesse","status":"publish","type":"product","link":"https:\/\/lucacastelli.com\/fr\/produit\/milwaukee-23-m-de-cable-de-remplacement-pour-agrafeuse-a-grande-vitesse\/","title":{"rendered":"Milwaukee 23 m de c\u00e2ble de remplacement pour agrafeuse \u00e0 grande vitesse."},"content":{"rendered":"<p>C\u00e2ble de rechange\/ACC SIS HSFSM Stator<br \/>\nC\u00e2ble de rechange de 23 m avec bo\u00eetier de 8 mm pour stator \u00e0 grande vitesse avec onde flexible<\/p>\n<p>4932480723<br \/>\n4058546410087<\/p>\n","protected":false},"excerpt":{"rendered":"<p>C\u00e2ble de remplacement\/ACC SIS HSFSM Agrafeuse<\/p>\n","protected":false},"featured_media":553900,"template":"","meta":{"_seopress_robots_primary_cat":"","_seopress_titles_title":"","_seopress_titles_desc":"","_seopress_robots_index":""},"product_brand":[3407],"product_cat":[5531,29],"product_tag":[3270],"class_list":{"0":"post-612866","1":"product","2":"type-product","3":"status-publish","4":"has-post-thumbnail","6":"product_brand-milwaukee","7":"product_cat-vari-macchinari-milwaukee","8":"product_cat-macchinari","9":"product_tag-import-milwau","10":"sws-conto-ricavi-merci-rivendita-macchinari-fr","11":"sws-gruppo-iva-iva81-fr","13":"first","14":"onbackorder","15":"sale","16":"shipping-taxable","17":"purchasable","18":"product-type-simple"},"_links":{"self":[{"href":"https:\/\/lucacastelli.com\/fr\/wp-json\/wp\/v2\/product\/612866","targetHints":{"allow":["GET"]}}],"collection":[{"href":"https:\/\/lucacastelli.com\/fr\/wp-json\/wp\/v2\/product"}],"about":[{"href":"https:\/\/lucacastelli.com\/fr\/wp-json\/wp\/v2\/types\/product"}],"wp:featuredmedia":[{"embeddable":true,"href":"https:\/\/lucacastelli.com\/fr\/wp-json\/wp\/v2\/media\/553900"}],"wp:attachment":[{"href":"https:\/\/lucacastelli.com\/fr\/wp-json\/wp\/v2\/media?parent=612866"}],"wp:term":[{"taxonomy":"product_brand","embeddable":true,"href":"https:\/\/lucacastelli.com\/fr\/wp-json\/wp\/v2\/product_brand?post=612866"},{"taxonomy":"product_cat","embeddable":true,"href":"https:\/\/lucacastelli.com\/fr\/wp-json\/wp\/v2\/product_cat?post=612866"},{"taxonomy":"product_tag","embeddable":true,"href":"https:\/\/lucacastelli.com\/fr\/wp-json\/wp\/v2\/product_tag?post=612866"}],"curies":[{"name":"wp","href":"https:\/\/api.w.org\/{rel}","templated":true}]}}