{"id":612863,"date":"2025-08-10T13:01:33","date_gmt":"2025-08-10T11:01:33","guid":{"rendered":"https:\/\/lucacastelli.com\/prodotto\/milwaukee-chaine-de-75-mm-pour-agrafeuse-a-grande-vitesse-m18-hsfsm\/"},"modified":"2025-08-10T13:01:33","modified_gmt":"2025-08-10T11:01:33","slug":"milwaukee-chaine-de-75-mm-pour-agrafeuse-a-grande-vitesse-m18-hsfsm","status":"publish","type":"product","link":"https:\/\/lucacastelli.com\/fr\/produit\/milwaukee-chaine-de-75-mm-pour-agrafeuse-a-grande-vitesse-m18-hsfsm\/","title":{"rendered":"Milwaukee Cha\u00eene de 75 mm pour agrafeuse \u00e0 grande vitesse M18 HSFSM"},"content":{"rendered":"<p>Cha\u00eene 75\/ACC SIS HSFSM Stasers<br \/>\nCha\u00eene standard avec attache de 8 mm pour les stasers \u00e0 grande vitesse ; A utiliser dans les tuyaux en plastique et en PVC pour enlever la graisse ou les obstacles mous<\/p>\n<p>4932480726<br \/>\n4058546410117<\/p>\n","protected":false},"excerpt":{"rendered":"<p>Cha\u00eene 75\/ACC SIS HSFSM Agrafeuse<\/p>\n","protected":false},"featured_media":553923,"template":"","meta":{"_seopress_robots_primary_cat":"","_seopress_titles_title":"","_seopress_titles_desc":"","_seopress_robots_index":""},"product_brand":[3407],"product_cat":[5531,29],"product_tag":[3270],"class_list":{"0":"post-612863","1":"product","2":"type-product","3":"status-publish","4":"has-post-thumbnail","6":"product_brand-milwaukee","7":"product_cat-vari-macchinari-milwaukee","8":"product_cat-macchinari","9":"product_tag-import-milwau","10":"sws-conto-ricavi-merci-rivendita-macchinari-fr","11":"sws-gruppo-iva-iva81-fr","13":"first","14":"onbackorder","15":"sale","16":"shipping-taxable","17":"purchasable","18":"product-type-simple"},"_links":{"self":[{"href":"https:\/\/lucacastelli.com\/fr\/wp-json\/wp\/v2\/product\/612863","targetHints":{"allow":["GET"]}}],"collection":[{"href":"https:\/\/lucacastelli.com\/fr\/wp-json\/wp\/v2\/product"}],"about":[{"href":"https:\/\/lucacastelli.com\/fr\/wp-json\/wp\/v2\/types\/product"}],"wp:featuredmedia":[{"embeddable":true,"href":"https:\/\/lucacastelli.com\/fr\/wp-json\/wp\/v2\/media\/553923"}],"wp:attachment":[{"href":"https:\/\/lucacastelli.com\/fr\/wp-json\/wp\/v2\/media?parent=612863"}],"wp:term":[{"taxonomy":"product_brand","embeddable":true,"href":"https:\/\/lucacastelli.com\/fr\/wp-json\/wp\/v2\/product_brand?post=612863"},{"taxonomy":"product_cat","embeddable":true,"href":"https:\/\/lucacastelli.com\/fr\/wp-json\/wp\/v2\/product_cat?post=612863"},{"taxonomy":"product_tag","embeddable":true,"href":"https:\/\/lucacastelli.com\/fr\/wp-json\/wp\/v2\/product_tag?post=612863"}],"curies":[{"name":"wp","href":"https:\/\/api.w.org\/{rel}","templated":true}]}}